{"id":6009,"date":"2016-06-07T22:05:40","date_gmt":"2016-06-07T22:05:40","guid":{"rendered":"https:\/\/easymarketspartners.com\/marketing-tools\/"},"modified":"2025-12-30T07:19:22","modified_gmt":"2025-12-30T07:19:22","slug":"marketing-tools","status":"publish","type":"page","link":"https:\/\/easymarketspartners.com\/de\/marketing-tools\/","title":{"rendered":"Marketing Tools"},"content":{"rendered":"<p>[vc_row full_width=&#8221;stretch_row&#8221; bg_type=&#8221;image&#8221; css=&#8221;.vc_custom_1575547675979{margin-top: -80px !important;background-image: url(\/\/easymarketspartners.com\/wp-content\/uploads\/2019\/12\/MarketingToolsHero.png?id=1361) !important;}&#8221; el_id=&#8221;marketing-tools-row&#8221;][vc_column css_animation=&#8221;fadeIn&#8221; width=&#8221;1\/2&#8243; offset=&#8221;vc_col-xs-12&#8243;][vc_column_text]<\/p>\n<div class=\"marketing-tools-title-wrap\">\n<h1 class=\"marketing-tools-txt-title fancy-title entry-title start-animation-done start-animation\">Fachm\u00e4nnisch erstellte Marketingmaterialien<\/h1>\n<h2 class=\"marketing-tools-txt-subtitle fancy-subtitle start-animation-done start-animation\">+ Beispiellose kreative Innovation<\/h2>\n<\/div>\n<p>[\/vc_column_text][\/vc_column][vc_column width=&#8221;1\/2&#8243;][vc_single_image image=&#8221;9068&#8243; img_size=&#8221;full&#8221; css_animation=&#8221;slideInRight&#8221; lazy_loading=&#8221;true&#8221;][\/vc_column][\/vc_row][vc_row css=&#8221;.vc_custom_1565159356124{margin-bottom: 45px !important;padding-bottom: 45px !important;}&#8221;][vc_column][vc_column_text css=&#8221;.vc_custom_1667822588508{margin-bottom: 45px !important;}&#8221;]Sobald Sie sich beim easyMarkets-<a href=\"\/de\/programs\/\">Forex-Partnerprogramm<\/a> angemeldet haben, erhalten Sie Zugriff auf eine umfangreiche Bibliothek mit einigen der besten Marketing-Tools der Branche. Unsere visuelle Welt erfordert mutige, aufregende Botschaften und Bilder, um Ihnen zu helfen, die Konversion zu maximieren.[\/vc_column_text]<div class=\"btn-align-center\"><a href=\"javascript:void(0);\" class=\"default-btn-shortcode dt-btn dt-btn-l default-btn-bg-on default-btn-bg-hover-on cd-log_reg home cd-signup cta-partner-btn \" id=\"default-btn-715da226624389551beaa43990dc2744\"><span>ANMELDUNG<\/span><\/a><\/div>[\/vc_column][\/vc_row][vc_row css=&#8221;.vc_custom_1565159244306{margin-bottom: 45px !important;padding-bottom: 45px !important;}&#8221;][vc_column]<div id=\"ultimate-heading-919369dc3c175f4fa\" class=\"uvc-heading ult-adjust-bottom-margin ultimate-heading-919369dc3c175f4fa uvc-6695 \" data-hspacer=\"no_spacer\"  data-halign=\"center\" style=\"text-align:center\"><div class=\"uvc-heading-spacer no_spacer\" style=\"top\"><\/div><div class=\"uvc-main-heading ult-responsive\"  data-ultimate-target='.uvc-heading.ultimate-heading-919369dc3c175f4fa h2'  data-responsive-json-new='{\"font-size\":\"\",\"line-height\":\"\"}' ><h2 style=\"font-weight:normal;margin-bottom:20px;\">Mehrere M\u00f6glichkeiten zur Optimierung der Conversion<\/h2><\/div><\/div>[vc_column_text]Um sicher zu sein, wann immer Sie auf dem neuesten Stand sein \u2013 deshalb decken wir alle Arten von Marketingmaterialien ab, von statisch bis dynamisch. Alle Ihnen zur Verf\u00fcgung stehenden Materialien verf\u00fcgen \u00fcber Links, die die Aktivit\u00e4t Ihrer Empfehlungen genau nachfolgen.[\/vc_column_text][\/vc_column][\/vc_row][vc_row][vc_column][vc_accordion active_tab=&#8221;1&#8243; collapsible=&#8221;yes&#8221; title_size=&#8221;h5&#8243; style=&#8221;2&#8243;][vc_accordion_tab title=&#8221;Dynamische HTML 5-Banner&#8221; el_id=&#8221;marketing-tools-modal&#8221;][vc_row_inner][vc_column_inner width=&#8221;1\/4&#8243;][vc_single_image image=&#8221;5445&#8243; img_size=&#8221;full&#8221; alignment=&#8221;center&#8221; lazy_loading=&#8221;true&#8221;][\/vc_column_inner][vc_column_inner width=&#8221;1\/4&#8243;][vc_single_image image=&#8221;5447&#8243; img_size=&#8221;full&#8221; alignment=&#8221;center&#8221; lazy_loading=&#8221;true&#8221;][\/vc_column_inner][vc_column_inner width=&#8221;1\/4&#8243;][\/vc_column_inner][vc_column_inner width=&#8221;1\/4&#8243;][\/vc_column_inner][\/vc_row_inner][\/vc_accordion_tab][vc_accordion_tab title=&#8221;Logos&#8221;][vc_row_inner][vc_column_inner width=&#8221;1\/4&#8243;][vc_single_image image=&#8221;5094&#8243; img_size=&#8221;full&#8221; alignment=&#8221;center&#8221; lazy_loading=&#8221;true&#8221;][\/vc_column_inner][vc_column_inner width=&#8221;1\/4&#8243;][vc_single_image image=&#8221;5098&#8243; img_size=&#8221;full&#8221; alignment=&#8221;center&#8221; lazy_loading=&#8221;true&#8221;][\/vc_column_inner][vc_column_inner width=&#8221;1\/4&#8243;][vc_single_image image=&#8221;5102&#8243; img_size=&#8221;full&#8221; alignment=&#8221;center&#8221; lazy_loading=&#8221;true&#8221;][\/vc_column_inner][vc_column_inner width=&#8221;1\/4&#8243;][\/vc_column_inner][\/vc_row_inner][\/vc_accordion_tab][vc_accordion_tab title=&#8221;Startseiten&#8221;][vc_row_inner][vc_column_inner width=&#8221;1\/3&#8243;][vc_single_image image=&#8221;9108&#8243; img_size=&#8221;full&#8221; alignment=&#8221;center&#8221; lazy_loading=&#8221;true&#8221;][\/vc_column_inner][vc_column_inner width=&#8221;1\/3&#8243;][vc_single_image image=&#8221;9090&#8243; img_size=&#8221;full&#8221; alignment=&#8221;center&#8221; lazy_loading=&#8221;true&#8221;][\/vc_column_inner][vc_column_inner width=&#8221;1\/3&#8243;][vc_single_image image=&#8221;9099&#8243; img_size=&#8221;full&#8221; alignment=&#8221;center&#8221; lazy_loading=&#8221;true&#8221;][\/vc_column_inner][\/vc_row_inner][\/vc_accordion_tab][vc_accordion_tab title=&#8221;Videos&#8221;][vc_row_inner][vc_column_inner][\/vc_column_inner][\/vc_row_inner][\/vc_accordion_tab][vc_accordion_tab title=&#8221;Artikel&#8221;][vc_row_inner][vc_column_inner width=&#8221;1\/3&#8243;][vc_single_image image=&#8221;5139&#8243; img_size=&#8221;full&#8221; alignment=&#8221;center&#8221; lazy_loading=&#8221;true&#8221;][\/vc_column_inner][vc_column_inner width=&#8221;1\/3&#8243;][vc_single_image image=&#8221;5455&#8243; img_size=&#8221;full&#8221; alignment=&#8221;center&#8221; lazy_loading=&#8221;true&#8221;][\/vc_column_inner][vc_column_inner width=&#8221;1\/3&#8243;][\/vc_column_inner][\/vc_row_inner][\/vc_accordion_tab][vc_accordion_tab title=&#8221;Bewertungen&#8221;][vc_row_inner][vc_column_inner][vc_single_image image=&#8221;5118&#8243; img_size=&#8221;full&#8221; alignment=&#8221;center&#8221; lazy_loading=&#8221;true&#8221;][\/vc_column_inner][\/vc_row_inner][\/vc_accordion_tab][vc_accordion_tab title=&#8221;eBooks&#8221;][vc_row_inner][vc_column_inner width=&#8221;1\/5&#8243;][vc_single_image image=&#8221;5083&#8243; img_size=&#8221;full&#8221; alignment=&#8221;center&#8221; lazy_loading=&#8221;true&#8221;][\/vc_column_inner][vc_column_inner width=&#8221;1\/5&#8243;][vc_single_image image=&#8221;5087&#8243; img_size=&#8221;full&#8221; alignment=&#8221;center&#8221; lazy_loading=&#8221;true&#8221;][\/vc_column_inner][vc_column_inner width=&#8221;1\/5&#8243;][vc_single_image image=&#8221;5091&#8243; img_size=&#8221;full&#8221; alignment=&#8221;center&#8221; lazy_loading=&#8221;true&#8221;][\/vc_column_inner][vc_column_inner width=&#8221;1\/5&#8243;][\/vc_column_inner][vc_column_inner width=&#8221;1\/5&#8243;][\/vc_column_inner][\/vc_row_inner][\/vc_accordion_tab][\/vc_accordion][\/vc_column][\/vc_row]<\/p>\n","protected":false},"excerpt":{"rendered":"<p>[vc_row full_width=&#8221;stretch_row&#8221; bg_type=&#8221;image&#8221; css=&#8221;.vc_custom_1575547675979{margin-top: -80px !important;background-image: url(\/\/easymarketspartners.com\/wp-content\/uploads\/2019\/12\/MarketingToolsHero.png?id=1361) !important;}&#8221; el_id=&#8221;marketing-tools-row&#8221;][vc_column css_animation=&#8221;fadeIn&#8221; width=&#8221;1\/2&#8243; offset=&#8221;vc_col-xs-12&#8243;][vc_column_text] Fachm\u00e4nnisch erstellte Marketingmaterialien + Beispiellose kreative Innovation [\/vc_column_text][\/vc_column][vc_column width=&#8221;1\/2&#8243;][vc_single_image image=&#8221;9068&#8243; img_size=&#8221;full&#8221; css_animation=&#8221;slideInRight&#8221; lazy_loading=&#8221;true&#8221;][\/vc_column][\/vc_row][vc_row css=&#8221;.vc_custom_1565159356124{margin-bottom: 45px !important;padding-bottom: 45px !important;}&#8221;][vc_column][vc_column_text css=&#8221;.vc_custom_1667822588508{margin-bottom: 45px !important;}&#8221;]Sobald Sie sich beim easyMarkets-Forex-Partnerprogramm angemeldet haben, erhalten Sie Zugriff auf eine umfangreiche Bibliothek mit einigen der besten Marketing-Tools der Branche. Unsere visuelle&hellip;<\/p>\n","protected":false},"author":9,"featured_media":0,"parent":0,"menu_order":0,"comment_status":"closed","ping_status":"closed","template":"","meta":[],"yoast_head":"<!-- This site is optimized with the Yoast SEO plugin v19.6 - https:\/\/yoast.com\/wordpress\/plugins\/seo\/ -->\n<title>Forex-Affiliate-Marketing-Tools | easyMarkets-Partner<\/title>\n<meta name=\"description\" content=\"Erfahren Sie mehr \u00fcber die Marketing-Tools, die mit easyMarkets Affiliates verf\u00fcgbar sind. Holen Sie sich die besten Marketingmaterialien, um Ihre Conversions zu maximieren.\" \/>\n<meta name=\"robots\" content=\"index, follow, max-snippet:-1, max-image-preview:large, max-video-preview:-1\" \/>\n<link rel=\"canonical\" href=\"https:\/\/easymarketspartners.com\/de\/marketing-tools\/\" \/>\n<meta property=\"og:locale\" content=\"de_DE\" \/>\n<meta property=\"og:type\" content=\"article\" \/>\n<meta property=\"og:title\" content=\"Forex-Affiliate-Marketing-Tools | easyMarkets-Partner\" \/>\n<meta property=\"og:description\" content=\"Erfahren Sie mehr \u00fcber die Marketing-Tools, die mit easyMarkets Affiliates verf\u00fcgbar sind. Holen Sie sich die besten Marketingmaterialien, um Ihre Conversions zu maximieren.\" \/>\n<meta property=\"og:url\" content=\"https:\/\/easymarketspartners.com\/de\/marketing-tools\/\" \/>\n<meta property=\"og:site_name\" content=\"easyMarkets Partners\" \/>\n<meta property=\"article:modified_time\" content=\"2025-12-30T07:19:22+00:00\" \/>\n<meta name=\"twitter:card\" content=\"summary_large_image\" \/>\n<meta name=\"twitter:label1\" content=\"Est. reading time\" \/>\n\t<meta name=\"twitter:data1\" content=\"1 minute\" \/>\n<script type=\"application\/ld+json\" class=\"yoast-schema-graph\">{\"@context\":\"https:\/\/schema.org\",\"@graph\":[{\"@type\":\"WebPage\",\"@id\":\"https:\/\/easymarketspartners.com\/de\/marketing-tools\/\",\"url\":\"https:\/\/easymarketspartners.com\/de\/marketing-tools\/\",\"name\":\"Forex-Affiliate-Marketing-Tools | easyMarkets-Partner\",\"isPartOf\":{\"@id\":\"https:\/\/easymarketspartners.com\/#website\"},\"datePublished\":\"2016-06-07T22:05:40+00:00\",\"dateModified\":\"2025-12-30T07:19:22+00:00\",\"description\":\"Erfahren Sie mehr \u00fcber die Marketing-Tools, die mit easyMarkets Affiliates verf\u00fcgbar sind. Holen Sie sich die besten Marketingmaterialien, um Ihre Conversions zu maximieren.\",\"breadcrumb\":{\"@id\":\"https:\/\/easymarketspartners.com\/de\/marketing-tools\/#breadcrumb\"},\"inLanguage\":\"de-DE\",\"potentialAction\":[{\"@type\":\"ReadAction\",\"target\":[\"https:\/\/easymarketspartners.com\/de\/marketing-tools\/\"]}]},{\"@type\":\"BreadcrumbList\",\"@id\":\"https:\/\/easymarketspartners.com\/de\/marketing-tools\/#breadcrumb\",\"itemListElement\":[{\"@type\":\"ListItem\",\"position\":1,\"name\":\"Home\",\"item\":\"https:\/\/easymarketspartners.com\/de\/\"},{\"@type\":\"ListItem\",\"position\":2,\"name\":\"Marketing Tools\"}]},{\"@type\":\"WebSite\",\"@id\":\"https:\/\/easymarketspartners.com\/#website\",\"url\":\"https:\/\/easymarketspartners.com\/\",\"name\":\"easyMarkets Partners\",\"description\":\"Fast Payouts,  Competitive CPA\",\"potentialAction\":[{\"@type\":\"SearchAction\",\"target\":{\"@type\":\"EntryPoint\",\"urlTemplate\":\"https:\/\/easymarketspartners.com\/?s={search_term_string}\"},\"query-input\":\"required name=search_term_string\"}],\"inLanguage\":\"de-DE\"}]}<\/script>\n<!-- \/ Yoast SEO plugin. -->","yoast_head_json":{"title":"Forex-Affiliate-Marketing-Tools | easyMarkets-Partner","description":"Erfahren Sie mehr \u00fcber die Marketing-Tools, die mit easyMarkets Affiliates verf\u00fcgbar sind. Holen Sie sich die besten Marketingmaterialien, um Ihre Conversions zu maximieren.","robots":{"index":"index","follow":"follow","max-snippet":"max-snippet:-1","max-image-preview":"max-image-preview:large","max-video-preview":"max-video-preview:-1"},"canonical":"https:\/\/easymarketspartners.com\/de\/marketing-tools\/","og_locale":"de_DE","og_type":"article","og_title":"Forex-Affiliate-Marketing-Tools | easyMarkets-Partner","og_description":"Erfahren Sie mehr \u00fcber die Marketing-Tools, die mit easyMarkets Affiliates verf\u00fcgbar sind. Holen Sie sich die besten Marketingmaterialien, um Ihre Conversions zu maximieren.","og_url":"https:\/\/easymarketspartners.com\/de\/marketing-tools\/","og_site_name":"easyMarkets Partners","article_modified_time":"2025-12-30T07:19:22+00:00","twitter_card":"summary_large_image","twitter_misc":{"Est. reading time":"1 minute"},"schema":{"@context":"https:\/\/schema.org","@graph":[{"@type":"WebPage","@id":"https:\/\/easymarketspartners.com\/de\/marketing-tools\/","url":"https:\/\/easymarketspartners.com\/de\/marketing-tools\/","name":"Forex-Affiliate-Marketing-Tools | easyMarkets-Partner","isPartOf":{"@id":"https:\/\/easymarketspartners.com\/#website"},"datePublished":"2016-06-07T22:05:40+00:00","dateModified":"2025-12-30T07:19:22+00:00","description":"Erfahren Sie mehr \u00fcber die Marketing-Tools, die mit easyMarkets Affiliates verf\u00fcgbar sind. Holen Sie sich die besten Marketingmaterialien, um Ihre Conversions zu maximieren.","breadcrumb":{"@id":"https:\/\/easymarketspartners.com\/de\/marketing-tools\/#breadcrumb"},"inLanguage":"de-DE","potentialAction":[{"@type":"ReadAction","target":["https:\/\/easymarketspartners.com\/de\/marketing-tools\/"]}]},{"@type":"BreadcrumbList","@id":"https:\/\/easymarketspartners.com\/de\/marketing-tools\/#breadcrumb","itemListElement":[{"@type":"ListItem","position":1,"name":"Home","item":"https:\/\/easymarketspartners.com\/de\/"},{"@type":"ListItem","position":2,"name":"Marketing Tools"}]},{"@type":"WebSite","@id":"https:\/\/easymarketspartners.com\/#website","url":"https:\/\/easymarketspartners.com\/","name":"easyMarkets Partners","description":"Fast Payouts,  Competitive CPA","potentialAction":[{"@type":"SearchAction","target":{"@type":"EntryPoint","urlTemplate":"https:\/\/easymarketspartners.com\/?s={search_term_string}"},"query-input":"required name=search_term_string"}],"inLanguage":"de-DE"}]}},"_links":{"self":[{"href":"https:\/\/easymarketspartners.com\/de\/wp-json\/wp\/v2\/pages\/6009"}],"collection":[{"href":"https:\/\/easymarketspartners.com\/de\/wp-json\/wp\/v2\/pages"}],"about":[{"href":"https:\/\/easymarketspartners.com\/de\/wp-json\/wp\/v2\/types\/page"}],"author":[{"embeddable":true,"href":"https:\/\/easymarketspartners.com\/de\/wp-json\/wp\/v2\/users\/9"}],"replies":[{"embeddable":true,"href":"https:\/\/easymarketspartners.com\/de\/wp-json\/wp\/v2\/comments?post=6009"}],"version-history":[{"count":9,"href":"https:\/\/easymarketspartners.com\/de\/wp-json\/wp\/v2\/pages\/6009\/revisions"}],"predecessor-version":[{"id":9140,"href":"https:\/\/easymarketspartners.com\/de\/wp-json\/wp\/v2\/pages\/6009\/revisions\/9140"}],"wp:attachment":[{"href":"https:\/\/easymarketspartners.com\/de\/wp-json\/wp\/v2\/media?parent=6009"}],"curies":[{"name":"wp","href":"https:\/\/api.w.org\/{rel}","templated":true}]}}