{"id":6021,"date":"2016-06-08T00:07:04","date_gmt":"2016-06-08T00:07:04","guid":{"rendered":"https:\/\/easymarketspartners.com\/payment-plans\/"},"modified":"2025-10-03T09:35:36","modified_gmt":"2025-10-03T09:35:36","slug":"payment-plans","status":"publish","type":"page","link":"https:\/\/easymarketspartners.com\/de\/payment-plans\/","title":{"rendered":"Payment Plans"},"content":{"rendered":"<p>[vc_row][vc_column][vc_column_text css=&#8221;.vc_custom_1667812107500{border-bottom-width: 50px !important;}&#8221;]<\/p>\n<p style=\"text-align: center;\">easyMarkets bietet schnelle und einfache Auszahlungen und einige der wettbewerbsf\u00e4higsten Provisionspl\u00e4ne der Branche.<\/p>\n<p style=\"text-align: center;\">Plus die Aufmerksamkeit von easyMarkets f\u00fcr den Partnersupport und die Unterst\u00fctzung stellen ein hohes Konversionsniveau sicher.<\/p>\n<p>[\/vc_column_text][vc_column_text css=&#8221;.vc_custom_1667812888259{margin-bottom: 30px !important;}&#8221;]<\/p>\n<h1 style=\"text-align: center;\"><strong><span style=\"color: #84c561;\">CPA-<\/span><span style=\"color: #075c8f;\">Modell<\/span><\/strong><\/h1>\n<p>[\/vc_column_text][vc_column_text css=&#8221;.vc_custom_1667812194574{margin-bottom: 50px !important;}&#8221;]<\/p>\n<p style=\"text-align: center;\">easyMarkets CPA Plan geh\u00f6rt zu den bestbezahlten in der Branche. Was ist CPA? Es steht f\u00fcr <strong>Cost Per Activated<\/strong> User.<\/p>\n<p style=\"text-align: center;\">Unser erfahrenes Verkaufsteam wandelt Ihre Leads in aktivierte Benutzer um und maximiert so Ihre Bem\u00fchungen, Empfehlungen und nat\u00fcrlich Ihre CPA-Provision.<\/p>\n<p>[\/vc_column_text][\/vc_column][\/vc_row][vc_row][vc_column width=&#8221;1\/12&#8243;][\/vc_column][vc_column width=&#8221;5\/6&#8243; el_class=&#8221;com-plans&#8221;][vc_raw_html]JTNDZGl2JTIwY2xhc3MlM0QlMjJ0YWJsZS1yZXNwb25zaXZlJTIyJTNFJTBBJTNDdGFibGUlMjBjbGFzcyUzRCUyMnRhYmxlJTIwdGFibGUtYm9yZGVyZWQlMjIlM0UlMEElMjAlMjAlM0N0aGVhZCUzRSUwQSUyMCUyMCUyMCUyMCUzQ3RyJTNFJTBBJTIwJTIwJTIwJTIwJTIwJTIwJTNDdGglMjBzY29wZSUzRCUyMmNvbCUyMiUzRUtvbW1pc3Npb25zcGwlQzMlQTRuZSUzQyUyRnRoJTNFJTBBJTIwJTIwJTIwJTIwJTIwJTIwJTNDdGglMjBzY29wZSUzRCUyMmNvbCUyMiUzRUNQQSUzQyUyRnRoJTNFJTBBJTIwJTIwJTIwJTIwJTNDJTJGdHIlM0UlMEElMjAlMjAlM0MlMkZ0aGVhZCUzRSUwQSUyMCUyMCUzQ3Rib2R5JTNFJTBBJTIwJTIwJTIwJTIwJTNDdHIlM0UlMEElMjAlMjAlMjAlMjAlMjAlMjAlM0N0ZCUzRSUzQ3N0cm9uZyUzRUJlc3RlcyUyMEFuZ2Vib3QlM0MlMkZzdHJvbmclM0UlM0MlMkZ0ZCUzRSUwQSUyMCUyMCUyMCUyMCUyMCUyMCUzQ3RkJTNFJTNDc3Ryb25nJTNFJTI0MTAwMCUzQyUyRnN0cm9uZyUzRSUzQyUyRnRkJTNFJTBBJTIwJTIwJTIwJTIwJTNDJTJGdHIlM0UlMEElMjAlMjAlMjAlMjAlM0N0ciUzRSUwQSUyMCUyMCUyMCUyMCUyMCUyMCUzQ3RkJTNFVE9QLVRpZXItMS1MJUMzJUE0bmRlciUzQyUyRnRkJTNFJTBBJTIwJTIwJTIwJTIwJTIwJTIwJTNDdGQlM0UlMjQ2MDAlM0MlMkZ0ZCUzRSUwQSUyMCUyMCUyMCUyMCUzQyUyRnRyJTNFJTBBJTIwJTIwJTIwJTIwJTNDdHIlM0UlMEElMjAlMjAlMjAlMjAlMjAlMjAlM0N0ZCUzRVRpZXItMS1MJUMzJUE0bmRlciUzQyUyRnRkJTNFJTBBJTIwJTIwJTIwJTIwJTIwJTIwJTNDdGQlM0UlMjQ0MDAlM0MlMkZ0ZCUzRSUwQSUyMCUyMCUyMCUyMCUzQyUyRnRyJTNFJTBBJTNDdHIlM0UlMEElMjAlMjAlMjAlMjAlMjAlMjAlM0N0ZCUzRVRpZXItMi1MJUMzJUE0bmRlciUzQyUyRnRkJTNFJTBBJTIwJTIwJTIwJTIwJTIwJTIwJTNDdGQlM0UlMjQyMDAlM0MlMkZ0ZCUzRSUwQSUyMCUyMCUyMCUyMCUzQyUyRnRyJTNFJTBBJTIwJTIwJTNDJTJGdGJvZHklM0UlMEElM0MlMkZ0YWJsZSUzRSUwQSUzQyUyRmRpdiUzRQ==[\/vc_raw_html][\/vc_column][vc_column width=&#8221;1\/12&#8243;][\/vc_column][vc_column css=&#8221;.vc_custom_1578580001087{padding-bottom: 50px !important;}&#8221;]<div class=\"btn-align-center\"><a href=\"javascript:void(0);\" class=\"default-btn-shortcode dt-btn dt-btn-l default-btn-bg-on default-btn-bg-hover-on cd-log_reg home cd-signup cta-partner-btn  vc_custom_1667812569008\" id=\"default-btn-3567da8416266cdfb5c59970593aebea\"><span>HIER ANMELDEN<\/span><\/a><\/div>[vc_column_text]<\/p>\n<p style=\"text-align: center;\">Eine weitere Aufschl\u00fcsselung der Stufen finden Sie im <a href=\"https:\/\/easymarketspartners.com\/wp-content\/uploads\/2025\/10\/Affiliate_Booklet_ROW.pdf\" target=\"_blank\" rel=\"noopener noreferrer\">Affiliate-Provisionsheft<\/a><\/p>\n<p>[\/vc_column_text][\/vc_column][\/vc_row][vc_section full_width=&#8221;stretch_row&#8221; css=&#8221;.vc_custom_1579618866408{margin-bottom: 50px !important;padding-top: 50px !important;background-color: #f2f7f9 !important;}&#8221;][vc_row][vc_column width=&#8221;1\/2&#8243;][vc_column_text css=&#8221;.vc_custom_1667812875346{margin-bottom: 30px !important;}&#8221;]<\/p>\n<h1 style=\"text-align: center;\"><strong><span style=\"color: #84c561;\">CPL-<\/span><span style=\"color: #075c8f;\">Modell<\/span><\/strong><\/h1>\n<p>[\/vc_column_text][vc_column_text css=&#8221;.vc_custom_1667812808846{margin-bottom: 30px !important;}&#8221;]<\/p>\n<p style=\"text-align: center;\">Ein beliebtes und weit verbreitetes Affiliate-Modell, bei dem f\u00fcr jeden telefonisch verifizierten Lead eine Provision gezahlt wird.<\/p>\n<p style=\"text-align: center;\">Unser einstufiger Registrierungstrichter gew\u00e4hrleistet hohe Konversionsraten, die sich in mehr Affiliate-Einnahmen f\u00fcr Sie niederschlagen.<\/p>\n<p>[\/vc_column_text][\/vc_column][vc_column width=&#8221;1\/2&#8243;][vc_column_text css=&#8221;.vc_custom_1667812854574{margin-bottom: 30px !important;}&#8221;]<\/p>\n<h1 style=\"text-align: center;\"><strong><span style=\"color: #84c561;\">CPI-<\/span><span style=\"color: #075c8f;\">Modell<\/span><\/strong><\/h1>\n<p>[\/vc_column_text][vc_column_text css=&#8221;.vc_custom_1667812920907{margin-bottom: 50px !important;}&#8221;]<\/p>\n<p style=\"text-align: center;\">Verdienen Sie Einnahmen f\u00fcr jede erfolgreiche Installation unserer App \u00fcber Ihren Empfehlungslink. Dies ist ein gro\u00dfartiges Modell f\u00fcr Partner, die sich auf mobilen Datenverkehr konzentrieren oder versuchen, den Umsatz \u00fcber einen anderen Kanal zu steigern.<\/p>\n<p>[\/vc_column_text][\/vc_column][\/vc_row][vc_row css=&#8221;.vc_custom_1579619470404{padding-bottom: 20px !important;}&#8221;][vc_column]<div class=\"btn-align-center\"><a href=\"javascript:void(0);\" class=\"default-btn-shortcode dt-btn dt-btn-l default-btn-bg-on default-btn-bg-hover-on cd-log_reg home cd-signup cta-partner-btn dt-btn-blue  vc_custom_1667813049176\" id=\"default-btn-f4b41c5dec53f2250992aa8d23b353c3\"><span>HIER ANMELDEN<\/span><\/a><\/div>[vc_column_text]<\/p>\n<p style=\"text-align: center;\" align=\"center\">F\u00fcr weitere Informationen lesen Sie bitte die <a href=\"https:\/\/easymarketspartners.com\/wp-content\/uploads\/2025\/10\/AFFILIATION-AGREEMENT_20250930.pdf\" target=\"_blank\" rel=\"noopener\">Kooperationsvereinbarung<\/a> oder <a href=\"\/de\/contact\/\">kontaktieren Sie uns<\/a>.<\/p>\n<p>[\/vc_column_text][\/vc_column][\/vc_row][\/vc_section][vc_row][vc_column width=&#8221;1\/2&#8243;][vc_column_text css=&#8221;.vc_custom_1667813111103{margin-bottom: 30px !important;}&#8221;]<\/p>\n<h1 style=\"text-align: center;\"><strong><span style=\"color: #84c561;\">Spread-Share<\/span><span style=\"color: #075c8f;\">-Modell<\/span><\/strong><\/h1>\n<p>[\/vc_column_text][vc_column_text css=&#8221;.vc_custom_1667813123510{margin-bottom: 50px !important;}&#8221;]<\/p>\n<p style=\"text-align: center;\">Verdienen Sie an den Handelsaktivit\u00e4ten Ihrer Kunden und erhalten Sie bis zu 40 % der Spreads auf die Transaktionen jedes Kunden.<\/p>\n<p>[\/vc_column_text][\/vc_column][vc_column width=&#8221;1\/2&#8243;][vc_column_text css=&#8221;.vc_custom_1667813398027{margin-bottom: 30px !important;}&#8221;]<\/p>\n<h1 style=\"text-align: center;\"><strong><span style=\"color: #075c8f;\">Tier-<\/span><span style=\"color: #84c561;\">2<\/span><\/strong><\/h1>\n<p>[\/vc_column_text][vc_column_text css=&#8221;.vc_custom_1667813417850{margin-bottom: 50px !important;}&#8221;]<\/p>\n<p style=\"text-align: center;\">easyMarkets bietet eine 2. Tier-Ebene f\u00fcr Affiliates an. Wenn Sie ein Partner der 2. Tier werden, stellen Sie andere Partner unserem Programm vor und Sie erhalten eine Provision auf deren Einnahmen. Ihre Provision wird mit wettbewerbsf\u00e4higen 10 % des Umsatzes Ihrer geworbenen Partner berechnet.<\/p>\n<p>[\/vc_column_text][\/vc_column][\/vc_row][vc_section][\/vc_section][vc_row disable_element=&#8221;yes&#8221;][vc_column][vc_column_text]<style type=\"text\/css\">#go-pricing-table-796 .gw-go { margin-left:-12px; } #go-pricing-table-796 .gw-go-col { margin-left:12px; } #go-pricing-table-796 .gw-go-col-wrap { min-width:130px; } #go-pricing-table-796 .gw-go-col-inner { border-radius:0 0 0 0; } #go-pricing-table-796 ul.gw-go-body,  #go-pricing-table-796 ul.gw-go-body li { border:none !important; padding-top:1px; } #go-pricing-table-796 ul.gw-go-body li .gw-go-body-cell { padding-top:1px; } #go-pricing-table-796 ul.gw-go-body { padding-bottom:1px; } #go-pricing-table-796 .gw-go-tooltip-content { background-color:#333333;color:#ffffff;max-width:130px; } #go-pricing-table-796 .gw-go-tooltip:before { border-top-color:#333333; } #go-pricing-table-796 .gw-go-col-wrap-0 .gw-go-body li { color:#323132; } #go-pricing-table-796 .gw-go-col-wrap-0 .gw-go-body li.gw-go-even .gw-go-body-cell:before, #go-pricing-table-796 .gw-go-col-wrap-0 .gw-go-btn { background-color:#323132; } #go-pricing-table-796 .gw-go-col-wrap-0 .gw-go-body li[data-row-index=\"0\"] { font-size:14px !important; line-height:20px !important; } #go-pricing-table-796 .gw-go-col-wrap-0 .gw-go-footer-row[data-row-index=\"0\"]  { font-size:12px !important; line-height:16px !important; } #go-pricing-table-796 .gw-go-col-wrap-0 .gw-go-footer-row[data-row-index=\"1\"]  { font-size:12px !important; line-height:16px !important; } #go-pricing-table-796 .gw-go-col-wrap-1 .gw-go-body li { color:#323132; } #go-pricing-table-796 .gw-go-col-wrap-1 .gw-go-body li.gw-go-even .gw-go-body-cell:before, #go-pricing-table-796 .gw-go-col-wrap-1 .gw-go-btn { background-color:#323132; } #go-pricing-table-796 .gw-go-col-wrap-1 .gw-go-body li[data-row-index=\"0\"] { font-size:14px !important; line-height:20px !important; } #go-pricing-table-796 .gw-go-col-wrap-1 .gw-go-footer-row[data-row-index=\"0\"]  { font-size:12px !important; line-height:16px !important; } #go-pricing-table-796 .gw-go-col-wrap-1 .gw-go-footer-row[data-row-index=\"1\"]  { font-size:12px !important; line-height:16px !important; } #go-pricing-table-796 .gw-go-col-wrap-2 .gw-go-body li { color:#323132; } #go-pricing-table-796 .gw-go-col-wrap-2 .gw-go-body li.gw-go-even .gw-go-body-cell:before, #go-pricing-table-796 .gw-go-col-wrap-2 .gw-go-btn { background-color:#323132; } #go-pricing-table-796 .gw-go-col-wrap-2 .gw-go-body li[data-row-index=\"0\"] { font-size:14px !important; line-height:20px !important; } #go-pricing-table-796 .gw-go-col-wrap-2 .gw-go-footer-row[data-row-index=\"0\"]  { font-size:12px !important; line-height:16px !important; } #go-pricing-table-796 .gw-go-col-wrap-2 .gw-go-footer-row[data-row-index=\"1\"]  { font-size:12px !important; line-height:16px !important; } #go-pricing-table-796 .gw-go { visibility:inherit; } #go-pricing-table-796 .gw-go.gw-go-enlarge-current .gw-go-col-wrap.gw-go-hover .gw-go-footer-spacer,  #go-pricing-table-796 .gw-go.gw-go-enlarge-current.gw-go-hover .gw-go-col-wrap.gw-go-hover .gw-go-footer-spacer {    height: 15px;} #go-pricing-table-796 .gw-go-col.gw-go-clean-style15 .gw-go-body > li {    background: #ffffff;  } #go-pricing-table-796 .gw-go-col[class*=\"gw-go-clean-style\"] .gw-go-col-inner {  border-radius: 5px;    border: none;    border-bottom: none;  -webkit-box-shadow: 0 0 16px 1px rgba(0,0,0,.05);    box-shadow: 0 0 16px 1px rgba(0,0,0,.05);      -webkit-transition: .3s;    transition: .3s;   } #go-pricing-table-796 .gw-go-col[class*=\"gw-go-clean-style\"] .gw-go-col-inner:hover {  border-radius: 5px;    border: none;    border-bottom: none;      -webkit-box-shadow: 0 0 24px 1px rgba(0,0,0,.15);    box-shadow: 0 0 24px 1px rgba(0,0,0,.15);    -webkit-transform: translateY(-4px);    transform: translateY(-4px);   } #go-pricing-table-796 .btn{background: #075c8f !important;    color: #fff !important;    outline: none;    box-shadow: none;    display: inline-block;    margin-bottom: 0;    font-weight: 600;    text-align: center;    white-space: nowrap;    vertical-align: middle;    -ms-touch-action: manipulation;    touch-action: manipulation;    cursor: pointer;    background-image: none;    border: 1px solid transparent;    padding: 16px 68px;    font-size: 20px;    line-height: 1.42857143;    border-radius: 4px;    -webkit-user-select: none;    -moz-user-select: none;    -ms-user-select: none;    user-select: none;      -webkit-transition: .3s;    transition: .3s;} #go-pricing-table-796 .btn:hover{background: #80c061  !important;    color: #fff !important;    outline: none;    box-shadow: none;    display: inline-block;    margin-bottom: 0;    font-weight: 600;    text-align: center;    white-space: nowrap;    vertical-align: middle;    -ms-touch-action: manipulation;    touch-action: manipulation;    cursor: pointer;    background-image: none;    border: 1px solid transparent;    padding: 16px 68px;    font-size: 20px;    line-height: 1.42857143;    border-radius: 4px;    -webkit-user-select: none;    -moz-user-select: none;    -ms-user-select: none;    user-select: none;} #go-pricing-table-796 .gw-go-footer-wrap {    min-height: 165px;} #go-pricing-table-796 .bottom-txt{padding:25px 25px 0;}<\/style><style>@media only screen and (min-width: 480px) and (max-width: 767px) { #go-pricing-table-796 .gw-go-col-wrap { width:100%; } }<\/style><style>@media only screen and (min-width: 0px) and (max-width: 479px) { #go-pricing-table-796 .gw-go-col-wrap { width:100%; } }<\/style><div id=\"go-pricing-table-796\" class=\"go-pricing\" style=\"margin-bottom:20px;\"><div class=\"gw-go gw-go-clearfix gw-go-enlarge-current gw-go-3cols\" data-id=\"796\" data-colnum=\"3\" data-equalize=\"{&quot;footer&quot;:&quot;1&quot;,&quot;column&quot;:&quot;1&quot;}\" data-views=\"{&quot;tp&quot;:{&quot;min&quot;:&quot;768&quot;,&quot;max&quot;:&quot;959&quot;,&quot;cols&quot;:&quot;&quot;},&quot;ml&quot;:{&quot;min&quot;:&quot;480&quot;,&quot;max&quot;:&quot;767&quot;,&quot;cols&quot;:&quot;1&quot;},&quot;mp&quot;:{&quot;min&quot;:&quot;0&quot;,&quot;max&quot;:&quot;479&quot;,&quot;cols&quot;:&quot;1&quot;}}\"><div class=\"gw-go-col-wrap gw-go-col-wrap-0 gw-go-disable-hover\" data-col-index=\"0\"><div class=\"gw-go-col gw-go-clean-style15\"><div class=\"gw-go-col-inner\"><div class=\"gw-go-col-inner-layer\"><\/div><div class=\"gw-go-col-inner-layer-over\"><\/div><div class=\"gw-go-header\"><div class=\"gw-go-header gw-go-header-standard\" style=\"height:98px; background: #404041;\"><div style=\"position:absolute; top: 35px; font-size:27px !important;  line-height: 22px; font-weight: 600 !important; text-align:center; width:100%; color:#fff\">CPL Model<\/div><\/div><\/div><ul class=\"gw-go-body\"><li data-row-index=\"0\"><div class=\"gw-go-body-cell\"><p style=\"padding:25px;\">A popular and widely offered affiliate model, commission is paid for each phone-verified lead. Our one-step registration funnel ensures high conversion rates that translates into more affiliate revenue for you.<\/p><\/div><\/li><\/ul><div class=\"gw-go-footer-wrap\"><div class=\"gw-go-footer-spacer\"><\/div><div class=\"gw-go-footer\"><div class=\"gw-go-footer-rows\"><div class=\"gw-go-footer-row\" data-row-index=\"0\"><div class=\"gw-go-footer-row-inner\"><div class=\"cd-log_reg home\">\r\n<a style=\"text-decoration:none;\" class=\"cd-signup btn\" href=\"javascript:void(0);\">Sign Up<\/a>\r\n<\/div><\/div><\/div><div class=\"gw-go-footer-row gw-go-even\" data-row-index=\"1\"><div class=\"gw-go-footer-row-inner\"><p class=\"bottom-txt\">For more information please contact easyMarkets Partner Consultant<\/p><\/div><\/div><\/div><\/div><\/div><\/div><\/div><\/div><div class=\"gw-go-col-wrap gw-go-col-wrap-1 gw-go-hover gw-go-disable-hover\" data-current=\"1\" data-col-index=\"1\"><div class=\"gw-go-col gw-go-clean-style15\"><div class=\"gw-go-col-inner\"><div class=\"gw-go-col-inner-layer\"><\/div><div class=\"gw-go-col-inner-layer-over\"><\/div><div class=\"gw-go-header\"><div class=\"gw-go-header gw-go-header-standard\" style=\"height:98px; background: #80c061;\"><div style=\"position:absolute; top: 35px; font-size:27px !important;  line-height: 22px; font-weight: 600 !important; text-align:center; width:100%; color:#fff\">CPA Model<\/div><\/div><\/div><ul class=\"gw-go-body\"><li data-row-index=\"0\"><div class=\"gw-go-body-cell\"><p style=\"padding:25px;\">easyMarkets CPA Plan is amongst the highest paying in the industry. What is CPA? It stands for <span style=\"font-weight:600;\">Cost Per Activated<\/span> user. Our experienced sales team will convert your leads into activated users, maximizing both your efforts, referrals and of course your CPA commission.<\/p><\/div><\/li><\/ul><div class=\"gw-go-footer-wrap\"><div class=\"gw-go-footer-spacer\"><\/div><div class=\"gw-go-footer\"><div class=\"gw-go-footer-rows\"><div class=\"gw-go-footer-row\" data-row-index=\"0\"><div class=\"gw-go-footer-row-inner\"><div class=\"cd-log_reg home\">\r\n<a style=\"text-decoration:none;\" class=\"cd-signup btn\" href=\"javascript:void(0);\">Sign Up<\/a>\r\n<\/div><\/div><\/div><div class=\"gw-go-footer-row gw-go-even\" data-row-index=\"1\"><div class=\"gw-go-footer-row-inner\"><p class=\"bottom-txt\">Please refer to <a target=\"_blank\" href=\"\/wp-content\/uploads\/2019\/11\/Affiliate-Commission-Booklet-EN2-11-19.pdf\">Affiliate Comission Booklet<\/a> for further breakdown of Tiers<\/p><\/div><\/div><\/div><\/div><\/div><\/div><\/div><\/div><div class=\"gw-go-col-wrap gw-go-col-wrap-2 gw-go-disable-hover\" data-col-index=\"2\"><div class=\"gw-go-col gw-go-clean-style15\"><div class=\"gw-go-col-inner\"><div class=\"gw-go-col-inner-layer\"><\/div><div class=\"gw-go-col-inner-layer-over\"><\/div><div class=\"gw-go-header\"><div class=\"gw-go-header gw-go-header-standard\" style=\"height:98px; background: #404041;\"><div style=\"position:absolute; top: 35px; font-size:27px !important;  line-height: 22px; font-weight: 600 !important; text-align:center; width:100%; color:#fff\">2nd Tier<\/div><\/div><\/div><ul class=\"gw-go-body\"><li data-row-index=\"0\"><div class=\"gw-go-body-cell\"><p style=\"padding:25px;\">easyMarkets offers a 2nd Tier level for Affiliates. When you become a 2nd Tier Affiliate you introduce other affiliates to our program and you get paid commission on their revenue.<\/p><\/div><\/li><\/ul><div class=\"gw-go-footer-wrap\"><div class=\"gw-go-footer-spacer\"><\/div><div class=\"gw-go-footer\"><div class=\"gw-go-footer-rows\"><div class=\"gw-go-footer-row\" data-row-index=\"0\"><div class=\"gw-go-footer-row-inner\"><div class=\"cd-log_reg home\">\r\n<a style=\"text-decoration:none;\" class=\"cd-signup btn\" href=\"javascript:void(0);\">Sign Up<\/a>\r\n<\/div><\/div><\/div><div class=\"gw-go-footer-row gw-go-even\" data-row-index=\"1\"><div class=\"gw-go-footer-row-inner\"><p class=\"bottom-txt\">Your commission is calculated at a competitive 10% of your referred affiliates revenue.<\/p><\/div><\/div><\/div><\/div><\/div><\/div><\/div><\/div><\/div><\/div>[\/vc_column_text][\/vc_column][\/vc_row]<\/p>\n","protected":false},"excerpt":{"rendered":"<p>[vc_row][vc_column][vc_column_text css=&#8221;.vc_custom_1667812107500{border-bottom-width: 50px !important;}&#8221;] easyMarkets bietet schnelle und einfache Auszahlungen und einige der wettbewerbsf\u00e4higsten Provisionspl\u00e4ne der Branche. Plus die Aufmerksamkeit von easyMarkets f\u00fcr den Partnersupport und die Unterst\u00fctzung stellen ein hohes Konversionsniveau sicher. [\/vc_column_text][vc_column_text css=&#8221;.vc_custom_1667812888259{margin-bottom: 30px !important;}&#8221;] CPA-Modell [\/vc_column_text][vc_column_text css=&#8221;.vc_custom_1667812194574{margin-bottom: 50px !important;}&#8221;] easyMarkets CPA Plan geh\u00f6rt zu den bestbezahlten in der Branche. Was ist CPA?&hellip;<\/p>\n","protected":false},"author":9,"featured_media":0,"parent":0,"menu_order":0,"comment_status":"closed","ping_status":"closed","template":"","meta":[],"yoast_head":"<!-- This site is optimized with the Yoast SEO plugin v19.6 - https:\/\/yoast.com\/wordpress\/plugins\/seo\/ -->\n<title>Forex-Affiliate-Provisionen | CPA | CPL | Zahlungspl\u00e4ne | easyMarkets-Partner<\/title>\n<meta name=\"description\" content=\"Erfahren Sie mehr \u00fcber die Forex-Affiliate-Zahlungspl\u00e4ne von easyMarkets Affiliates. Erfahren Sie hier mehr.\" \/>\n<meta name=\"robots\" content=\"index, follow, max-snippet:-1, max-image-preview:large, max-video-preview:-1\" \/>\n<link rel=\"canonical\" href=\"https:\/\/easymarketspartners.com\/de\/payment-plans\/\" \/>\n<meta property=\"og:locale\" content=\"de_DE\" \/>\n<meta property=\"og:type\" content=\"article\" \/>\n<meta property=\"og:title\" content=\"Forex-Affiliate-Provisionen | CPA | CPL | Zahlungspl\u00e4ne | easyMarkets-Partner\" \/>\n<meta property=\"og:description\" content=\"Erfahren Sie mehr \u00fcber die Forex-Affiliate-Zahlungspl\u00e4ne von easyMarkets Affiliates. Erfahren Sie hier mehr.\" \/>\n<meta property=\"og:url\" content=\"https:\/\/easymarketspartners.com\/de\/payment-plans\/\" \/>\n<meta property=\"og:site_name\" content=\"easyMarkets Partners\" \/>\n<meta property=\"article:modified_time\" content=\"2025-10-03T09:35:36+00:00\" \/>\n<meta name=\"twitter:card\" content=\"summary_large_image\" \/>\n<meta name=\"twitter:label1\" content=\"Est. reading time\" \/>\n\t<meta name=\"twitter:data1\" content=\"2 minutes\" \/>\n<script type=\"application\/ld+json\" class=\"yoast-schema-graph\">{\"@context\":\"https:\/\/schema.org\",\"@graph\":[{\"@type\":\"WebPage\",\"@id\":\"https:\/\/easymarketspartners.com\/de\/payment-plans\/\",\"url\":\"https:\/\/easymarketspartners.com\/de\/payment-plans\/\",\"name\":\"Forex-Affiliate-Provisionen | CPA | CPL | Zahlungspl\u00e4ne | easyMarkets-Partner\",\"isPartOf\":{\"@id\":\"https:\/\/easymarketspartners.com\/#website\"},\"datePublished\":\"2016-06-08T00:07:04+00:00\",\"dateModified\":\"2025-10-03T09:35:36+00:00\",\"description\":\"Erfahren Sie mehr \u00fcber die Forex-Affiliate-Zahlungspl\u00e4ne von easyMarkets Affiliates. Erfahren Sie hier mehr.\",\"breadcrumb\":{\"@id\":\"https:\/\/easymarketspartners.com\/de\/payment-plans\/#breadcrumb\"},\"inLanguage\":\"de-DE\",\"potentialAction\":[{\"@type\":\"ReadAction\",\"target\":[\"https:\/\/easymarketspartners.com\/de\/payment-plans\/\"]}]},{\"@type\":\"BreadcrumbList\",\"@id\":\"https:\/\/easymarketspartners.com\/de\/payment-plans\/#breadcrumb\",\"itemListElement\":[{\"@type\":\"ListItem\",\"position\":1,\"name\":\"Home\",\"item\":\"https:\/\/easymarketspartners.com\/de\/\"},{\"@type\":\"ListItem\",\"position\":2,\"name\":\"Payment Plans\"}]},{\"@type\":\"WebSite\",\"@id\":\"https:\/\/easymarketspartners.com\/#website\",\"url\":\"https:\/\/easymarketspartners.com\/\",\"name\":\"easyMarkets Partners\",\"description\":\"Fast Payouts,  Competitive CPA\",\"potentialAction\":[{\"@type\":\"SearchAction\",\"target\":{\"@type\":\"EntryPoint\",\"urlTemplate\":\"https:\/\/easymarketspartners.com\/?s={search_term_string}\"},\"query-input\":\"required name=search_term_string\"}],\"inLanguage\":\"de-DE\"}]}<\/script>\n<!-- \/ Yoast SEO plugin. -->","yoast_head_json":{"title":"Forex-Affiliate-Provisionen | CPA | CPL | Zahlungspl\u00e4ne | easyMarkets-Partner","description":"Erfahren Sie mehr \u00fcber die Forex-Affiliate-Zahlungspl\u00e4ne von easyMarkets Affiliates. Erfahren Sie hier mehr.","robots":{"index":"index","follow":"follow","max-snippet":"max-snippet:-1","max-image-preview":"max-image-preview:large","max-video-preview":"max-video-preview:-1"},"canonical":"https:\/\/easymarketspartners.com\/de\/payment-plans\/","og_locale":"de_DE","og_type":"article","og_title":"Forex-Affiliate-Provisionen | CPA | CPL | Zahlungspl\u00e4ne | easyMarkets-Partner","og_description":"Erfahren Sie mehr \u00fcber die Forex-Affiliate-Zahlungspl\u00e4ne von easyMarkets Affiliates. Erfahren Sie hier mehr.","og_url":"https:\/\/easymarketspartners.com\/de\/payment-plans\/","og_site_name":"easyMarkets Partners","article_modified_time":"2025-10-03T09:35:36+00:00","twitter_card":"summary_large_image","twitter_misc":{"Est. reading time":"2 minutes"},"schema":{"@context":"https:\/\/schema.org","@graph":[{"@type":"WebPage","@id":"https:\/\/easymarketspartners.com\/de\/payment-plans\/","url":"https:\/\/easymarketspartners.com\/de\/payment-plans\/","name":"Forex-Affiliate-Provisionen | CPA | CPL | Zahlungspl\u00e4ne | easyMarkets-Partner","isPartOf":{"@id":"https:\/\/easymarketspartners.com\/#website"},"datePublished":"2016-06-08T00:07:04+00:00","dateModified":"2025-10-03T09:35:36+00:00","description":"Erfahren Sie mehr \u00fcber die Forex-Affiliate-Zahlungspl\u00e4ne von easyMarkets Affiliates. Erfahren Sie hier mehr.","breadcrumb":{"@id":"https:\/\/easymarketspartners.com\/de\/payment-plans\/#breadcrumb"},"inLanguage":"de-DE","potentialAction":[{"@type":"ReadAction","target":["https:\/\/easymarketspartners.com\/de\/payment-plans\/"]}]},{"@type":"BreadcrumbList","@id":"https:\/\/easymarketspartners.com\/de\/payment-plans\/#breadcrumb","itemListElement":[{"@type":"ListItem","position":1,"name":"Home","item":"https:\/\/easymarketspartners.com\/de\/"},{"@type":"ListItem","position":2,"name":"Payment Plans"}]},{"@type":"WebSite","@id":"https:\/\/easymarketspartners.com\/#website","url":"https:\/\/easymarketspartners.com\/","name":"easyMarkets Partners","description":"Fast Payouts,  Competitive CPA","potentialAction":[{"@type":"SearchAction","target":{"@type":"EntryPoint","urlTemplate":"https:\/\/easymarketspartners.com\/?s={search_term_string}"},"query-input":"required name=search_term_string"}],"inLanguage":"de-DE"}]}},"_links":{"self":[{"href":"https:\/\/easymarketspartners.com\/de\/wp-json\/wp\/v2\/pages\/6021"}],"collection":[{"href":"https:\/\/easymarketspartners.com\/de\/wp-json\/wp\/v2\/pages"}],"about":[{"href":"https:\/\/easymarketspartners.com\/de\/wp-json\/wp\/v2\/types\/page"}],"author":[{"embeddable":true,"href":"https:\/\/easymarketspartners.com\/de\/wp-json\/wp\/v2\/users\/9"}],"replies":[{"embeddable":true,"href":"https:\/\/easymarketspartners.com\/de\/wp-json\/wp\/v2\/comments?post=6021"}],"version-history":[{"count":8,"href":"https:\/\/easymarketspartners.com\/de\/wp-json\/wp\/v2\/pages\/6021\/revisions"}],"predecessor-version":[{"id":8991,"href":"https:\/\/easymarketspartners.com\/de\/wp-json\/wp\/v2\/pages\/6021\/revisions\/8991"}],"wp:attachment":[{"href":"https:\/\/easymarketspartners.com\/de\/wp-json\/wp\/v2\/media?parent=6021"}],"curies":[{"name":"wp","href":"https:\/\/api.w.org\/{rel}","templated":true}]}}