{"id":6028,"date":"2019-05-10T07:04:31","date_gmt":"2019-05-10T07:04:31","guid":{"rendered":"https:\/\/easymarketspartners.com\/programs\/"},"modified":"2024-01-23T14:50:19","modified_gmt":"2024-01-23T14:50:19","slug":"programs","status":"publish","type":"page","link":"https:\/\/easymarketspartners.com\/de\/programs\/","title":{"rendered":"Programs"},"content":{"rendered":"<p>[vc_row full_width=&#8221;stretch_row&#8221; bg_type=&#8221;bg_color&#8221; css=&#8221;.vc_custom_1704955942193{margin-bottom: 0px !important;padding-top: 45px !important;padding-bottom: 45px !important;}&#8221; bg_color_value=&#8221;#f2f7f9&#8243;][vc_column width=&#8221;2\/3&#8243; css=&#8221;.vc_custom_1704955563512{padding-top: 0px !important;padding-bottom: 0px !important;}&#8221;][vc_column_text css=&#8221;.vc_custom_1705574919525{margin-bottom: 0px !important;}&#8221;]<\/p>\n<div class=\"wpb_text_column wpb_content_element vc_custom_1667813825760\">\n<div class=\"wpb_wrapper\">\n<p>easyMarkets-IBs erhalten einige der\u00a0<span style=\"color: #80c061;\"><strong>h\u00f6chsten Provisionen der Branche<\/strong><\/span>. Ein dedizierter IB Account Manager steht Ihnen jederzeit zur Verf\u00fcgung, um Ihnen bei der Maximierung Ihres Einnahmekanals zu helfen. Unser hohes Ma\u00df an Kundensupport und au\u00dfergew\u00f6hnliche Tools &amp; Konditionen sorgen f\u00fcr eine hohe Konversionsrate.<\/div>\n<\/div>\n<p>[\/vc_column_text][\/vc_column][vc_column width=&#8221;1\/3&#8243; css=&#8221;.vc_custom_1704955656673{padding-top: 0px !important;padding-bottom: 0px !important;}&#8221;]<div class=\"btn-align-center\"><a href=\"javascript:void(0);\" class=\"default-btn-shortcode dt-btn dt-btn-l default-btn-bg-on default-btn-bg-hover-on cd-log_reg home cd-signup cta-partner-btn  vc_custom_1705574936723\" id=\"default-btn-b4cd4be7335cb52abf3f516575c09fdc\"><span>ANMELDUNG<\/span><\/a><\/div>[\/vc_column][\/vc_row][vc_row link=&#8221;url:http%3A%2F%2Fthe7.io%2Fpsy%2Fcontact%2F|||&#8221; smooth_scroll=&#8221;n&#8221; el_class=&#8221;cta-partner-btn&#8221; size=&#8221;big&#8221; font_size=&#8221;14px&#8221; button_padding=&#8221;12px 18px 12px 18px&#8221; border_width=&#8221;0px&#8221; border_radius=&#8221;1px&#8221; btn_decoration=&#8221;none&#8221; btn_width=&#8221;btn_auto_width&#8221; custom_btn_width=&#8221;200&#8243; button_alignment=&#8221;btn_center&#8221; animation=&#8221;&#8221; default_btn_bg=&#8221;y&#8221; default_btn_bg_color=&#8221;&#8221; default_btn_bg_hover=&#8221;y&#8221; bg_hover_color=&#8221;#075c8f&#8221; default_btn_border_color=&#8221;&#8221; default_btn_border_hover_color=&#8221;#075c8f&#8221; text_color=&#8221;&#8221; text_hover_color=&#8221;&#8221; icon_picker=&#8221;&#8221; icon_align=&#8221;left&#8221; css=&#8221;.vc_custom_1704956477817{margin-top: 40px !important;margin-bottom: 40px !important;padding-top: 0px !important;padding-bottom: 0px !important;}&#8221;][vc_column css=&#8221;.vc_custom_1704956033130{padding-top: 0px !important;padding-bottom: 0px !important;}&#8221;][vc_column_text]<\/p>\n<h2><strong><span style=\"color: #0a6292;\">easyMarkets<\/span> <span style=\"color: #83c661;\">IB<\/span><\/strong><\/h2>\n<p>IBs (Introducing Broker) konzentrieren sich auf pers\u00f6nliche Interaktionen mit ihren Kunden, veranstalten Seminare, organisieren Pr\u00e4sentationen und besuchen Branchenveranstaltungen. Das IB-Programm verf\u00fcgt \u00fcber einen sehr wettbewerbsf\u00e4higen Verg\u00fctungsplan aufgrund der hohen Auszahlungsh\u00f6he und der niedrigen Auszahlungsschwelle. Ein IB hat im Allgemeinen pers\u00f6nlichen Kontakt mit den Kunden, die er vermittelt.[\/vc_column_text][vc_row_inner][vc_column_inner width=&#8221;1\/2&#8243;][vc_column_text]<\/p>\n<div class=\"why-partners-list\"><img loading=\"lazy\" class=\"alignnone wp-image-1195\" src=\"https:\/\/easymarketspartners.com\/wp-content\/uploads\/2019\/10\/NegativeBalanceProtectionTick.png\" alt=\"NegativeBalanceProtectionTick\" width=\"19\" height=\"19\" \/> Schnelle problemlose Auszahlungen<\/div>\n<div class=\"why-partners-list why-partners-list__withsublist\"><img loading=\"lazy\" class=\"alignnone wp-image-1195\" src=\"https:\/\/easymarketspartners.com\/wp-content\/uploads\/2019\/10\/NegativeBalanceProtectionTick.png\" alt=\"NegativeBalanceProtectionTick\" width=\"19\" height=\"19\" \/> Propriet\u00e4re IB-Plattform<\/div>\n<div class=\"why-partners-sublist\">\n<ul class=\"green-bullet-points\" style=\"list-style: none;\">\n<li>Verfolgen Sie Ihre Aktivit\u00e4t<\/li>\n<li>\u00dcberwachen Sie Ihre Empfehlungen<\/li>\n<li>Greifen Sie auf aktuelle Marketingmaterialien zu<\/li>\n<\/ul>\n<\/div>\n<div class=\"why-partners-list\"><img loading=\"lazy\" class=\"alignnone wp-image-1195\" src=\"https:\/\/easymarketspartners.com\/wp-content\/uploads\/2019\/10\/NegativeBalanceProtectionTick.png\" alt=\"NegativeBalanceProtectionTick\" width=\"19\" height=\"19\" \/> Engagierter IB Account Manager<\/div>\n<p>[\/vc_column_text][\/vc_column_inner][vc_column_inner width=&#8221;1\/2&#8243;][vc_column_text]<\/p>\n<div class=\"why-partners-list\"><img loading=\"lazy\" class=\"alignnone wp-image-1195\" src=\"https:\/\/easymarketspartners.com\/wp-content\/uploads\/2019\/10\/NegativeBalanceProtectionTick.png\" alt=\"NegativeBalanceProtectionTick\" width=\"19\" height=\"19\" \/> Hoch bewertetes Kundenerlebnis \u2013 das hilft Ihren Empfehlungen, im Gesch\u00e4ft zu bleiben<\/div>\n<div class=\"why-partners-list\"><img loading=\"lazy\" class=\"alignnone wp-image-1195\" src=\"https:\/\/easymarketspartners.com\/wp-content\/uploads\/2019\/10\/NegativeBalanceProtectionTick.png\" alt=\"NegativeBalanceProtectionTick\" width=\"19\" height=\"19\" \/> Extrem einfache 2-Schritt-Kundenanmeldung \u2013 Minimierung der Drop-Off-Rate<\/div>\n<p>[\/vc_column_text][\/vc_column_inner][\/vc_row_inner][vc_column_text css=&#8221;.vc_custom_1705575141448{margin-bottom: 0px !important;}&#8221;]Unsere Partnerschaftsprogramme laufen seit unserer Gr\u00fcndung im Jahr 2001 ununterbrochen. Tats\u00e4chlich haben wir immer noch Partner, die mit uns zusammenarbeiten, die damals zu uns gesto\u00dfen sind. Dies liegt daran, dass wir den Erfolg unserer IBs verstehen und unterst\u00fctzen.[\/vc_column_text][vc_raw_html css=&#8221;.vc_custom_1706021413801{padding-top: 40px !important;}&#8221;]JTNDZGl2JTIwc3R5bGUlM0QlMjJtYXJnaW4tdG9wJTNBJTIwMmVtJTIyJTNFJTBBJTIwJTIwJTNDaDIlMjBjbGFzcyUzRCUyMnRhYmxlLXRpdGxlJTIyJTNFJTBBJTIwJTIwJTIwJTIwZWFzeUxveWFsdHklMjAlM0NzcGFuJTIwc3R5bGUlM0QlMjJjb2xvciUzQSUyMCUyMzgzYzY2MSUyMiUzRUlCLVByb2dyYW1tJTNDJTJGc3BhbiUzRSUwQSUyMCUyMCUzQyUyRmgyJTNFJTBBJTIwJTIwJTNDZGl2JTIwY2xhc3MlM0QlMjJ0YWJsZS13cmFwcGVyJTIyJTNFJTBBJTIwJTIwJTIwJTIwJTNDdGFibGUlM0UlMEElMjAlMjAlMjAlMjAlMjAlMjAlM0N0aGVhZCUyMHN0eWxlJTNEJTIydGV4dC1hbGlnbiUzQSUyMGNlbnRlciUyMiUzRSUwQSUyMCUyMCUyMCUyMCUyMCUyMCUyMCUyMCUzQ3RyJTNFJTBBJTIwJTIwJTIwJTIwJTIwJTIwJTIwJTIwJTIwJTIwJTNDdGglMjBzdHlsZSUzRCUyMmJvcmRlci10b3AtbGVmdC1yYWRpdXMlM0ElMjAyNHB4JTIyJTNFTWluZGVzdGFuemFobCUyMGFuJTIwS3VuZGVuJTNDJTJGdGglM0UlMEElMjAlMjAlMjAlMjAlMjAlMjAlMjAlMjAlMjAlMjAlM0N0aCUzRU1pbmRlc3RlaW56YWhsdW5nc2JldHJhZyUzQyUyRnRoJTNFJTBBJTIwJTIwJTIwJTIwJTIwJTIwJTIwJTIwJTIwJTIwJTNDdGglM0VaZWl0bGltaXQlM0NiciUzRSUyOE1vbmF0ZSUyOSUzQyUyRnRoJTNFJTBBJTIwJTIwJTIwJTIwJTIwJTIwJTIwJTIwJTIwJTIwJTNDdGglM0VHZXNhbXRiZXRyYWclM0MlMkZ0aCUzRSUwQSUyMCUyMCUyMCUyMCUyMCUyMCUyMCUyMCUyMCUyMCUzQ3RoJTIwc3R5bGUlM0QlMjJib3JkZXItdG9wLXJpZ2h0LXJhZGl1cyUzQSUyMDI0cHglMjIlM0VQcml6ZSUzQyUyRnRoJTNFJTBBJTIwJTIwJTIwJTIwJTIwJTIwJTIwJTIwJTNDJTJGdHIlM0UlMEElMjAlMjAlMjAlMjAlMjAlMjAlM0MlMkZ0aGVhZCUzRSUwQSUyMCUyMCUyMCUyMCUyMCUyMCUzQ3Rib2R5JTNFJTBBJTIwJTIwJTIwJTIwJTIwJTIwJTIwJTIwJTNDdHIlM0UlMEElMjAlMjAlMjAlMjAlMjAlMjAlMjAlMjAlMjAlMjAlM0N0ZCUzRTUlM0MlMkZ0ZCUzRSUwQSUyMCUyMCUyMCUyMCUyMCUyMCUyMCUyMCUyMCUyMCUzQ3RkJTNFJTI0MTAwJTIwcGVyJTIwRlREJTNDJTJGdGQlM0UlMEElMjAlMjAlMjAlMjAlMjAlMjAlMjAlMjAlMjAlMjAlM0N0ZCUzRTMlMjBNb25hdGUlM0MlMkZ0ZCUzRSUwQSUyMCUyMCUyMCUyMCUyMCUyMCUyMCUyMCUyMCUyMCUzQ3RkJTNFMTBNJTIwJTI4NTAlMjBsb3RzJTI5JTNDJTJGdGQlM0UlMEElMjAlMjAlMjAlMjAlMjAlMjAlMjAlMjAlMjAlMjAlM0N0ZCUzRSUyNDEwMCUzQyUyRnRkJTNFJTBBJTIwJTIwJTIwJTIwJTIwJTIwJTIwJTIwJTNDJTJGdHIlM0UlMEElMjAlMjAlMjAlMjAlMjAlMjAlMjAlMjAlM0N0ciUzRSUwQSUyMCUyMCUyMCUyMCUyMCUyMCUyMCUyMCUyMCUyMCUzQ3RkJTNFMTAlM0MlMkZ0ZCUzRSUwQSUyMCUyMCUyMCUyMCUyMCUyMCUyMCUyMCUyMCUyMCUzQ3RkJTNFJTI0MTAwJTIwcGVyJTIwRlREJTNDJTJGdGQlM0UlMEElMjAlMjAlMjAlMjAlMjAlMjAlMjAlMjAlMjAlMjAlM0N0ZCUzRTMlMjBNb25hdGUlM0MlMkZ0ZCUzRSUwQSUyMCUyMCUyMCUyMCUyMCUyMCUyMCUyMCUyMCUyMCUzQ3RkJTNFNDBNJTIwJTI4MjAwJTIwbG90cyUyOSUzQyUyRnRkJTNFJTBBJTIwJTIwJTIwJTIwJTIwJTIwJTIwJTIwJTIwJTIwJTNDdGQlM0UlMjQ1MDAlM0MlMkZ0ZCUzRSUwQSUyMCUyMCUyMCUyMCUyMCUyMCUyMCUyMCUzQyUyRnRyJTNFJTBBJTIwJTIwJTIwJTIwJTIwJTIwJTIwJTIwJTNDdHIlM0UlMEElMjAlMjAlMjAlMjAlMjAlMjAlMjAlMjAlMjAlMjAlM0N0ZCUzRTE1JTNDJTJGdGQlM0UlMEElMjAlMjAlMjAlMjAlMjAlMjAlMjAlMjAlMjAlMjAlM0N0ZCUzRSUyNDEwMCUyMHBlciUyMEZURCUzQyUyRnRkJTNFJTBBJTIwJTIwJTIwJTIwJTIwJTIwJTIwJTIwJTIwJTIwJTNDdGQlM0UzJTIwTW9uYXRlJTNDJTJGdGQlM0UlMEElMjAlMjAlMjAlMjAlMjAlMjAlMjAlMjAlMjAlMjAlM0N0ZCUzRTgwTSUyMCUyODQwMCUyMGxvdHMlMjklM0MlMkZ0ZCUzRSUwQSUyMCUyMCUyMCUyMCUyMCUyMCUyMCUyMCUyMCUyMCUzQ3RkJTNFJTI0MSUyQzAwMCUzQyUyRnRkJTNFJTBBJTIwJTIwJTIwJTIwJTIwJTIwJTIwJTIwJTNDJTJGdHIlM0UlMEElMjAlMjAlMjAlMjAlMjAlMjAlMjAlMjAlM0N0ciUzRSUwQSUyMCUyMCUyMCUyMCUyMCUyMCUyMCUyMCUyMCUyMCUzQ3RkJTIwc3R5bGUlM0QlMjJib3JkZXItYm90dG9tLWxlZnQtcmFkaXVzJTNBJTIwMjRweCUyMiUzRTIwJTNDJTJGdGQlM0UlMEElMjAlMjAlMjAlMjAlMjAlMjAlMjAlMjAlMjAlMjAlM0N0ZCUzRSUyNDEwMCUyMHBlciUyMEZURCUzQyUyRnRkJTNFJTBBJTIwJTIwJTIwJTIwJTIwJTIwJTIwJTIwJTIwJTIwJTNDdGQlM0UzJTIwTW9uYXRlJTNDJTJGdGQlM0UlMEElMjAlMjAlMjAlMjAlMjAlMjAlMjAlMjAlMjAlMjAlM0N0ZCUzRTE2ME0lMjAlMjg4MDAlMjBsb3RzJTI5JTNDJTJGdGQlM0UlMEElMjAlMjAlMjAlMjAlMjAlMjAlMjAlMjAlMjAlMjAlM0N0ZCUyMHN0eWxlJTNEJTIyYm9yZGVyLWJvdHRvbS1yaWdodC1yYWRpdXMlM0ElMjAyNHB4JTIyJTNFJTI0MiUyQzAwMCUzQyUyRnRkJTNFJTBBJTIwJTIwJTIwJTIwJTIwJTIwJTIwJTIwJTNDJTJGdHIlM0UlMEElMjAlMjAlMjAlMjAlMjAlMjAlM0MlMkZ0Ym9keSUzRSUwQSUyMCUyMCUyMCUyMCUzQyUyRnRhYmxlJTNFJTBBJTIwJTIwJTNDJTJGZGl2JTNFJTBBJTIwJTIwJTNDYSUwQSUyMCUyMCUyMCUyMGhyZWYlM0QlMjJodHRwcyUzQSUyRiUyRmVhc3ltYXJrZXRzcGFydG5lcnMuY29tJTJGd3AtY29udGVudCUyRnVwbG9hZHMlMkYyMDI0JTJGMDElMkYyMDI0MDEwOC1JQnMtTG95YWx0eS1Qcm9nYW1tZS1UQ3MucGRmJTIyJTBBJTIwJTIwJTIwJTIwc3R5bGUlM0QlMjIlMEElMjAlMjAlMjAlMjAlMjAlMjBmb250LXdlaWdodCUzQSUyMDQwMCUzQiUwQSUyMCUyMCUyMCUyMCUyMCUyMGZvbnQtc2l6ZSUzQSUyMDEycHglM0IlMEElMjAlMjAlMjAlMjAlMjAlMjBtYXJnaW4tdG9wJTNBJTIwNDBweCUzQiUwQSUyMCUyMCUyMCUyMCUyMCUyMG1hcmdpbi1sZWZ0JTNBJTIwNXB4JTNCJTBBJTIwJTIwJTIwJTIwJTIwJTIwdGV4dC1kZWNvcmF0aW9uJTNBJTIwbm9uZSUzQiUwQSUyMCUyMCUyMCUyMCUyMCUyMGNvbG9yJTNBJTIwJTIzMDc1YzhmJTNCJTBBJTIwJTIwJTIwJTIwJTIyJTBBJTIwJTIwJTIwJTIwJTNFJTJBR2VzY2glQzMlQTRmdHNiZWRpbmd1bmdlbiUyMGdlbHRlbiUwQSUyMCUyMCUzQyUyRmElM0UlMEElM0MlMkZkaXYlM0UlMEE=[\/vc_raw_html][\/vc_column][\/vc_row][vc_row full_width=&#8221;stretch_row&#8221; bg_type=&#8221;bg_color&#8221; bg_color_value=&#8221;#f2f7f9&#8243; css=&#8221;.vc_custom_1704956901463{margin-bottom: 0px !important;padding-top: 45px !important;padding-bottom: 45px !important;}&#8221;][vc_column css=&#8221;.vc_custom_1704956853936{padding-top: 0px !important;padding-bottom: 0px !important;}&#8221;][vc_column_text]<\/p>\n<h2><strong><span style=\"color: #0a6292;\">easyMarkets<\/span><span style=\"color: #83c661;\">-Partner<\/span><\/strong><\/h2>\n<p>Der erste und offensichtlichste Grund ist der Umsatz. Ja, der Hauptgrund, warum sich die meisten digitalen Vermarkter daf\u00fcr entscheiden, Partner zu werden, ist die Erwirtschaftung von Einnahmen.<br \/>\nAls easyMarkets-Partner haben Sie mehrere Optionen, um Ihre Aktivit\u00e4ten, Kan\u00e4le und Ihren Empfehlungspool optimal anzupassen und zu optimieren.[\/vc_column_text][\/vc_column][\/vc_row][vc_row css=&#8221;.vc_custom_1704956912759{margin-top: 40px !important;}&#8221;][vc_column css=&#8221;.vc_custom_1704957004789{padding-top: 0px !important;padding-bottom: 0px !important;}&#8221;][vc_column_text]<\/p>\n<h2><strong><span style=\"color: #0a6292;\">St\u00e4ndig aktualisiertes<\/span> <span style=\"color: #83c661;\">Marketingmaterial<\/span><\/strong><\/h2>\n<h4><strong style=\"color: #707070;\">Sie k\u00f6nnen all diese Materialien und mehr herunterladen.<\/strong><\/h4>\n<p>[\/vc_column_text][\/vc_column][\/vc_row][vc_row][vc_column width=&#8221;1\/6&#8243;][vc_column_text]<\/p>\n<div class=\"why-partners-list\"><img loading=\"lazy\" class=\"alignnone wp-image-1195\" src=\"https:\/\/easymarketspartners.com\/wp-content\/uploads\/2019\/10\/NegativeBalanceProtectionTick.png\" alt=\"NegativeBalanceProtectionTick\" width=\"19\" height=\"19\" \/> PDFs<\/div>\n<div class=\"why-partners-list why-partners-list__withsublist\"><img loading=\"lazy\" class=\"alignnone wp-image-1195\" src=\"https:\/\/easymarketspartners.com\/wp-content\/uploads\/2019\/10\/NegativeBalanceProtectionTick.png\" alt=\"NegativeBalanceProtectionTick\" width=\"19\" height=\"19\" \/> HTML 5<\/div>\n<p>[\/vc_column_text][\/vc_column][vc_column width=&#8221;1\/4&#8243;][vc_column_text]<\/p>\n<div class=\"why-partners-list\"><img loading=\"lazy\" class=\"alignnone wp-image-1195\" src=\"https:\/\/easymarketspartners.com\/wp-content\/uploads\/2019\/10\/NegativeBalanceProtectionTick.png\" alt=\"NegativeBalanceProtectionTick\" width=\"19\" height=\"19\" \/> Statische Banner<\/div>\n<div class=\"why-partners-list why-partners-list__withsublist\"><img loading=\"lazy\" class=\"alignnone wp-image-1195\" src=\"https:\/\/easymarketspartners.com\/wp-content\/uploads\/2019\/10\/NegativeBalanceProtectionTick.png\" alt=\"NegativeBalanceProtectionTick\" width=\"19\" height=\"19\" \/> Newsletter\/Werbe-E-Mails<\/div>\n<p>[\/vc_column_text][\/vc_column][vc_column width=&#8221;1\/4&#8243;][vc_column_text]<\/p>\n<div class=\"why-partners-list\"><img loading=\"lazy\" class=\"alignnone wp-image-1195\" src=\"https:\/\/easymarketspartners.com\/wp-content\/uploads\/2019\/10\/NegativeBalanceProtectionTick.png\" alt=\"NegativeBalanceProtectionTick\" width=\"19\" height=\"19\" \/> Startseiten<\/div>\n<div class=\"why-partners-list why-partners-list__withsublist\"><img loading=\"lazy\" class=\"alignnone wp-image-1195\" src=\"https:\/\/easymarketspartners.com\/wp-content\/uploads\/2019\/10\/NegativeBalanceProtectionTick.png\" alt=\"NegativeBalanceProtectionTick\" width=\"19\" height=\"19\" \/> Lehr- und Werbevideo<\/div>\n<p>[\/vc_column_text][\/vc_column][vc_column][vc_column_text]Alle unsere Marketingmaterialien sind in mehreren Sprachen verf\u00fcgbar, um sicherzustellen, dass Sie effektiv mit Ihren potenziellen Kunden in ihrer eigenen Muttersprache kommunizieren.[\/vc_column_text][\/vc_column][\/vc_row][vc_row full_width=&#8221;stretch_row&#8221; bg_type=&#8221;bg_color&#8221; bg_color_value=&#8221;#f2f7f9&#8243; el_class=&#8221;programs-wrapper&#8221; css=&#8221;.vc_custom_1703083547710{padding-top: 45px !important;padding-bottom: 45px !important;}&#8221;][vc_column width=&#8221;1\/2&#8243; el_class=&#8221;programs-grey-col-left&#8221;][vc_column_text]<\/p>\n<h2><strong><span style=\"color: #0a6292;\">Innovative und leistungsstarke<\/span> <span style=\"color: #83c661;\">Affiliate-Plattform<\/span><\/strong><\/h2>\n<p>&nbsp;<\/p>\n<div>\n<div class=\"why-partners-list\"><img loading=\"lazy\" class=\"alignnone wp-image-1195\" src=\"https:\/\/easymarketspartners.com\/wp-content\/uploads\/2019\/10\/NegativeBalanceProtectionTick.png\" alt=\"NegativeBalanceProtectionTick\" width=\"19\" height=\"19\" \/> Kampagnenanalyse und -verfolgung<\/div>\n<div class=\"why-partners-list why-partners-list__withsublist\">\n<p><img loading=\"lazy\" class=\"alignnone wp-image-1195\" src=\"https:\/\/easymarketspartners.com\/wp-content\/uploads\/2019\/10\/NegativeBalanceProtectionTick.png\" alt=\"NegativeBalanceProtectionTick\" width=\"19\" height=\"19\" \/> Einfache Kampagnenerstellung und Finanzverfolgung<\/div>\n<\/div>\n<p>[\/vc_column_text][\/vc_column][vc_column width=&#8221;1\/2&#8243;][vc_single_image image=&#8221;5211&#8243; img_size=&#8221;360&#215;235&#8243; css_animation=&#8221;slideInRight&#8221; lazy_loading=&#8221;true&#8221; el_class=&#8221;programs-img&#8221; css=&#8221;.vc_custom_1703085449967{padding-top: 55px !important;padding-left: 45px !important;}&#8221;][\/vc_column][\/vc_row]<\/p>\n","protected":false},"excerpt":{"rendered":"<p>[vc_row full_width=&#8221;stretch_row&#8221; bg_type=&#8221;bg_color&#8221; css=&#8221;.vc_custom_1704955942193{margin-bottom: 0px !important;padding-top: 45px !important;padding-bottom: 45px !important;}&#8221; bg_color_value=&#8221;#f2f7f9&#8243;][vc_column width=&#8221;2\/3&#8243; css=&#8221;.vc_custom_1704955563512{padding-top: 0px !important;padding-bottom: 0px !important;}&#8221;][vc_column_text css=&#8221;.vc_custom_1705574919525{margin-bottom: 0px !important;}&#8221;] easyMarkets-IBs erhalten einige der\u00a0h\u00f6chsten Provisionen der Branche. Ein dedizierter IB Account Manager steht Ihnen jederzeit zur Verf\u00fcgung, um Ihnen bei der Maximierung Ihres Einnahmekanals zu helfen. Unser hohes Ma\u00df an Kundensupport und au\u00dfergew\u00f6hnliche Tools &amp;&hellip;<\/p>\n","protected":false},"author":9,"featured_media":0,"parent":0,"menu_order":0,"comment_status":"closed","ping_status":"open","template":"","meta":[],"yoast_head":"<!-- This site is optimized with the Yoast SEO plugin v19.6 - https:\/\/yoast.com\/wordpress\/plugins\/seo\/ -->\n<title>Forex-Affiliate-Programme | Einf\u00fchrender Broker | easyMarkets-Partner<\/title>\n<meta name=\"description\" content=\"Erfahren Sie mehr \u00fcber die ma\u00dfgeschneiderten Programme, die von easyMarkets-Partnern angeboten werden. easyMarkets Affiliate und easyMarkets Introducing Broker\" \/>\n<meta name=\"robots\" content=\"index, follow, max-snippet:-1, max-image-preview:large, max-video-preview:-1\" \/>\n<link rel=\"canonical\" href=\"https:\/\/easymarketspartners.com\/de\/programs\/\" \/>\n<meta property=\"og:locale\" content=\"de_DE\" \/>\n<meta property=\"og:type\" content=\"article\" \/>\n<meta property=\"og:title\" content=\"Forex-Affiliate-Programme | Einf\u00fchrender Broker | easyMarkets-Partner\" \/>\n<meta property=\"og:description\" content=\"Erfahren Sie mehr \u00fcber die ma\u00dfgeschneiderten Programme, die von easyMarkets-Partnern angeboten werden. easyMarkets Affiliate und easyMarkets Introducing Broker\" \/>\n<meta property=\"og:url\" content=\"https:\/\/easymarketspartners.com\/de\/programs\/\" \/>\n<meta property=\"og:site_name\" content=\"easyMarkets Partners\" \/>\n<meta property=\"article:modified_time\" content=\"2024-01-23T14:50:19+00:00\" \/>\n<meta property=\"og:image\" content=\"https:\/\/easymarketspartners.com\/wp-content\/uploads\/2019\/10\/NegativeBalanceProtectionTick.png\" \/>\n<meta name=\"twitter:card\" content=\"summary_large_image\" \/>\n<meta name=\"twitter:label1\" content=\"Est. reading time\" \/>\n\t<meta name=\"twitter:data1\" content=\"5 minutes\" \/>\n<script type=\"application\/ld+json\" class=\"yoast-schema-graph\">{\"@context\":\"https:\/\/schema.org\",\"@graph\":[{\"@type\":\"WebPage\",\"@id\":\"https:\/\/easymarketspartners.com\/de\/programs\/\",\"url\":\"https:\/\/easymarketspartners.com\/de\/programs\/\",\"name\":\"Forex-Affiliate-Programme | Einf\u00fchrender Broker | easyMarkets-Partner\",\"isPartOf\":{\"@id\":\"https:\/\/easymarketspartners.com\/#website\"},\"datePublished\":\"2019-05-10T07:04:31+00:00\",\"dateModified\":\"2024-01-23T14:50:19+00:00\",\"description\":\"Erfahren Sie mehr \u00fcber die ma\u00dfgeschneiderten Programme, die von easyMarkets-Partnern angeboten werden. easyMarkets Affiliate und easyMarkets Introducing Broker\",\"breadcrumb\":{\"@id\":\"https:\/\/easymarketspartners.com\/de\/programs\/#breadcrumb\"},\"inLanguage\":\"de-DE\",\"potentialAction\":[{\"@type\":\"ReadAction\",\"target\":[\"https:\/\/easymarketspartners.com\/de\/programs\/\"]}]},{\"@type\":\"BreadcrumbList\",\"@id\":\"https:\/\/easymarketspartners.com\/de\/programs\/#breadcrumb\",\"itemListElement\":[{\"@type\":\"ListItem\",\"position\":1,\"name\":\"Home\",\"item\":\"https:\/\/easymarketspartners.com\/de\/\"},{\"@type\":\"ListItem\",\"position\":2,\"name\":\"Programs\"}]},{\"@type\":\"WebSite\",\"@id\":\"https:\/\/easymarketspartners.com\/#website\",\"url\":\"https:\/\/easymarketspartners.com\/\",\"name\":\"easyMarkets Partners\",\"description\":\"Fast Payouts,  Competitive CPA\",\"potentialAction\":[{\"@type\":\"SearchAction\",\"target\":{\"@type\":\"EntryPoint\",\"urlTemplate\":\"https:\/\/easymarketspartners.com\/?s={search_term_string}\"},\"query-input\":\"required name=search_term_string\"}],\"inLanguage\":\"de-DE\"}]}<\/script>\n<!-- \/ Yoast SEO plugin. -->","yoast_head_json":{"title":"Forex-Affiliate-Programme | Einf\u00fchrender Broker | easyMarkets-Partner","description":"Erfahren Sie mehr \u00fcber die ma\u00dfgeschneiderten Programme, die von easyMarkets-Partnern angeboten werden. easyMarkets Affiliate und easyMarkets Introducing Broker","robots":{"index":"index","follow":"follow","max-snippet":"max-snippet:-1","max-image-preview":"max-image-preview:large","max-video-preview":"max-video-preview:-1"},"canonical":"https:\/\/easymarketspartners.com\/de\/programs\/","og_locale":"de_DE","og_type":"article","og_title":"Forex-Affiliate-Programme | Einf\u00fchrender Broker | easyMarkets-Partner","og_description":"Erfahren Sie mehr \u00fcber die ma\u00dfgeschneiderten Programme, die von easyMarkets-Partnern angeboten werden. easyMarkets Affiliate und easyMarkets Introducing Broker","og_url":"https:\/\/easymarketspartners.com\/de\/programs\/","og_site_name":"easyMarkets Partners","article_modified_time":"2024-01-23T14:50:19+00:00","og_image":[{"url":"https:\/\/easymarketspartners.com\/wp-content\/uploads\/2019\/10\/NegativeBalanceProtectionTick.png"}],"twitter_card":"summary_large_image","twitter_misc":{"Est. reading time":"5 minutes"},"schema":{"@context":"https:\/\/schema.org","@graph":[{"@type":"WebPage","@id":"https:\/\/easymarketspartners.com\/de\/programs\/","url":"https:\/\/easymarketspartners.com\/de\/programs\/","name":"Forex-Affiliate-Programme | Einf\u00fchrender Broker | easyMarkets-Partner","isPartOf":{"@id":"https:\/\/easymarketspartners.com\/#website"},"datePublished":"2019-05-10T07:04:31+00:00","dateModified":"2024-01-23T14:50:19+00:00","description":"Erfahren Sie mehr \u00fcber die ma\u00dfgeschneiderten Programme, die von easyMarkets-Partnern angeboten werden. easyMarkets Affiliate und easyMarkets Introducing Broker","breadcrumb":{"@id":"https:\/\/easymarketspartners.com\/de\/programs\/#breadcrumb"},"inLanguage":"de-DE","potentialAction":[{"@type":"ReadAction","target":["https:\/\/easymarketspartners.com\/de\/programs\/"]}]},{"@type":"BreadcrumbList","@id":"https:\/\/easymarketspartners.com\/de\/programs\/#breadcrumb","itemListElement":[{"@type":"ListItem","position":1,"name":"Home","item":"https:\/\/easymarketspartners.com\/de\/"},{"@type":"ListItem","position":2,"name":"Programs"}]},{"@type":"WebSite","@id":"https:\/\/easymarketspartners.com\/#website","url":"https:\/\/easymarketspartners.com\/","name":"easyMarkets Partners","description":"Fast Payouts,  Competitive CPA","potentialAction":[{"@type":"SearchAction","target":{"@type":"EntryPoint","urlTemplate":"https:\/\/easymarketspartners.com\/?s={search_term_string}"},"query-input":"required name=search_term_string"}],"inLanguage":"de-DE"}]}},"_links":{"self":[{"href":"https:\/\/easymarketspartners.com\/de\/wp-json\/wp\/v2\/pages\/6028"}],"collection":[{"href":"https:\/\/easymarketspartners.com\/de\/wp-json\/wp\/v2\/pages"}],"about":[{"href":"https:\/\/easymarketspartners.com\/de\/wp-json\/wp\/v2\/types\/page"}],"author":[{"embeddable":true,"href":"https:\/\/easymarketspartners.com\/de\/wp-json\/wp\/v2\/users\/9"}],"replies":[{"embeddable":true,"href":"https:\/\/easymarketspartners.com\/de\/wp-json\/wp\/v2\/comments?post=6028"}],"version-history":[{"count":8,"href":"https:\/\/easymarketspartners.com\/de\/wp-json\/wp\/v2\/pages\/6028\/revisions"}],"predecessor-version":[{"id":7354,"href":"https:\/\/easymarketspartners.com\/de\/wp-json\/wp\/v2\/pages\/6028\/revisions\/7354"}],"wp:attachment":[{"href":"https:\/\/easymarketspartners.com\/de\/wp-json\/wp\/v2\/media?parent=6028"}],"curies":[{"name":"wp","href":"https:\/\/api.w.org\/{rel}","templated":true}]}}