{"id":1808,"date":"2020-01-20T14:47:14","date_gmt":"2020-01-20T14:47:14","guid":{"rendered":"http:\/\/easymarketspartners.com\/planes-de-pago\/"},"modified":"2025-10-03T09:38:51","modified_gmt":"2025-10-03T09:38:51","slug":"payment-plans","status":"publish","type":"page","link":"https:\/\/easymarketspartners.com\/es\/payment-plans\/","title":{"rendered":"Planes de pago"},"content":{"rendered":"<p>[vc_row][vc_column][vc_column_text css=&#8221;.vc_custom_1578577334731{border-bottom-width: 50px !important;}&#8221;]<\/p>\n<p style=\"text-align: center;\">easyMarkets ofrece retiradas r\u00e1pidas y sencillas y algunos de los planes de comisiones m\u00e1s competitivos del sector.<\/p>\n<p style=\"text-align: center;\">Adem\u00e1s, la atenci\u00f3n al cliente y asistencia a los socios de easyMarkets garantiza un alto nivel de conversi\u00f3n.<\/p>\n<p>[\/vc_column_text][vc_column_text css=&#8221;.vc_custom_1578900990748{margin-bottom: 30px !important;}&#8221;]<\/p>\n<h1 style=\"text-align: center;\"><strong><span style=\"color: #84c561;\">Modelo<\/span> <span style=\"color: #075c8f;\">CPA<\/span><\/strong><\/h1>\n<p>[\/vc_column_text][vc_column_text css=&#8221;.vc_custom_1578900938191{margin-bottom: 50px !important;}&#8221;]<\/p>\n<p style=\"text-align: center;\">El plan de CPA de easyMarkets es de los que m\u00e1s paga en el sector. \u00bfQu\u00e9 es el CPA? Significa <strong>Coste por usuario activado<\/strong>.<\/p>\n<p style=\"text-align: center;\">Nuestro experimentado equipo de ventas convertir\u00e1 a sus clientes potenciales en usuarios activos, maximizando sus esfuerzos, referencias y, por supuesto, su comisi\u00f3n por CPA.<\/p>\n<p>[\/vc_column_text][\/vc_column][\/vc_row][vc_row][vc_column width=&#8221;1\/12&#8243;][\/vc_column][vc_column width=&#8221;5\/6&#8243; el_class=&#8221;com-plans&#8221;][vc_raw_html]JTNDZGl2JTIwY2xhc3MlM0QlMjJ0YWJsZS1yZXNwb25zaXZlJTIyJTNFJTBBJTNDdGFibGUlMjBjbGFzcyUzRCUyMnRhYmxlJTIwdGFibGUtYm9yZGVyZWQlMjIlM0UlMEElMjAlMjAlM0N0aGVhZCUzRSUwQSUyMCUyMCUyMCUyMCUzQ3RyJTNFJTBBJTIwJTIwJTIwJTIwJTIwJTIwJTNDdGglMjBzY29wZSUzRCUyMmNvbCUyMiUzRUNvbW1pc3Npb24lMjBQbGFucyUzQyUyRnRoJTNFJTBBJTIwJTIwJTIwJTIwJTIwJTIwJTNDdGglMjBzY29wZSUzRCUyMmNvbCUyMiUzRUNQQSUzQyUyRnRoJTNFJTBBJTIwJTIwJTIwJTIwJTNDJTJGdHIlM0UlMEElMjAlMjAlM0MlMkZ0aGVhZCUzRSUwQSUyMCUyMCUzQ3Rib2R5JTNFJTBBJTIwJTIwJTIwJTIwJTNDdHIlM0UlMEElMjAlMjAlMjAlMjAlMjAlMjAlM0N0ZCUzRSUzQ3N0cm9uZyUzRUJlc3QlMjBEZWFsJTNDJTJGc3Ryb25nJTNFJTNDJTJGdGQlM0UlMEElMjAlMjAlMjAlMjAlMjAlMjAlM0N0ZCUzRSUzQ3N0cm9uZyUzRSUyNDEwMDAlM0MlMkZzdHJvbmclM0UlM0MlMkZ0ZCUzRSUwQSUyMCUyMCUyMCUyMCUzQyUyRnRyJTNFJTBBJTIwJTIwJTIwJTIwJTNDdHIlM0UlMEElMjAlMjAlMjAlMjAlMjAlMjAlM0N0ZCUzRVRPUCUyMFRpZXIlMjAxJTIwQ291bnRyaWVzJTNDJTJGdGQlM0UlMEElMjAlMjAlMjAlMjAlMjAlMjAlM0N0ZCUzRSUyNDYwMCUzQyUyRnRkJTNFJTBBJTIwJTIwJTIwJTIwJTNDJTJGdHIlM0UlMEElMjAlMjAlMjAlMjAlM0N0ciUzRSUwQSUyMCUyMCUyMCUyMCUyMCUyMCUzQ3RkJTNFVGllciUyMDElMjBDb3VudHJpZXMlM0MlMkZ0ZCUzRSUwQSUyMCUyMCUyMCUyMCUyMCUyMCUzQ3RkJTNFJTI0NDAwJTNDJTJGdGQlM0UlMEElMjAlMjAlMjAlMjAlM0MlMkZ0ciUzRSUwQSUzQ3RyJTNFJTBBJTIwJTIwJTIwJTIwJTIwJTIwJTNDdGQlM0VUaWVyJTIwMiUyMENvdW50cmllcyUzQyUyRnRkJTNFJTBBJTIwJTIwJTIwJTIwJTIwJTIwJTNDdGQlM0UlMjQyMDAlM0MlMkZ0ZCUzRSUwQSUyMCUyMCUyMCUyMCUzQyUyRnRyJTNFJTBBJTIwJTIwJTNDJTJGdGJvZHklM0UlMEElM0MlMkZ0YWJsZSUzRSUwQSUzQyUyRmRpdiUzRQ==[\/vc_raw_html][\/vc_column][vc_column width=&#8221;1\/12&#8243;][\/vc_column][vc_column css=&#8221;.vc_custom_1578580001087{padding-bottom: 50px !important;}&#8221;]<div class=\"btn-align-center\"><a href=\"javascript:void(0);\" class=\"default-btn-shortcode dt-btn dt-btn-l default-btn-bg-on default-btn-bg-hover-on cd-log_reg home cd-signup cta-partner-btn  vc_custom_1667825607491\" id=\"default-btn-f7ea08e28e4337d404251adbfc48086b\"><span>Registrate aqu\u00ed<\/span><\/a><\/div>[vc_column_text]<\/p>\n<p style=\"text-align: center;\">Consulte el <a href=\"https:\/\/easymarketspartners.com\/wp-content\/uploads\/2025\/10\/Affiliate_Booklet_ROW.pdf\" target=\"_blank\" rel=\"noopener noreferrer\">Folleto de comisiones de afiliados<\/a> para un mayor desglose de los niveles<\/p>\n<p>[\/vc_column_text][\/vc_column][\/vc_row][vc_section full_width=&#8221;stretch_row&#8221; css=&#8221;.vc_custom_1579618866408{margin-bottom: 50px !important;padding-top: 50px !important;background-color: #f2f7f9 !important;}&#8221;][vc_row][vc_column width=&#8221;1\/2&#8243;][vc_column_text css=&#8221;.vc_custom_1578901243491{margin-bottom: 30px !important;}&#8221;]<\/p>\n<h1 style=\"text-align: center;\"><strong><span style=\"color: #84c561;\">Modelo<\/span>\u00a0<span style=\"color: #075c8f;\">CPL<\/span><\/strong><\/h1>\n<p>[\/vc_column_text][vc_column_text css=&#8221;.vc_custom_1578909327923{margin-bottom: 30px !important;}&#8221;]<\/p>\n<p style=\"text-align: center;\">Es un modelo de afiliaci\u00f3n popular y ampliamente ofrecido en el que se paga una comisi\u00f3n por cada cliente potencial verificado por tel\u00e9fono.<\/p>\n<p style=\"text-align: center;\">Nuestro canal de registro de un solo paso garantiza altas tasas de conversi\u00f3n que se traducen en m\u00e1s ingresos por afiliado para usted.<\/p>\n<p>[\/vc_column_text][\/vc_column][vc_column width=&#8221;1\/2&#8243;][vc_column_text css=&#8221;.vc_custom_1578901828969{margin-bottom: 30px !important;}&#8221;]<\/p>\n<h1 style=\"text-align: center;\"><strong><span style=\"color: #84c561;\">Modelo<\/span>\u00a0<span style=\"color: #075c8f;\">CPI<\/span><\/strong><\/h1>\n<p>[\/vc_column_text][vc_column_text css=&#8221;.vc_custom_1578901884375{margin-bottom: 50px !important;}&#8221;]<\/p>\n<p style=\"text-align: center;\">Obtenga ingresos por cada instalaci\u00f3n con \u00e9xito de nuestra aplicaci\u00f3n a trav\u00e9s de su enlace de referencia. Es un magn\u00edfico modelo para socios que se centran en el tr\u00e1fico m\u00f3vil o desean aumentar los ingresos a trav\u00e9s de un canal diferente.<\/p>\n<p>[\/vc_column_text][\/vc_column][\/vc_row][vc_row css=&#8221;.vc_custom_1579619470404{padding-bottom: 20px !important;}&#8221;][vc_column]<div class=\"btn-align-center\"><a href=\"javascript:void(0);\" class=\"default-btn-shortcode dt-btn dt-btn-l default-btn-bg-on default-btn-bg-hover-on cd-log_reg home cd-signup cta-partner-btn dt-btn-blue  vc_custom_1579618540273\" id=\"default-btn-835cdbe394e8f22fd8d60ae92b4f2778\"><span>Sign Up Here<\/span><\/a><\/div>[vc_column_text]<\/p>\n<p style=\"text-align: center;\" align=\"center\">Para m\u00e1s informaci\u00f3n, consulte el <a href=\"https:\/\/easymarketspartners.com\/wp-content\/uploads\/2025\/10\/AFFILIATION-AGREEMENT_20250930.pdf\" target=\"_blank\" rel=\"noopener\">acuerdo de afiliaci\u00f3n<\/a> o <a href=\"\/es\/contact\/\">cont\u00e1ctenos<\/a>.<\/p>\n<p>[\/vc_column_text][\/vc_column][\/vc_row][\/vc_section][vc_row][vc_column width=&#8221;1\/2&#8243;][vc_column_text css=&#8221;.vc_custom_1579618401013{margin-bottom: 30px !important;}&#8221;]<\/p>\n<h1 style=\"text-align: center;\"><strong><span style=\"color: #84c561;\">Spread Share<\/span>\u00a0<span style=\"color: #075c8f;\">Model<\/span><\/strong><\/h1>\n<p>[\/vc_column_text][vc_column_text css=&#8221;.vc_custom_1579619247313{margin-bottom: 50px !important;}&#8221;]<\/p>\n<p style=\"text-align: center;\">Earn on your client&#8217;s trading activities and receive up to 40% of spreads on each client&#8217;s transactions.<\/p>\n<p>[\/vc_column_text][\/vc_column][vc_column width=&#8221;1\/2&#8243;][vc_column_text css=&#8221;.vc_custom_1578901947320{margin-bottom: 30px !important;}&#8221;]<\/p>\n<h1 style=\"text-align: center;\"><strong><span style=\"color: #84c561;\">Segundo<\/span>\u00a0<span style=\"color: #075c8f;\">nivel<\/span><\/strong><\/h1>\n<p>[\/vc_column_text][vc_column_text css=&#8221;.vc_custom_1578901975481{margin-bottom: 50px !important;}&#8221;]<\/p>\n<p style=\"text-align: center;\">easyMarkets ofrece un segundo nivel de afiliaci\u00f3n. Si se convierte en afiliado de segundo nivel, presenta nuestro programa a otros afiliados y recibe una comisi\u00f3n por sus ingresos. Su comisi\u00f3n se calcula en un competitivo 10 % de los ingresos de sus afiliados referidos.<\/p>\n<p>[\/vc_column_text][\/vc_column][\/vc_row][vc_section][\/vc_section][vc_row disable_element=&#8221;yes&#8221;][vc_column][vc_column_text]<style type=\"text\/css\">#go-pricing-table-796 .gw-go { margin-left:-12px; } #go-pricing-table-796 .gw-go-col { margin-left:12px; } #go-pricing-table-796 .gw-go-col-wrap { min-width:130px; } #go-pricing-table-796 .gw-go-col-inner { border-radius:0 0 0 0; } #go-pricing-table-796 ul.gw-go-body,  #go-pricing-table-796 ul.gw-go-body li { border:none !important; padding-top:1px; } #go-pricing-table-796 ul.gw-go-body li .gw-go-body-cell { padding-top:1px; } #go-pricing-table-796 ul.gw-go-body { padding-bottom:1px; } #go-pricing-table-796 .gw-go-tooltip-content { background-color:#333333;color:#ffffff;max-width:130px; } #go-pricing-table-796 .gw-go-tooltip:before { border-top-color:#333333; } #go-pricing-table-796 .gw-go-col-wrap-0 .gw-go-body li { color:#323132; } #go-pricing-table-796 .gw-go-col-wrap-0 .gw-go-body li.gw-go-even .gw-go-body-cell:before, #go-pricing-table-796 .gw-go-col-wrap-0 .gw-go-btn { background-color:#323132; } #go-pricing-table-796 .gw-go-col-wrap-0 .gw-go-body li[data-row-index=\"0\"] { font-size:14px !important; line-height:20px !important; } #go-pricing-table-796 .gw-go-col-wrap-0 .gw-go-footer-row[data-row-index=\"0\"]  { font-size:12px !important; line-height:16px !important; } #go-pricing-table-796 .gw-go-col-wrap-0 .gw-go-footer-row[data-row-index=\"1\"]  { font-size:12px !important; line-height:16px !important; } #go-pricing-table-796 .gw-go-col-wrap-1 .gw-go-body li { color:#323132; } #go-pricing-table-796 .gw-go-col-wrap-1 .gw-go-body li.gw-go-even .gw-go-body-cell:before, #go-pricing-table-796 .gw-go-col-wrap-1 .gw-go-btn { background-color:#323132; } #go-pricing-table-796 .gw-go-col-wrap-1 .gw-go-body li[data-row-index=\"0\"] { font-size:14px !important; line-height:20px !important; } #go-pricing-table-796 .gw-go-col-wrap-1 .gw-go-footer-row[data-row-index=\"0\"]  { font-size:12px !important; line-height:16px !important; } #go-pricing-table-796 .gw-go-col-wrap-1 .gw-go-footer-row[data-row-index=\"1\"]  { font-size:12px !important; line-height:16px !important; } #go-pricing-table-796 .gw-go-col-wrap-2 .gw-go-body li { color:#323132; } #go-pricing-table-796 .gw-go-col-wrap-2 .gw-go-body li.gw-go-even .gw-go-body-cell:before, #go-pricing-table-796 .gw-go-col-wrap-2 .gw-go-btn { background-color:#323132; } #go-pricing-table-796 .gw-go-col-wrap-2 .gw-go-body li[data-row-index=\"0\"] { font-size:14px !important; line-height:20px !important; } #go-pricing-table-796 .gw-go-col-wrap-2 .gw-go-footer-row[data-row-index=\"0\"]  { font-size:12px !important; line-height:16px !important; } #go-pricing-table-796 .gw-go-col-wrap-2 .gw-go-footer-row[data-row-index=\"1\"]  { font-size:12px !important; line-height:16px !important; } #go-pricing-table-796 .gw-go { visibility:inherit; } #go-pricing-table-796 .gw-go.gw-go-enlarge-current .gw-go-col-wrap.gw-go-hover .gw-go-footer-spacer,  #go-pricing-table-796 .gw-go.gw-go-enlarge-current.gw-go-hover .gw-go-col-wrap.gw-go-hover .gw-go-footer-spacer {    height: 15px;} #go-pricing-table-796 .gw-go-col.gw-go-clean-style15 .gw-go-body > li {    background: #ffffff;  } #go-pricing-table-796 .gw-go-col[class*=\"gw-go-clean-style\"] .gw-go-col-inner {  border-radius: 5px;    border: none;    border-bottom: none;  -webkit-box-shadow: 0 0 16px 1px rgba(0,0,0,.05);    box-shadow: 0 0 16px 1px rgba(0,0,0,.05);      -webkit-transition: .3s;    transition: .3s;   } #go-pricing-table-796 .gw-go-col[class*=\"gw-go-clean-style\"] .gw-go-col-inner:hover {  border-radius: 5px;    border: none;    border-bottom: none;      -webkit-box-shadow: 0 0 24px 1px rgba(0,0,0,.15);    box-shadow: 0 0 24px 1px rgba(0,0,0,.15);    -webkit-transform: translateY(-4px);    transform: translateY(-4px);   } #go-pricing-table-796 .btn{background: #075c8f !important;    color: #fff !important;    outline: none;    box-shadow: none;    display: inline-block;    margin-bottom: 0;    font-weight: 600;    text-align: center;    white-space: nowrap;    vertical-align: middle;    -ms-touch-action: manipulation;    touch-action: manipulation;    cursor: pointer;    background-image: none;    border: 1px solid transparent;    padding: 16px 68px;    font-size: 20px;    line-height: 1.42857143;    border-radius: 4px;    -webkit-user-select: none;    -moz-user-select: none;    -ms-user-select: none;    user-select: none;      -webkit-transition: .3s;    transition: .3s;} #go-pricing-table-796 .btn:hover{background: #80c061  !important;    color: #fff !important;    outline: none;    box-shadow: none;    display: inline-block;    margin-bottom: 0;    font-weight: 600;    text-align: center;    white-space: nowrap;    vertical-align: middle;    -ms-touch-action: manipulation;    touch-action: manipulation;    cursor: pointer;    background-image: none;    border: 1px solid transparent;    padding: 16px 68px;    font-size: 20px;    line-height: 1.42857143;    border-radius: 4px;    -webkit-user-select: none;    -moz-user-select: none;    -ms-user-select: none;    user-select: none;} #go-pricing-table-796 .gw-go-footer-wrap {    min-height: 165px;} #go-pricing-table-796 .bottom-txt{padding:25px 25px 0;}<\/style><style>@media only screen and (min-width: 480px) and (max-width: 767px) { #go-pricing-table-796 .gw-go-col-wrap { width:100%; } }<\/style><style>@media only screen and (min-width: 0px) and (max-width: 479px) { #go-pricing-table-796 .gw-go-col-wrap { width:100%; } }<\/style><div id=\"go-pricing-table-796\" class=\"go-pricing\" style=\"margin-bottom:20px;\"><div class=\"gw-go gw-go-clearfix gw-go-enlarge-current gw-go-3cols\" data-id=\"796\" data-colnum=\"3\" data-equalize=\"{&quot;footer&quot;:&quot;1&quot;,&quot;column&quot;:&quot;1&quot;}\" data-views=\"{&quot;tp&quot;:{&quot;min&quot;:&quot;768&quot;,&quot;max&quot;:&quot;959&quot;,&quot;cols&quot;:&quot;&quot;},&quot;ml&quot;:{&quot;min&quot;:&quot;480&quot;,&quot;max&quot;:&quot;767&quot;,&quot;cols&quot;:&quot;1&quot;},&quot;mp&quot;:{&quot;min&quot;:&quot;0&quot;,&quot;max&quot;:&quot;479&quot;,&quot;cols&quot;:&quot;1&quot;}}\"><div class=\"gw-go-col-wrap gw-go-col-wrap-0 gw-go-disable-hover\" data-col-index=\"0\"><div class=\"gw-go-col gw-go-clean-style15\"><div class=\"gw-go-col-inner\"><div class=\"gw-go-col-inner-layer\"><\/div><div class=\"gw-go-col-inner-layer-over\"><\/div><div class=\"gw-go-header\"><div class=\"gw-go-header gw-go-header-standard\" style=\"height:98px; background: #404041;\"><div style=\"position:absolute; top: 35px; font-size:27px !important;  line-height: 22px; font-weight: 600 !important; text-align:center; width:100%; color:#fff\">CPL Model<\/div><\/div><\/div><ul class=\"gw-go-body\"><li data-row-index=\"0\"><div class=\"gw-go-body-cell\"><p style=\"padding:25px;\">A popular and widely offered affiliate model, commission is paid for each phone-verified lead. Our one-step registration funnel ensures high conversion rates that translates into more affiliate revenue for you.<\/p><\/div><\/li><\/ul><div class=\"gw-go-footer-wrap\"><div class=\"gw-go-footer-spacer\"><\/div><div class=\"gw-go-footer\"><div class=\"gw-go-footer-rows\"><div class=\"gw-go-footer-row\" data-row-index=\"0\"><div class=\"gw-go-footer-row-inner\"><div class=\"cd-log_reg home\">\r\n<a style=\"text-decoration:none;\" class=\"cd-signup btn\" href=\"javascript:void(0);\">Sign Up<\/a>\r\n<\/div><\/div><\/div><div class=\"gw-go-footer-row gw-go-even\" data-row-index=\"1\"><div class=\"gw-go-footer-row-inner\"><p class=\"bottom-txt\">For more information please contact easyMarkets Partner Consultant<\/p><\/div><\/div><\/div><\/div><\/div><\/div><\/div><\/div><div class=\"gw-go-col-wrap gw-go-col-wrap-1 gw-go-hover gw-go-disable-hover\" data-current=\"1\" data-col-index=\"1\"><div class=\"gw-go-col gw-go-clean-style15\"><div class=\"gw-go-col-inner\"><div class=\"gw-go-col-inner-layer\"><\/div><div class=\"gw-go-col-inner-layer-over\"><\/div><div class=\"gw-go-header\"><div class=\"gw-go-header gw-go-header-standard\" style=\"height:98px; background: #80c061;\"><div style=\"position:absolute; top: 35px; font-size:27px !important;  line-height: 22px; font-weight: 600 !important; text-align:center; width:100%; color:#fff\">CPA Model<\/div><\/div><\/div><ul class=\"gw-go-body\"><li data-row-index=\"0\"><div class=\"gw-go-body-cell\"><p style=\"padding:25px;\">easyMarkets CPA Plan is amongst the highest paying in the industry. What is CPA? It stands for <span style=\"font-weight:600;\">Cost Per Activated<\/span> user. Our experienced sales team will convert your leads into activated users, maximizing both your efforts, referrals and of course your CPA commission.<\/p><\/div><\/li><\/ul><div class=\"gw-go-footer-wrap\"><div class=\"gw-go-footer-spacer\"><\/div><div class=\"gw-go-footer\"><div class=\"gw-go-footer-rows\"><div class=\"gw-go-footer-row\" data-row-index=\"0\"><div class=\"gw-go-footer-row-inner\"><div class=\"cd-log_reg home\">\r\n<a style=\"text-decoration:none;\" class=\"cd-signup btn\" href=\"javascript:void(0);\">Sign Up<\/a>\r\n<\/div><\/div><\/div><div class=\"gw-go-footer-row gw-go-even\" data-row-index=\"1\"><div class=\"gw-go-footer-row-inner\"><p class=\"bottom-txt\">Please refer to <a target=\"_blank\" href=\"\/wp-content\/uploads\/2019\/11\/Affiliate-Commission-Booklet-EN2-11-19.pdf\">Affiliate Comission Booklet<\/a> for further breakdown of Tiers<\/p><\/div><\/div><\/div><\/div><\/div><\/div><\/div><\/div><div class=\"gw-go-col-wrap gw-go-col-wrap-2 gw-go-disable-hover\" data-col-index=\"2\"><div class=\"gw-go-col gw-go-clean-style15\"><div class=\"gw-go-col-inner\"><div class=\"gw-go-col-inner-layer\"><\/div><div class=\"gw-go-col-inner-layer-over\"><\/div><div class=\"gw-go-header\"><div class=\"gw-go-header gw-go-header-standard\" style=\"height:98px; background: #404041;\"><div style=\"position:absolute; top: 35px; font-size:27px !important;  line-height: 22px; font-weight: 600 !important; text-align:center; width:100%; color:#fff\">2nd Tier<\/div><\/div><\/div><ul class=\"gw-go-body\"><li data-row-index=\"0\"><div class=\"gw-go-body-cell\"><p style=\"padding:25px;\">easyMarkets offers a 2nd Tier level for Affiliates. When you become a 2nd Tier Affiliate you introduce other affiliates to our program and you get paid commission on their revenue.<\/p><\/div><\/li><\/ul><div class=\"gw-go-footer-wrap\"><div class=\"gw-go-footer-spacer\"><\/div><div class=\"gw-go-footer\"><div class=\"gw-go-footer-rows\"><div class=\"gw-go-footer-row\" data-row-index=\"0\"><div class=\"gw-go-footer-row-inner\"><div class=\"cd-log_reg home\">\r\n<a style=\"text-decoration:none;\" class=\"cd-signup btn\" href=\"javascript:void(0);\">Sign Up<\/a>\r\n<\/div><\/div><\/div><div class=\"gw-go-footer-row gw-go-even\" data-row-index=\"1\"><div class=\"gw-go-footer-row-inner\"><p class=\"bottom-txt\">Your commission is calculated at a competitive 10% of your referred affiliates revenue.<\/p><\/div><\/div><\/div><\/div><\/div><\/div><\/div><\/div><\/div><\/div>[\/vc_column_text][\/vc_column][\/vc_row]<\/p>\n","protected":false},"excerpt":{"rendered":"<p>[vc_row][vc_column][vc_column_text css=&#8221;.vc_custom_1578577334731{border-bottom-width: 50px !important;}&#8221;] easyMarkets ofrece retiradas r\u00e1pidas y sencillas y algunos de los planes de comisiones m\u00e1s competitivos del sector. Adem\u00e1s, la atenci\u00f3n al cliente y asistencia a los socios de easyMarkets garantiza un alto nivel de conversi\u00f3n. [\/vc_column_text][vc_column_text css=&#8221;.vc_custom_1578900990748{margin-bottom: 30px !important;}&#8221;] Modelo CPA [\/vc_column_text][vc_column_text css=&#8221;.vc_custom_1578900938191{margin-bottom: 50px !important;}&#8221;] El plan de CPA de easyMarkets&hellip;<\/p>\n","protected":false},"author":9,"featured_media":0,"parent":0,"menu_order":0,"comment_status":"closed","ping_status":"closed","template":"","meta":[],"yoast_head":"<!-- This site is optimized with the Yoast SEO plugin v19.6 - https:\/\/yoast.com\/wordpress\/plugins\/seo\/ -->\n<title>Comisiones de afiliado f\u00f3rex | CPA | CPL | Planes de pago | Socios de easyMarkets<\/title>\n<meta name=\"description\" content=\"Conozca los planes de pago de afiliados de forex de easyMarkets. M\u00e1s informaci\u00f3n aqu\u00ed.\" \/>\n<meta name=\"robots\" content=\"index, follow, max-snippet:-1, max-image-preview:large, max-video-preview:-1\" \/>\n<link rel=\"canonical\" href=\"https:\/\/easymarketspartners.com\/es\/payment-plans\/\" \/>\n<meta property=\"og:locale\" content=\"es_ES\" \/>\n<meta property=\"og:type\" content=\"article\" \/>\n<meta property=\"og:title\" content=\"Comisiones de afiliado f\u00f3rex | CPA | CPL | Planes de pago | Socios de easyMarkets\" \/>\n<meta property=\"og:description\" content=\"Conozca los planes de pago de afiliados de forex de easyMarkets. M\u00e1s informaci\u00f3n aqu\u00ed.\" \/>\n<meta property=\"og:url\" content=\"https:\/\/easymarketspartners.com\/es\/payment-plans\/\" \/>\n<meta property=\"og:site_name\" content=\"easyMarkets Partners\" \/>\n<meta property=\"article:modified_time\" content=\"2025-10-03T09:38:51+00:00\" \/>\n<meta name=\"twitter:card\" content=\"summary_large_image\" \/>\n<meta name=\"twitter:label1\" content=\"Est. reading time\" \/>\n\t<meta name=\"twitter:data1\" content=\"2 minutes\" \/>\n<script type=\"application\/ld+json\" class=\"yoast-schema-graph\">{\"@context\":\"https:\/\/schema.org\",\"@graph\":[{\"@type\":\"WebPage\",\"@id\":\"https:\/\/easymarketspartners.com\/es\/payment-plans\/\",\"url\":\"https:\/\/easymarketspartners.com\/es\/payment-plans\/\",\"name\":\"Comisiones de afiliado f\u00f3rex | CPA | CPL | Planes de pago | Socios de easyMarkets\",\"isPartOf\":{\"@id\":\"https:\/\/easymarketspartners.com\/#website\"},\"datePublished\":\"2020-01-20T14:47:14+00:00\",\"dateModified\":\"2025-10-03T09:38:51+00:00\",\"description\":\"Conozca los planes de pago de afiliados de forex de easyMarkets. M\u00e1s informaci\u00f3n aqu\u00ed.\",\"breadcrumb\":{\"@id\":\"https:\/\/easymarketspartners.com\/es\/payment-plans\/#breadcrumb\"},\"inLanguage\":\"es-ES\",\"potentialAction\":[{\"@type\":\"ReadAction\",\"target\":[\"https:\/\/easymarketspartners.com\/es\/payment-plans\/\"]}]},{\"@type\":\"BreadcrumbList\",\"@id\":\"https:\/\/easymarketspartners.com\/es\/payment-plans\/#breadcrumb\",\"itemListElement\":[{\"@type\":\"ListItem\",\"position\":1,\"name\":\"Home\",\"item\":\"https:\/\/easymarketspartners.com\/es\/\"},{\"@type\":\"ListItem\",\"position\":2,\"name\":\"Planes de pago\"}]},{\"@type\":\"WebSite\",\"@id\":\"https:\/\/easymarketspartners.com\/#website\",\"url\":\"https:\/\/easymarketspartners.com\/\",\"name\":\"easyMarkets Partners\",\"description\":\"Fast Payouts,  Competitive CPA\",\"potentialAction\":[{\"@type\":\"SearchAction\",\"target\":{\"@type\":\"EntryPoint\",\"urlTemplate\":\"https:\/\/easymarketspartners.com\/?s={search_term_string}\"},\"query-input\":\"required name=search_term_string\"}],\"inLanguage\":\"es-ES\"}]}<\/script>\n<!-- \/ Yoast SEO plugin. -->","yoast_head_json":{"title":"Comisiones de afiliado f\u00f3rex | CPA | CPL | Planes de pago | Socios de easyMarkets","description":"Conozca los planes de pago de afiliados de forex de easyMarkets. M\u00e1s informaci\u00f3n aqu\u00ed.","robots":{"index":"index","follow":"follow","max-snippet":"max-snippet:-1","max-image-preview":"max-image-preview:large","max-video-preview":"max-video-preview:-1"},"canonical":"https:\/\/easymarketspartners.com\/es\/payment-plans\/","og_locale":"es_ES","og_type":"article","og_title":"Comisiones de afiliado f\u00f3rex | CPA | CPL | Planes de pago | Socios de easyMarkets","og_description":"Conozca los planes de pago de afiliados de forex de easyMarkets. M\u00e1s informaci\u00f3n aqu\u00ed.","og_url":"https:\/\/easymarketspartners.com\/es\/payment-plans\/","og_site_name":"easyMarkets Partners","article_modified_time":"2025-10-03T09:38:51+00:00","twitter_card":"summary_large_image","twitter_misc":{"Est. reading time":"2 minutes"},"schema":{"@context":"https:\/\/schema.org","@graph":[{"@type":"WebPage","@id":"https:\/\/easymarketspartners.com\/es\/payment-plans\/","url":"https:\/\/easymarketspartners.com\/es\/payment-plans\/","name":"Comisiones de afiliado f\u00f3rex | CPA | CPL | Planes de pago | Socios de easyMarkets","isPartOf":{"@id":"https:\/\/easymarketspartners.com\/#website"},"datePublished":"2020-01-20T14:47:14+00:00","dateModified":"2025-10-03T09:38:51+00:00","description":"Conozca los planes de pago de afiliados de forex de easyMarkets. M\u00e1s informaci\u00f3n aqu\u00ed.","breadcrumb":{"@id":"https:\/\/easymarketspartners.com\/es\/payment-plans\/#breadcrumb"},"inLanguage":"es-ES","potentialAction":[{"@type":"ReadAction","target":["https:\/\/easymarketspartners.com\/es\/payment-plans\/"]}]},{"@type":"BreadcrumbList","@id":"https:\/\/easymarketspartners.com\/es\/payment-plans\/#breadcrumb","itemListElement":[{"@type":"ListItem","position":1,"name":"Home","item":"https:\/\/easymarketspartners.com\/es\/"},{"@type":"ListItem","position":2,"name":"Planes de pago"}]},{"@type":"WebSite","@id":"https:\/\/easymarketspartners.com\/#website","url":"https:\/\/easymarketspartners.com\/","name":"easyMarkets Partners","description":"Fast Payouts,  Competitive CPA","potentialAction":[{"@type":"SearchAction","target":{"@type":"EntryPoint","urlTemplate":"https:\/\/easymarketspartners.com\/?s={search_term_string}"},"query-input":"required name=search_term_string"}],"inLanguage":"es-ES"}]}},"_links":{"self":[{"href":"https:\/\/easymarketspartners.com\/es\/wp-json\/wp\/v2\/pages\/1808"}],"collection":[{"href":"https:\/\/easymarketspartners.com\/es\/wp-json\/wp\/v2\/pages"}],"about":[{"href":"https:\/\/easymarketspartners.com\/es\/wp-json\/wp\/v2\/types\/page"}],"author":[{"embeddable":true,"href":"https:\/\/easymarketspartners.com\/es\/wp-json\/wp\/v2\/users\/9"}],"replies":[{"embeddable":true,"href":"https:\/\/easymarketspartners.com\/es\/wp-json\/wp\/v2\/comments?post=1808"}],"version-history":[{"count":20,"href":"https:\/\/easymarketspartners.com\/es\/wp-json\/wp\/v2\/pages\/1808\/revisions"}],"predecessor-version":[{"id":8997,"href":"https:\/\/easymarketspartners.com\/es\/wp-json\/wp\/v2\/pages\/1808\/revisions\/8997"}],"wp:attachment":[{"href":"https:\/\/easymarketspartners.com\/es\/wp-json\/wp\/v2\/media?parent=1808"}],"curies":[{"name":"wp","href":"https:\/\/api.w.org\/{rel}","templated":true}]}}