{"id":1810,"date":"2020-01-20T14:48:40","date_gmt":"2020-01-20T14:48:40","guid":{"rendered":"http:\/\/easymarketspartners.com\/contacto\/"},"modified":"2022-11-08T07:40:34","modified_gmt":"2022-11-08T07:40:34","slug":"contact","status":"publish","type":"page","link":"https:\/\/easymarketspartners.com\/es\/contact\/","title":{"rendered":"Contacto"},"content":{"rendered":"<p>[vc_row content_placement=&#8221;top&#8221; type=&#8221;vc_default&#8221; css=&#8221;.vc_custom_1474212713065{margin-top: -20px !important;padding-bottom: 30px !important;}&#8221;][vc_column css=&#8221;.vc_custom_1565181755572{margin-bottom: 45px !important;padding-bottom: 45px !important;}&#8221;][vc_column_text]<\/p>\n<p style=\"text-align: center;\">Si tiene alguna pregunta,\u00a0<a title=\"D\u00e9jenos sus comentarios\" href=\"\/\/www.easymarkets.com\/about\/feedback\">queja<\/a>\u00a0o necesita ayuda, cont\u00e1ctenos directamente en una de nuestras oficinas locales o en nuestra sede central.<\/p>\n<p>[\/vc_column_text][\/vc_column][vc_column width=&#8221;1\/3&#8243; offset=&#8221;vc_col-lg-4 vc_col-md-4&#8243;]<div class=\"aio-icon-component  vc_custom_1574331202789   style_1\"><div id=\"Info-box-wrap-1180\" class=\"aio-icon-box left-icon\" style=\"\"  ><div class=\"aio-icon-left\"><div class=\"ult-just-icon-wrapper  \"><div class=\"align-icon\" style=\"text-align:center;\">\n<div class=\"aio-icon none \"  style=\"color:#84c561;font-size:20px;display:inline-block;\">\n\t<i class=\"Defaults-phone\"><\/i>\n<\/div><\/div><\/div><\/div><div class=\"aio-ibd-block\"><div class=\"aio-icon-header\" ><h3 class=\"aio-icon-title ult-responsive\"  data-ultimate-target='#Info-box-wrap-1180 .aio-icon-title'  data-responsive-json-new='{\"font-size\":\"desktop:16px;\",\"line-height\":\"desktop:26px;\"}'  style=\"font-family:&#039;Montserrat&#039;;font-weight:700;\">Tel\u00e9fono y Fax<\/h3><\/div> <!-- header --><div class=\"aio-icon-description ult-responsive\"  data-ultimate-target='#Info-box-wrap-1180 .aio-icon-description'  data-responsive-json-new='{\"font-size\":\"\",\"line-height\":\"\"}'  style=\"\"><\/p>\n<div class=\"address\">\n<p class=\"title\"><span class=\"h5\"><strong>Easy Forex Trading Ltd (CySEC 079\/07), sede europea<\/strong><\/span><br \/>\nP.O. Box 53742<br \/>\nLimasol 3317<br \/>\nChipre<\/p>\n<p><strong>Tel.:<\/strong>\u00a0+357 25 828 899<br \/>\n<strong>Fax:<\/strong>\u00a0+357 25 817 183<\/p>\n<p>&nbsp;<\/p>\n<\/div>\n<div class=\"address\">\n<p class=\"title\"><span class=\"h5\"><strong>Easy Markets PTY Ltd (AFSL 246566), Sede en Asia Pac\u00edfico<\/strong><\/span><br \/>\nSuite 703<br \/>\n65 York Street<br \/>\nS\u00eddney, NSW 2000<br \/>\nAustralia<\/p>\n<p><strong>Tel.:<\/strong>\u00a01300 303 908<\/p>\n<\/div>\n<p><\/div> <!-- description --><\/div> <!-- aio-ibd-block --><\/div> <!-- aio-icon-box --><\/div> <!-- aio-icon-component -->[\/vc_column][vc_column width=&#8221;1\/3&#8243; offset=&#8221;vc_col-lg-4 vc_col-md-4&#8243;]<div class=\"aio-icon-component  vc_custom_1574331213611   style_1\"><div id=\"Info-box-wrap-5826\" class=\"aio-icon-box left-icon\" style=\"\"  ><div class=\"aio-icon-left\"><div class=\"ult-just-icon-wrapper  \"><div class=\"align-icon\" style=\"text-align:center;\">\n<div class=\"aio-icon none \"  style=\"color:#84c561;font-size:20px;display:inline-block;\">\n\t<i class=\"Defaults-envelope-o\"><\/i>\n<\/div><\/div><\/div><\/div><div class=\"aio-ibd-block\"><div class=\"aio-icon-header\" ><h3 class=\"aio-icon-title ult-responsive\"  data-ultimate-target='#Info-box-wrap-5826 .aio-icon-title'  data-responsive-json-new='{\"font-size\":\"desktop:16px;\",\"line-height\":\"desktop:26px;\"}'  style=\"font-family:&#039;Montserrat&#039;;font-weight:700;\">Correo electr\u00f3nico<\/h3><\/div> <!-- header --><div class=\"aio-icon-description ult-responsive\"  data-ultimate-target='#Info-box-wrap-5826 .aio-icon-description'  data-responsive-json-new='{\"font-size\":\"\",\"line-height\":\"\"}'  style=\"\"><\/p>\n<div class=\"col-xs-12 col-md-5\"><span class=\"h5\"><strong>Soporte para afiliados:<\/strong><\/span><\/div>\n<div class=\"col-xs-12 col-md-7\"><a title=\"correo de atenci\u00f3n al cliente\" href=\"mailto:partners@easymarketspartners.com\">partners@easymarketspartners.com<\/a><\/div>\n<p>&nbsp;<\/p>\n<div class=\"col-xs-12 col-md-5\"><span class=\"h5\"><strong>Soporte para Brokers Introductores (IBs):<\/strong><\/span><\/div>\n<div class=\"col-xs-12 col-md-7\"><a title=\"correo de informaci\u00f3n sobre afiliados y br\u00f3kers de introducci\u00f3n\" href=\"mailto:offline-ib@forex-affiliate.com\">offline-ib@forex-affiliate.com<\/a><\/div>\n<p><\/div> <!-- description --><\/div> <!-- aio-ibd-block --><\/div> <!-- aio-icon-box --><\/div> <!-- aio-icon-component -->[\/vc_column][vc_column width=&#8221;1\/3&#8243; offset=&#8221;vc_col-lg-4 vc_col-md-4&#8243;][\/vc_column][\/vc_row][vc_row equal_height=&#8221;yes&#8221; bg_type=&#8221;bg_color&#8221; bg_override=&#8221;ex-full&#8221; type=&#8221;vc_default&#8221; bg_color_value=&#8221;#f4f4f4&#8243; el_id=&#8221;menu_section&#8221; css=&#8221;.vc_custom_1474212689494{margin-bottom: -80px !important;padding-top: 80px !important;padding-bottom: 50px !important;}&#8221;][vc_column css=&#8221;.vc_custom_1469438249390{margin-right: 30px !important;margin-bottom: 30px !important;margin-left: 30px !important;padding-top: 45px !important;padding-right: 40px !important;padding-bottom: 40px !important;padding-left: 40px !important;background-color: #ffffff !important;}&#8221; offset=&#8221;vc_col-lg-offset-0 vc_col-lg-6 vc_col-md-offset-0 vc_col-md-6 vc_col-sm-offset-0&#8243;]<div id=\"ultimate-heading-390669dc56bec0840\" class=\"uvc-heading ult-adjust-bottom-margin ultimate-heading-390669dc56bec0840 uvc-9362 \" data-hspacer=\"line_only\"  data-halign=\"left\" style=\"text-align:left\"><div class=\"uvc-main-heading ult-responsive\"  data-ultimate-target='.uvc-heading.ultimate-heading-390669dc56bec0840 h2'  data-responsive-json-new='{\"font-size\":\"\",\"line-height\":\"\"}' ><h2 style=\"font-weight:bold;margin-bottom:10px;\">Indicaciones<\/h2><\/div><div class=\"uvc-heading-spacer line_only\" style=\"margin-bottom:30px;height:3px;\"><span class=\"uvc-headings-line\" style=\"border-style:solid;border-bottom-width:3px;border-color:#53c271;width:50px;\"><\/span><\/div><\/div>[vc_column_text]<a href=\"0x456b0220096d69c6!8m2!3d34.6845069!4d33.0521382\" target=\"_blank\" rel=\"noopener noreferrer\"><img loading=\"lazy\" class=\"alignnone wp-image-972 size-full\" title=\"Click to view larger\" src=\"\/\/easymarketspartners.com\/wp-content\/uploads\/2019\/08\/location-map.png\" alt=\"\" width=\"664\" height=\"552\" srcset=\"https:\/\/easymarketspartners.com\/wp-content\/uploads\/2019\/08\/location-map.png 664w, https:\/\/easymarketspartners.com\/wp-content\/uploads\/2019\/08\/location-map-300x249.png 300w\" sizes=\"(max-width: 664px) 100vw, 664px\" \/><\/a>[\/vc_column_text][\/vc_column][vc_column css=&#8221;.vc_custom_1469438263635{margin-right: 30px !important;margin-bottom: 30px !important;margin-left: 30px !important;padding-top: 45px !important;padding-right: 40px !important;padding-bottom: 30px !important;padding-left: 40px !important;background-color: #ffffff !important;}&#8221; offset=&#8221;vc_col-lg-6 vc_col-md-6&#8243;]<div id=\"ultimate-heading-955869dc56bec08e3\" class=\"uvc-heading ult-adjust-bottom-margin ultimate-heading-955869dc56bec08e3 uvc-5462 \" data-hspacer=\"line_only\"  data-halign=\"left\" style=\"text-align:left\"><div class=\"uvc-main-heading ult-responsive\"  data-ultimate-target='.uvc-heading.ultimate-heading-955869dc56bec08e3 h2'  data-responsive-json-new='{\"font-size\":\"\",\"line-height\":\"\"}' ><h2 style=\"font-weight:bold;margin-bottom:10px;\">Formulario de contacto<\/h2><\/div><div class=\"uvc-heading-spacer line_only\" style=\"margin-bottom:30px;height:3px;\"><span class=\"uvc-headings-line\" style=\"border-style:solid;border-bottom-width:3px;border-color:#53c271;width:50px;\"><\/span><\/div><\/div><form class=\"dt-contact-form dt-form\" action=\"\/\" method=\"post\">\n<input type=\"hidden\" name=\"widget_id\" value=\"presscore-contact-form-widget--1\" \/><input type=\"hidden\" name=\"send_message\" value=\"\" \/><input type=\"hidden\" name=\"security_token\" value=\"c5d63f698499d91a8c89\"\/><div class=\"form-fields\"><span class=\"form-name\"><label class=\"assistive-text\">Nombre *<\/label><input type=\"text\" class=\"validate[required]\" placeholder=\"Nombre *\" name=\"name\" value=\"\" aria-required=\"true\">\n<\/span><span class=\"form-mail\"><label class=\"assistive-text\">E-mail *<\/label><input type=\"text\" class=\"validate[required,custom[email]]\" placeholder=\"E-mail *\" name=\"email\" value=\"\" aria-required=\"true\">\n<\/span><span class=\"form-telephone\"><label class=\"assistive-text\">Tel\u00e9fono\r\n<\/label><input type=\"text\" placeholder=\"Tel\u00e9fono\r\n\" name=\"telephone\" value=\"\" aria-required=\"false\">\n<\/span><\/div><span class=\"form-message\"><label class=\"assistive-text\">Mensaje\r\n<\/label><textarea placeholder=\"Mensaje\r\n\" name=\"message\" rows=\"7\" aria-required=\"false\"><\/textarea>\n<\/span><p><a href=\"#\" class=\"dt-btn dt-btn-m dt-btn-submit\" rel=\"nofollow\"><span>Send message<\/span><\/a><input class=\"assistive-text\" type=\"submit\" value=\"enviar\"><\/p><\/form>\n[\/vc_column][\/vc_row][vc_row][vc_column][\/vc_column][\/vc_row]<\/p>\n","protected":false},"excerpt":{"rendered":"<p>[vc_row content_placement=&#8221;top&#8221; type=&#8221;vc_default&#8221; css=&#8221;.vc_custom_1474212713065{margin-top: -20px !important;padding-bottom: 30px !important;}&#8221;][vc_column css=&#8221;.vc_custom_1565181755572{margin-bottom: 45px !important;padding-bottom: 45px !important;}&#8221;][vc_column_text] Si tiene alguna pregunta,\u00a0queja\u00a0o necesita ayuda, cont\u00e1ctenos directamente en una de nuestras oficinas locales o en nuestra sede central. [\/vc_column_text][\/vc_column][vc_column width=&#8221;1\/3&#8243; offset=&#8221;vc_col-lg-4 vc_col-md-4&#8243;][\/vc_column][vc_column width=&#8221;1\/3&#8243; offset=&#8221;vc_col-lg-4 vc_col-md-4&#8243;][\/vc_column][vc_column width=&#8221;1\/3&#8243; offset=&#8221;vc_col-lg-4 vc_col-md-4&#8243;][\/vc_column][\/vc_row][vc_row equal_height=&#8221;yes&#8221; bg_type=&#8221;bg_color&#8221; bg_override=&#8221;ex-full&#8221; type=&#8221;vc_default&#8221; bg_color_value=&#8221;#f4f4f4&#8243; el_id=&#8221;menu_section&#8221; css=&#8221;.vc_custom_1474212689494{margin-bottom: -80px !important;padding-top: 80px !important;padding-bottom: 50px !important;}&#8221;][vc_column&hellip;<\/p>\n","protected":false},"author":9,"featured_media":0,"parent":0,"menu_order":0,"comment_status":"closed","ping_status":"closed","template":"","meta":[],"yoast_head":"<!-- This site is optimized with the Yoast SEO plugin v19.6 - https:\/\/yoast.com\/wordpress\/plugins\/seo\/ -->\n<title>P\u00f3ngase en contacto con nosotros | Socios de easyMarkets<\/title>\n<meta name=\"description\" content=\"Informaci\u00f3n de contacto para afiliados de easyMarkets.\" \/>\n<meta name=\"robots\" content=\"index, follow, max-snippet:-1, max-image-preview:large, max-video-preview:-1\" \/>\n<link rel=\"canonical\" href=\"https:\/\/easymarketspartners.com\/contact\/\" \/>\n<meta property=\"og:locale\" content=\"es_ES\" \/>\n<meta property=\"og:type\" content=\"article\" \/>\n<meta property=\"og:title\" content=\"P\u00f3ngase en contacto con nosotros | Socios de easyMarkets\" \/>\n<meta property=\"og:description\" content=\"Informaci\u00f3n de contacto para afiliados de easyMarkets.\" \/>\n<meta property=\"og:url\" content=\"https:\/\/easymarketspartners.com\/contact\/\" \/>\n<meta property=\"og:site_name\" content=\"easyMarkets Partners\" \/>\n<meta property=\"article:modified_time\" content=\"2022-11-08T07:40:34+00:00\" \/>\n<meta name=\"twitter:card\" content=\"summary_large_image\" \/>\n<meta name=\"twitter:label1\" content=\"Est. reading time\" \/>\n\t<meta name=\"twitter:data1\" content=\"2 minutes\" \/>\n<script type=\"application\/ld+json\" class=\"yoast-schema-graph\">{\"@context\":\"https:\/\/schema.org\",\"@graph\":[{\"@type\":\"WebPage\",\"@id\":\"https:\/\/easymarketspartners.com\/contact\/\",\"url\":\"https:\/\/easymarketspartners.com\/contact\/\",\"name\":\"P\u00f3ngase en contacto con nosotros | Socios de easyMarkets\",\"isPartOf\":{\"@id\":\"https:\/\/easymarketspartners.com\/#website\"},\"datePublished\":\"2020-01-20T14:48:40+00:00\",\"dateModified\":\"2022-11-08T07:40:34+00:00\",\"description\":\"Informaci\u00f3n de contacto para afiliados de easyMarkets.\",\"breadcrumb\":{\"@id\":\"https:\/\/easymarketspartners.com\/contact\/#breadcrumb\"},\"inLanguage\":\"es-ES\",\"potentialAction\":[{\"@type\":\"ReadAction\",\"target\":[\"https:\/\/easymarketspartners.com\/contact\/\"]}]},{\"@type\":\"BreadcrumbList\",\"@id\":\"https:\/\/easymarketspartners.com\/contact\/#breadcrumb\",\"itemListElement\":[{\"@type\":\"ListItem\",\"position\":1,\"name\":\"Home\",\"item\":\"https:\/\/easymarketspartners.com\/es\/\"},{\"@type\":\"ListItem\",\"position\":2,\"name\":\"Contacto\"}]},{\"@type\":\"WebSite\",\"@id\":\"https:\/\/easymarketspartners.com\/#website\",\"url\":\"https:\/\/easymarketspartners.com\/\",\"name\":\"easyMarkets Partners\",\"description\":\"Fast Payouts,  Competitive CPA\",\"potentialAction\":[{\"@type\":\"SearchAction\",\"target\":{\"@type\":\"EntryPoint\",\"urlTemplate\":\"https:\/\/easymarketspartners.com\/?s={search_term_string}\"},\"query-input\":\"required name=search_term_string\"}],\"inLanguage\":\"es-ES\"}]}<\/script>\n<!-- \/ Yoast SEO plugin. -->","yoast_head_json":{"title":"P\u00f3ngase en contacto con nosotros | Socios de easyMarkets","description":"Informaci\u00f3n de contacto para afiliados de easyMarkets.","robots":{"index":"index","follow":"follow","max-snippet":"max-snippet:-1","max-image-preview":"max-image-preview:large","max-video-preview":"max-video-preview:-1"},"canonical":"https:\/\/easymarketspartners.com\/contact\/","og_locale":"es_ES","og_type":"article","og_title":"P\u00f3ngase en contacto con nosotros | Socios de easyMarkets","og_description":"Informaci\u00f3n de contacto para afiliados de easyMarkets.","og_url":"https:\/\/easymarketspartners.com\/contact\/","og_site_name":"easyMarkets Partners","article_modified_time":"2022-11-08T07:40:34+00:00","twitter_card":"summary_large_image","twitter_misc":{"Est. reading time":"2 minutes"},"schema":{"@context":"https:\/\/schema.org","@graph":[{"@type":"WebPage","@id":"https:\/\/easymarketspartners.com\/contact\/","url":"https:\/\/easymarketspartners.com\/contact\/","name":"P\u00f3ngase en contacto con nosotros | Socios de easyMarkets","isPartOf":{"@id":"https:\/\/easymarketspartners.com\/#website"},"datePublished":"2020-01-20T14:48:40+00:00","dateModified":"2022-11-08T07:40:34+00:00","description":"Informaci\u00f3n de contacto para afiliados de easyMarkets.","breadcrumb":{"@id":"https:\/\/easymarketspartners.com\/contact\/#breadcrumb"},"inLanguage":"es-ES","potentialAction":[{"@type":"ReadAction","target":["https:\/\/easymarketspartners.com\/contact\/"]}]},{"@type":"BreadcrumbList","@id":"https:\/\/easymarketspartners.com\/contact\/#breadcrumb","itemListElement":[{"@type":"ListItem","position":1,"name":"Home","item":"https:\/\/easymarketspartners.com\/es\/"},{"@type":"ListItem","position":2,"name":"Contacto"}]},{"@type":"WebSite","@id":"https:\/\/easymarketspartners.com\/#website","url":"https:\/\/easymarketspartners.com\/","name":"easyMarkets Partners","description":"Fast Payouts,  Competitive CPA","potentialAction":[{"@type":"SearchAction","target":{"@type":"EntryPoint","urlTemplate":"https:\/\/easymarketspartners.com\/?s={search_term_string}"},"query-input":"required name=search_term_string"}],"inLanguage":"es-ES"}]}},"_links":{"self":[{"href":"https:\/\/easymarketspartners.com\/es\/wp-json\/wp\/v2\/pages\/1810"}],"collection":[{"href":"https:\/\/easymarketspartners.com\/es\/wp-json\/wp\/v2\/pages"}],"about":[{"href":"https:\/\/easymarketspartners.com\/es\/wp-json\/wp\/v2\/types\/page"}],"author":[{"embeddable":true,"href":"https:\/\/easymarketspartners.com\/es\/wp-json\/wp\/v2\/users\/9"}],"replies":[{"embeddable":true,"href":"https:\/\/easymarketspartners.com\/es\/wp-json\/wp\/v2\/comments?post=1810"}],"version-history":[{"count":10,"href":"https:\/\/easymarketspartners.com\/es\/wp-json\/wp\/v2\/pages\/1810\/revisions"}],"predecessor-version":[{"id":6216,"href":"https:\/\/easymarketspartners.com\/es\/wp-json\/wp\/v2\/pages\/1810\/revisions\/6216"}],"wp:attachment":[{"href":"https:\/\/easymarketspartners.com\/es\/wp-json\/wp\/v2\/media?parent=1810"}],"curies":[{"name":"wp","href":"https:\/\/api.w.org\/{rel}","templated":true}]}}