{"id":1817,"date":"2020-01-20T14:59:29","date_gmt":"2020-01-20T14:59:29","guid":{"rendered":"http:\/\/easymarketspartners.com\/programas\/"},"modified":"2024-01-23T14:52:50","modified_gmt":"2024-01-23T14:52:50","slug":"programs","status":"publish","type":"page","link":"https:\/\/easymarketspartners.com\/es\/programs\/","title":{"rendered":"Programas"},"content":{"rendered":"<p>[vc_row full_width=&#8221;stretch_row&#8221; bg_type=&#8221;bg_color&#8221; css=&#8221;.vc_custom_1704955942193{margin-bottom: 0px !important;padding-top: 45px !important;padding-bottom: 45px !important;}&#8221; bg_color_value=&#8221;#f2f7f9&#8243;][vc_column width=&#8221;2\/3&#8243; css=&#8221;.vc_custom_1704955563512{padding-top: 0px !important;padding-bottom: 0px !important;}&#8221;][vc_column_text css=&#8221;.vc_custom_1705653597333{margin-bottom: 0px !important;}&#8221;]<\/p>\n<div class=\"wpb_text_column wpb_content_element vc_custom_1667813825760\">\n<div class=\"wpb_wrapper\">\n<div class=\"wpb_text_column wpb_content_element vc_custom_1578906608650\">\n<div class=\"wpb_wrapper\">\n<div class=\"wpb_text_column wpb_content_element vc_custom_1667898503841\">\n<div class=\"wpb_wrapper\">\n<p>Los brokers introductores de easyMarkets reciben algunas de las\u00a0<span style=\"color: #84c561;\"><strong>comisiones m\u00e1s altas del sector<\/strong><\/span>. Siempre hay disponible un gestor de cuenta de broker introductor especializado para ayudarle a aumentar su canal de ingresos. Nuestro alto nivel de atenci\u00f3n al cliente y herramientas y condiciones excepcionales garantizan una alta tasa de conversi\u00f3n.<\/div>\n<\/div>\n<\/div>\n<\/div>\n<\/div>\n<\/div>\n<p>[\/vc_column_text][\/vc_column][vc_column width=&#8221;1\/3&#8243; css=&#8221;.vc_custom_1704955656673{padding-top: 0px !important;padding-bottom: 0px !important;}&#8221;]<div class=\"btn-align-center\"><a href=\"javascript:void(0);\" class=\"default-btn-shortcode dt-btn dt-btn-l default-btn-bg-on default-btn-bg-hover-on cd-log_reg home cd-signup cta-partner-btn  vc_custom_1705590937446\" id=\"default-btn-4811a33cd187c822df396aacad7d317d\"><span>SUSCR\u00cdBASE<\/span><\/a><\/div>[\/vc_column][\/vc_row][vc_row link=&#8221;url:http%3A%2F%2Fthe7.io%2Fpsy%2Fcontact%2F|||&#8221; smooth_scroll=&#8221;n&#8221; el_class=&#8221;cta-partner-btn&#8221; size=&#8221;big&#8221; font_size=&#8221;14px&#8221; button_padding=&#8221;12px 18px 12px 18px&#8221; border_width=&#8221;0px&#8221; border_radius=&#8221;1px&#8221; btn_decoration=&#8221;none&#8221; btn_width=&#8221;btn_auto_width&#8221; custom_btn_width=&#8221;200&#8243; button_alignment=&#8221;btn_center&#8221; animation=&#8221;&#8221; default_btn_bg=&#8221;y&#8221; default_btn_bg_color=&#8221;&#8221; default_btn_bg_hover=&#8221;y&#8221; bg_hover_color=&#8221;#075c8f&#8221; default_btn_border_color=&#8221;&#8221; default_btn_border_hover_color=&#8221;#075c8f&#8221; text_color=&#8221;&#8221; text_hover_color=&#8221;&#8221; icon_picker=&#8221;&#8221; icon_align=&#8221;left&#8221; css=&#8221;.vc_custom_1704956477817{margin-top: 40px !important;margin-bottom: 40px !important;padding-top: 0px !important;padding-bottom: 0px !important;}&#8221;][vc_column css=&#8221;.vc_custom_1704956033130{padding-top: 0px !important;padding-bottom: 0px !important;}&#8221;][vc_column_text]<\/p>\n<h2><strong><span style=\"color: #0a6292;\"><span style=\"color: #83c661;\">IB<\/span> de easyMarkets<\/span><\/strong><\/h2>\n<p style=\"text-align: left;\">Los broker introductores se centran en la interacci\u00f3n cara a cara con sus clientes, organizan seminarios, presentaciones y asisten a eventos del sector. El programa IB cuenta con un plan de compensaci\u00f3n muy competitivo debido al alto nivel de pagos y al bajo umbral para las retiradas. Un IB por lo general tiene contacto personal con los clientes que deriva.<\/p>\n<p>[\/vc_column_text][vc_row_inner][vc_column_inner width=&#8221;1\/2&#8243;][vc_column_text]<\/p>\n<div class=\"why-partners-list\"><img loading=\"lazy\" class=\"alignnone wp-image-1195\" src=\"https:\/\/easymarketspartners.com\/wp-content\/uploads\/2019\/10\/NegativeBalanceProtectionTick.png\" alt=\"NegativeBalanceProtectionTick\" width=\"19\" height=\"19\" \/> Retiradas r\u00e1pidas sin complicaciones<\/div>\n<div class=\"why-partners-list why-partners-list__withsublist\"><img loading=\"lazy\" class=\"alignnone wp-image-1195\" src=\"https:\/\/easymarketspartners.com\/wp-content\/uploads\/2019\/10\/NegativeBalanceProtectionTick.png\" alt=\"NegativeBalanceProtectionTick\" width=\"19\" height=\"19\" \/> Plataforma propietaria de IB<\/div>\n<div class=\"why-partners-sublist\">\n<ul class=\"green-bullet-points\" style=\"list-style: none;\">\n<li>Rastree su actividad<\/li>\n<li>Controle sus referidos<\/li>\n<li>Acceda a material de marketing actualizado<\/li>\n<\/ul>\n<\/div>\n<div class=\"why-partners-list\"><img loading=\"lazy\" class=\"alignnone wp-image-1195\" src=\"https:\/\/easymarketspartners.com\/wp-content\/uploads\/2019\/10\/NegativeBalanceProtectionTick.png\" alt=\"NegativeBalanceProtectionTick\" width=\"19\" height=\"19\" \/> Gestor de cuenta IB especializado<\/div>\n<p>[\/vc_column_text][\/vc_column_inner][vc_column_inner width=&#8221;1\/2&#8243;][vc_column_text]<\/p>\n<div class=\"why-partners-list\"><img loading=\"lazy\" class=\"alignnone wp-image-1195\" src=\"https:\/\/easymarketspartners.com\/wp-content\/uploads\/2019\/10\/NegativeBalanceProtectionTick.png\" alt=\"NegativeBalanceProtectionTick\" width=\"19\" height=\"19\" \/> Experiencia de cliente con alta calificaci\u00f3n, que contribuye a que sus clientes referidos se queden<\/div>\n<div class=\"why-partners-list\"><img loading=\"lazy\" class=\"alignnone wp-image-1195\" src=\"https:\/\/easymarketspartners.com\/wp-content\/uploads\/2019\/10\/NegativeBalanceProtectionTick.png\" alt=\"NegativeBalanceProtectionTick\" width=\"19\" height=\"19\" \/> Registro de clientes en 2 pasos muy sencillos que minimiza la tasa de abandono<\/div>\n<p>[\/vc_column_text][\/vc_column_inner][\/vc_row_inner][vc_column_text css=&#8221;.vc_custom_1705655332359{margin-bottom: 0px !important;}&#8221;]<\/p>\n<p style=\"text-align: left;\">Nuestros programas de asociaci\u00f3n llevan funcionando ininterrumpidamente desde nuestra fundaci\u00f3n en 2001. De hecho, todav\u00eda hay socios trabajando con nosotros que se unieron por aquel entonces. Esto se debe a que entendemos y apoyamos el \u00e9xito de nuestros IBs.<\/p>\n<p>[\/vc_column_text][vc_raw_html css=&#8221;.vc_custom_1706021566094{padding-top: 40px !important;}&#8221;]JTNDZGl2JTIwc3R5bGUlM0QlMjJtYXJnaW4tdG9wJTNBJTIwMmVtJTIyJTNFJTBBJTIwJTIwJTNDZGl2JTNFJTBBJTIwJTIwJTNDaDIlMjBjbGFzcyUzRCUyMnRhYmxlLXRpdGxlJTIyJTNFJTBBJTIwJTIwJTIwJTIwJTNDc3BhbiUyMHN0eWxlJTNEJTIyY29sb3IlM0ElMjAlMjM4M2M2NjElMjIlM0VQcm9ncmFtYSUyMElCJTNDJTJGc3BhbiUzRSUwQSUyMCUyMCUyMCUyMGVhc3lMb3lhbHR5JTBBJTIwJTIwJTNDJTJGaDIlM0UlMEElM0MlMkZkaXYlM0UlMEElMjAlMjAlM0NkaXYlMjBjbGFzcyUzRCUyMnRhYmxlLXdyYXBwZXIlMjIlM0UlMEElMjAlMjAlMjAlMjAlM0N0YWJsZSUzRSUwQSUyMCUyMCUyMCUyMCUyMCUyMCUzQ3RoZWFkJTIwc3R5bGUlM0QlMjJ0ZXh0LWFsaWduJTNBJTIwY2VudGVyJTIyJTNFJTBBJTIwJTIwJTIwJTIwJTIwJTIwJTIwJTIwJTNDdHIlM0UlMEElMjAlMjAlMjAlMjAlMjAlMjAlMjAlMjAlMjAlMjAlM0N0aCUyMHN0eWxlJTNEJTIyYm9yZGVyLXRvcC1sZWZ0LXJhZGl1cyUzQSUyMDI0cHglMjIlM0UlMEElMjAlMjAlMjAlMjAlMjAlMjAlMjAlMjAlMjAlMjAlMjAlMjBDYW50aWRhZCUyME0lQzMlQURuaW1hJTIwZGUlMjBDbGllbnRlcyUwQSUyMCUyMCUyMCUyMCUyMCUyMCUyMCUyMCUyMCUyMCUzQyUyRnRoJTNFJTBBJTIwJTIwJTIwJTIwJTIwJTIwJTIwJTIwJTIwJTIwJTNDdGglM0VNb250byUyMG0lQzMlQURuaW1vJTIwZGUlMjBkZXAlQzMlQjNzaXRvJTNDJTJGdGglM0UlMEElMjAlMjAlMjAlMjAlMjAlMjAlMjAlMjAlMjAlMjAlM0N0aCUzRUwlQzMlQURtaXRlJTIwZGUlMjB0aWVtcG8lMjAlMjhtZXNlcyUyOSUzQyUyRnRoJTNFJTBBJTIwJTIwJTIwJTIwJTIwJTIwJTIwJTIwJTIwJTIwJTNDdGglM0VDYW50aWRhZCUyMHRvdGFsJTNDJTJGdGglM0UlMEElMjAlMjAlMjAlMjAlMjAlMjAlMjAlMjAlMjAlMjAlM0N0aCUyMHN0eWxlJTNEJTIyYm9yZGVyLXRvcC1yaWdodC1yYWRpdXMlM0ElMjAyNHB4JTIyJTNFUHJpemUlM0MlMkZ0aCUzRSUwQSUyMCUyMCUyMCUyMCUyMCUyMCUyMCUyMCUzQyUyRnRyJTNFJTBBJTIwJTIwJTIwJTIwJTIwJTIwJTNDJTJGdGhlYWQlM0UlMEElMjAlMjAlMjAlMjAlMjAlMjAlM0N0Ym9keSUzRSUwQSUyMCUyMCUyMCUyMCUyMCUyMCUyMCUyMCUzQ3RyJTNFJTBBJTIwJTIwJTIwJTIwJTIwJTIwJTIwJTIwJTIwJTIwJTNDdGQlM0U1JTNDJTJGdGQlM0UlMEElMjAlMjAlMjAlMjAlMjAlMjAlMjAlMjAlMjAlMjAlM0N0ZCUzRSUyNDEwMCUyMHBlciUyMEZURCUzQyUyRnRkJTNFJTBBJTIwJTIwJTIwJTIwJTIwJTIwJTIwJTIwJTIwJTIwJTNDdGQlM0UzJTIwbWVzZXMlM0MlMkZ0ZCUzRSUwQSUyMCUyMCUyMCUyMCUyMCUyMCUyMCUyMCUyMCUyMCUzQ3RkJTNFMTBNJTIwJTI4NTAlMjBsb3RlcyUyOSUzQyUyRnRkJTNFJTBBJTIwJTIwJTIwJTIwJTIwJTIwJTIwJTIwJTIwJTIwJTNDdGQlM0UlMjQxMDAlM0MlMkZ0ZCUzRSUwQSUyMCUyMCUyMCUyMCUyMCUyMCUyMCUyMCUzQyUyRnRyJTNFJTBBJTIwJTIwJTIwJTIwJTIwJTIwJTIwJTIwJTNDdHIlM0UlMEElMjAlMjAlMjAlMjAlMjAlMjAlMjAlMjAlMjAlMjAlM0N0ZCUzRTEwJTNDJTJGdGQlM0UlMEElMjAlMjAlMjAlMjAlMjAlMjAlMjAlMjAlMjAlMjAlM0N0ZCUzRSUyNDEwMCUyMHBlciUyMEZURCUzQyUyRnRkJTNFJTBBJTIwJTIwJTIwJTIwJTIwJTIwJTIwJTIwJTIwJTIwJTNDdGQlM0UzJTIwbWVzZXMlM0MlMkZ0ZCUzRSUwQSUyMCUyMCUyMCUyMCUyMCUyMCUyMCUyMCUyMCUyMCUzQ3RkJTNFNDBNJTIwJTI4MjAwJTIwbG90ZXMlMjklM0MlMkZ0ZCUzRSUwQSUyMCUyMCUyMCUyMCUyMCUyMCUyMCUyMCUyMCUyMCUzQ3RkJTNFJTI0NTAwJTNDJTJGdGQlM0UlMEElMjAlMjAlMjAlMjAlMjAlMjAlMjAlMjAlM0MlMkZ0ciUzRSUwQSUyMCUyMCUyMCUyMCUyMCUyMCUyMCUyMCUzQ3RyJTNFJTBBJTIwJTIwJTIwJTIwJTIwJTIwJTIwJTIwJTIwJTIwJTNDdGQlM0UxNSUzQyUyRnRkJTNFJTBBJTIwJTIwJTIwJTIwJTIwJTIwJTIwJTIwJTIwJTIwJTNDdGQlM0UlMjQxMDAlMjBwZXIlMjBGVEQlM0MlMkZ0ZCUzRSUwQSUyMCUyMCUyMCUyMCUyMCUyMCUyMCUyMCUyMCUyMCUzQ3RkJTNFMyUyMG1lc2VzJTNDJTJGdGQlM0UlMEElMjAlMjAlMjAlMjAlMjAlMjAlMjAlMjAlMjAlMjAlM0N0ZCUzRTgwTSUyMCUyODQwMCUyMGxvdGVzJTI5JTNDJTJGdGQlM0UlMEElMjAlMjAlMjAlMjAlMjAlMjAlMjAlMjAlMjAlMjAlM0N0ZCUzRSUyNDElMkMwMDAlM0MlMkZ0ZCUzRSUwQSUyMCUyMCUyMCUyMCUyMCUyMCUyMCUyMCUzQyUyRnRyJTNFJTBBJTIwJTIwJTIwJTIwJTIwJTIwJTIwJTIwJTNDdHIlM0UlMEElMjAlMjAlMjAlMjAlMjAlMjAlMjAlMjAlMjAlMjAlM0N0ZCUyMHN0eWxlJTNEJTIyYm9yZGVyLWJvdHRvbS1sZWZ0LXJhZGl1cyUzQSUyMDI0cHglMjIlM0UyMCUzQyUyRnRkJTNFJTBBJTIwJTIwJTIwJTIwJTIwJTIwJTIwJTIwJTIwJTIwJTNDdGQlM0UlMjQxMDAlMjBwZXIlMjBGVEQlM0MlMkZ0ZCUzRSUwQSUyMCUyMCUyMCUyMCUyMCUyMCUyMCUyMCUyMCUyMCUzQ3RkJTNFMyUyMG1lc2VzJTNDJTJGdGQlM0UlMEElMjAlMjAlMjAlMjAlMjAlMjAlMjAlMjAlMjAlMjAlM0N0ZCUzRTE2ME0lMjAlMjg4MDAlMjBsb3RlcyUyOSUzQyUyRnRkJTNFJTBBJTIwJTIwJTIwJTIwJTIwJTIwJTIwJTIwJTIwJTIwJTNDdGQlMjBzdHlsZSUzRCUyMmJvcmRlci1ib3R0b20tcmlnaHQtcmFkaXVzJTNBJTIwMjRweCUyMiUzRSUyNDIlMkMwMDAlM0MlMkZ0ZCUzRSUwQSUyMCUyMCUyMCUyMCUyMCUyMCUyMCUyMCUzQyUyRnRyJTNFJTBBJTIwJTIwJTIwJTIwJTIwJTIwJTNDJTJGdGJvZHklM0UlMEElMjAlMjAlMjAlMjAlM0MlMkZ0YWJsZSUzRSUwQSUyMCUyMCUzQyUyRmRpdiUzRSUwQSUyMCUyMCUzQ2ElMEElMjAlMjAlMjAlMjBocmVmJTNEJTIyaHR0cHMlM0ElMkYlMkZlYXN5bWFya2V0c3BhcnRuZXJzLmNvbSUyRndwLWNvbnRlbnQlMkZ1cGxvYWRzJTJGMjAyNCUyRjAxJTJGMjAyNDAxMDgtSUJzLUxveWFsdHktUHJvZ2FtbWUtVENzLnBkZiUyMiUwQSUyMCUyMCUyMCUyMHN0eWxlJTNEJTIyJTBBJTIwJTIwJTIwJTIwJTIwJTIwZm9udC13ZWlnaHQlM0ElMjA0MDAlM0IlMEElMjAlMjAlMjAlMjAlMjAlMjBmb250LXNpemUlM0ElMjAxMnB4JTNCJTBBJTIwJTIwJTIwJTIwJTIwJTIwbWFyZ2luLXRvcCUzQSUyMDQwcHglM0IlMEElMjAlMjAlMjAlMjAlMjAlMjBtYXJnaW4tbGVmdCUzQSUyMDVweCUzQiUwQSUyMCUyMCUyMCUyMCUyMCUyMHRleHQtZGVjb3JhdGlvbiUzQSUyMG5vbmUlM0IlMEElMjAlMjAlMjAlMjAlMjAlMjBjb2xvciUzQSUyMCUyMzA3NWM4ZiUzQiUwQSUyMCUyMCUyMCUyMCUyMiUwQSUyMCUyMCUyMCUyMCUzRSUyQUxvcyUyMHQlQzMlQTlybWlub3MlMjB5JTIwQ29uZGljaW9uZXMlMjBhcGxpY2FuJTBBJTIwJTIwJTNDJTJGYSUzRSUwQSUzQyUyRmRpdiUzRSUwQQ==[\/vc_raw_html][\/vc_column][\/vc_row][vc_row full_width=&#8221;stretch_row&#8221; bg_type=&#8221;bg_color&#8221; bg_color_value=&#8221;#f2f7f9&#8243; css=&#8221;.vc_custom_1704956901463{margin-bottom: 0px !important;padding-top: 45px !important;padding-bottom: 45px !important;}&#8221;][vc_column css=&#8221;.vc_custom_1704956853936{padding-top: 0px !important;padding-bottom: 0px !important;}&#8221;][vc_column_text]<\/p>\n<h2><strong><span style=\"color: #83c561;\">Afiliaci\u00f3n<\/span><span style=\"color: #0a6292;\"> a easyMarkets<\/span><\/strong><\/h2>\n<p style=\"text-align: left;\">La raz\u00f3n principal y m\u00e1s obvia son los ingresos. El motivo principal por la que la mayor\u00eda de los especialistas en marketing digital deciden afiliarse es para generar ingresos.<br \/>\nAsociarse a easyMarkets le ofrece m\u00faltiples opciones para adaptarse mejor y optimizar sus actividades, canales y grupo de referidos.[\/vc_column_text][\/vc_column][\/vc_row][vc_row css=&#8221;.vc_custom_1704956912759{margin-top: 40px !important;}&#8221;][vc_column css=&#8221;.vc_custom_1704957004789{padding-top: 0px !important;padding-bottom: 0px !important;}&#8221;][vc_column_text]<\/p>\n<h2><strong><span style=\"color: #0a6292;\">Materiale de marketing<\/span> <span style=\"color: #83c661;\">actualizado constantemente<\/span><\/strong><\/h2>\n<h4><strong style=\"color: #707070;\">Puede descargar todo ese material y m\u00e1s.<br \/>\n<\/strong><\/h4>\n<p>[\/vc_column_text][\/vc_column][\/vc_row][vc_row][vc_column width=&#8221;1\/6&#8243;][vc_column_text]<\/p>\n<div class=\"why-partners-list\"><img loading=\"lazy\" class=\"alignnone wp-image-1195\" src=\"https:\/\/easymarketspartners.com\/wp-content\/uploads\/2019\/10\/NegativeBalanceProtectionTick.png\" alt=\"NegativeBalanceProtectionTick\" width=\"19\" height=\"19\" \/> PDFs<\/div>\n<div class=\"why-partners-list why-partners-list__withsublist\"><img loading=\"lazy\" class=\"alignnone wp-image-1195\" src=\"https:\/\/easymarketspartners.com\/wp-content\/uploads\/2019\/10\/NegativeBalanceProtectionTick.png\" alt=\"NegativeBalanceProtectionTick\" width=\"19\" height=\"19\" \/> HTML 5<\/div>\n<p>[\/vc_column_text][\/vc_column][vc_column width=&#8221;1\/4&#8243;][vc_column_text]<\/p>\n<div class=\"why-partners-list\"><img loading=\"lazy\" class=\"alignnone wp-image-1195\" src=\"https:\/\/easymarketspartners.com\/wp-content\/uploads\/2019\/10\/NegativeBalanceProtectionTick.png\" alt=\"NegativeBalanceProtectionTick\" width=\"19\" height=\"19\" \/> Banners est\u00e1ticos<\/div>\n<div class=\"why-partners-list why-partners-list__withsublist\"><img loading=\"lazy\" class=\"alignnone wp-image-1195\" src=\"https:\/\/easymarketspartners.com\/wp-content\/uploads\/2019\/10\/NegativeBalanceProtectionTick.png\" alt=\"NegativeBalanceProtectionTick\" width=\"19\" height=\"19\" \/> Boletines\/correos electr\u00f3nicos promocionales<\/div>\n<p>[\/vc_column_text][\/vc_column][vc_column width=&#8221;1\/4&#8243;][vc_column_text]<\/p>\n<div class=\"why-partners-list\"><img loading=\"lazy\" class=\"alignnone wp-image-1195\" src=\"https:\/\/easymarketspartners.com\/wp-content\/uploads\/2019\/10\/NegativeBalanceProtectionTick.png\" alt=\"NegativeBalanceProtectionTick\" width=\"19\" height=\"19\" \/> P\u00e1ginas de aterrizaje<\/div>\n<div class=\"why-partners-list why-partners-list__withsublist\"><img loading=\"lazy\" class=\"alignnone wp-image-1195\" src=\"https:\/\/easymarketspartners.com\/wp-content\/uploads\/2019\/10\/NegativeBalanceProtectionTick.png\" alt=\"NegativeBalanceProtectionTick\" width=\"19\" height=\"19\" \/> V\u00eddeos formativos y promocionales<\/div>\n<p>[\/vc_column_text][\/vc_column][vc_column][vc_column_text]<\/p>\n<div style=\"text-align: left;\">Todos nuestros materiales de marketing est\u00e1n disponibles en varios idiomas para garantizar que se comunique de forma efectiva con sus clientes potenciales en su propio idioma.<\/div>\n<p>[\/vc_column_text][\/vc_column][\/vc_row][vc_row full_width=&#8221;stretch_row&#8221; bg_type=&#8221;bg_color&#8221; bg_color_value=&#8221;#f2f7f9&#8243; el_class=&#8221;programs-wrapper&#8221; css=&#8221;.vc_custom_1703083547710{padding-top: 45px !important;padding-bottom: 45px !important;}&#8221;][vc_column width=&#8221;1\/2&#8243; el_class=&#8221;programs-grey-col-left&#8221;][vc_column_text]<\/p>\n<h2><strong><span style=\"color: #0a6292;\"><br \/>\nPlataforma de afiliados <\/span><span style=\"color: #83c661;\">innovadora y potente<\/span><\/strong><\/h2>\n<p>&nbsp;<\/p>\n<div>\n<div class=\"why-partners-list\"><img loading=\"lazy\" class=\"alignnone wp-image-1195\" src=\"https:\/\/easymarketspartners.com\/wp-content\/uploads\/2019\/10\/NegativeBalanceProtectionTick.png\" alt=\"NegativeBalanceProtectionTick\" width=\"19\" height=\"19\" \/> An\u00e1lisis y seguimiento de campa\u00f1as<\/div>\n<div class=\"why-partners-list why-partners-list__withsublist\">\n<p><img loading=\"lazy\" class=\"alignnone wp-image-1195\" src=\"https:\/\/easymarketspartners.com\/wp-content\/uploads\/2019\/10\/NegativeBalanceProtectionTick.png\" alt=\"NegativeBalanceProtectionTick\" width=\"19\" height=\"19\" \/> Creaci\u00f3n sencilla de campa\u00f1as y seguimiento financiero<\/div>\n<\/div>\n<p>[\/vc_column_text][\/vc_column][vc_column width=&#8221;1\/2&#8243;][vc_single_image image=&#8221;1456&#8243; img_size=&#8221;360&#215;235&#8243; css_animation=&#8221;slideInRight&#8221; lazy_loading=&#8221;true&#8221; el_class=&#8221;programs-img&#8221; css=&#8221;.vc_custom_1703085449967{padding-top: 55px !important;padding-left: 45px !important;}&#8221;][\/vc_column][\/vc_row]<\/p>\n","protected":false},"excerpt":{"rendered":"<p>[vc_row full_width=&#8221;stretch_row&#8221; bg_type=&#8221;bg_color&#8221; css=&#8221;.vc_custom_1704955942193{margin-bottom: 0px !important;padding-top: 45px !important;padding-bottom: 45px !important;}&#8221; bg_color_value=&#8221;#f2f7f9&#8243;][vc_column width=&#8221;2\/3&#8243; css=&#8221;.vc_custom_1704955563512{padding-top: 0px !important;padding-bottom: 0px !important;}&#8221;][vc_column_text css=&#8221;.vc_custom_1705653597333{margin-bottom: 0px !important;}&#8221;] Los brokers introductores de easyMarkets reciben algunas de las\u00a0comisiones m\u00e1s altas del sector. Siempre hay disponible un gestor de cuenta de broker introductor especializado para ayudarle a aumentar su canal de ingresos. Nuestro alto nivel&hellip;<\/p>\n","protected":false},"author":9,"featured_media":0,"parent":0,"menu_order":0,"comment_status":"closed","ping_status":"open","template":"","meta":[],"yoast_head":"<!-- This site is optimized with the Yoast SEO plugin v19.6 - https:\/\/yoast.com\/wordpress\/plugins\/seo\/ -->\n<title>Programas de afiliaci\u00f3n forex | Broker Introductor | Socios de easyMarkets<\/title>\n<meta name=\"description\" content=\"Conozca los programas personalizados disponibles de Socios de easyMarkets, Afiliados de easyMarkets y Broker Introductor de easyMarkets.\" \/>\n<meta name=\"robots\" content=\"index, follow, max-snippet:-1, max-image-preview:large, max-video-preview:-1\" \/>\n<link rel=\"canonical\" href=\"https:\/\/easymarketspartners.com\/es\/programs\/\" \/>\n<meta property=\"og:locale\" content=\"es_ES\" \/>\n<meta property=\"og:type\" content=\"article\" \/>\n<meta property=\"og:title\" content=\"Programas de afiliaci\u00f3n forex | Broker Introductor | Socios de easyMarkets\" \/>\n<meta property=\"og:description\" content=\"Conozca los programas personalizados disponibles de Socios de easyMarkets, Afiliados de easyMarkets y Broker Introductor de easyMarkets.\" \/>\n<meta property=\"og:url\" content=\"https:\/\/easymarketspartners.com\/es\/programs\/\" \/>\n<meta property=\"og:site_name\" content=\"easyMarkets Partners\" \/>\n<meta property=\"article:modified_time\" content=\"2024-01-23T14:52:50+00:00\" \/>\n<meta property=\"og:image\" content=\"https:\/\/easymarketspartners.com\/wp-content\/uploads\/2019\/10\/NegativeBalanceProtectionTick.png\" \/>\n<meta name=\"twitter:card\" content=\"summary_large_image\" \/>\n<meta name=\"twitter:label1\" content=\"Est. reading time\" \/>\n\t<meta name=\"twitter:data1\" content=\"5 minutes\" \/>\n<script type=\"application\/ld+json\" class=\"yoast-schema-graph\">{\"@context\":\"https:\/\/schema.org\",\"@graph\":[{\"@type\":\"WebPage\",\"@id\":\"https:\/\/easymarketspartners.com\/es\/programs\/\",\"url\":\"https:\/\/easymarketspartners.com\/es\/programs\/\",\"name\":\"Programas de afiliaci\u00f3n forex | Broker Introductor | Socios de easyMarkets\",\"isPartOf\":{\"@id\":\"https:\/\/easymarketspartners.com\/#website\"},\"datePublished\":\"2020-01-20T14:59:29+00:00\",\"dateModified\":\"2024-01-23T14:52:50+00:00\",\"description\":\"Conozca los programas personalizados disponibles de Socios de easyMarkets, Afiliados de easyMarkets y Broker Introductor de easyMarkets.\",\"breadcrumb\":{\"@id\":\"https:\/\/easymarketspartners.com\/es\/programs\/#breadcrumb\"},\"inLanguage\":\"es-ES\",\"potentialAction\":[{\"@type\":\"ReadAction\",\"target\":[\"https:\/\/easymarketspartners.com\/es\/programs\/\"]}]},{\"@type\":\"BreadcrumbList\",\"@id\":\"https:\/\/easymarketspartners.com\/es\/programs\/#breadcrumb\",\"itemListElement\":[{\"@type\":\"ListItem\",\"position\":1,\"name\":\"Home\",\"item\":\"https:\/\/easymarketspartners.com\/es\/\"},{\"@type\":\"ListItem\",\"position\":2,\"name\":\"Programas\"}]},{\"@type\":\"WebSite\",\"@id\":\"https:\/\/easymarketspartners.com\/#website\",\"url\":\"https:\/\/easymarketspartners.com\/\",\"name\":\"easyMarkets Partners\",\"description\":\"Fast Payouts,  Competitive CPA\",\"potentialAction\":[{\"@type\":\"SearchAction\",\"target\":{\"@type\":\"EntryPoint\",\"urlTemplate\":\"https:\/\/easymarketspartners.com\/?s={search_term_string}\"},\"query-input\":\"required name=search_term_string\"}],\"inLanguage\":\"es-ES\"}]}<\/script>\n<!-- \/ Yoast SEO plugin. -->","yoast_head_json":{"title":"Programas de afiliaci\u00f3n forex | Broker Introductor | Socios de easyMarkets","description":"Conozca los programas personalizados disponibles de Socios de easyMarkets, Afiliados de easyMarkets y Broker Introductor de easyMarkets.","robots":{"index":"index","follow":"follow","max-snippet":"max-snippet:-1","max-image-preview":"max-image-preview:large","max-video-preview":"max-video-preview:-1"},"canonical":"https:\/\/easymarketspartners.com\/es\/programs\/","og_locale":"es_ES","og_type":"article","og_title":"Programas de afiliaci\u00f3n forex | Broker Introductor | Socios de easyMarkets","og_description":"Conozca los programas personalizados disponibles de Socios de easyMarkets, Afiliados de easyMarkets y Broker Introductor de easyMarkets.","og_url":"https:\/\/easymarketspartners.com\/es\/programs\/","og_site_name":"easyMarkets Partners","article_modified_time":"2024-01-23T14:52:50+00:00","og_image":[{"url":"https:\/\/easymarketspartners.com\/wp-content\/uploads\/2019\/10\/NegativeBalanceProtectionTick.png"}],"twitter_card":"summary_large_image","twitter_misc":{"Est. reading time":"5 minutes"},"schema":{"@context":"https:\/\/schema.org","@graph":[{"@type":"WebPage","@id":"https:\/\/easymarketspartners.com\/es\/programs\/","url":"https:\/\/easymarketspartners.com\/es\/programs\/","name":"Programas de afiliaci\u00f3n forex | Broker Introductor | Socios de easyMarkets","isPartOf":{"@id":"https:\/\/easymarketspartners.com\/#website"},"datePublished":"2020-01-20T14:59:29+00:00","dateModified":"2024-01-23T14:52:50+00:00","description":"Conozca los programas personalizados disponibles de Socios de easyMarkets, Afiliados de easyMarkets y Broker Introductor de easyMarkets.","breadcrumb":{"@id":"https:\/\/easymarketspartners.com\/es\/programs\/#breadcrumb"},"inLanguage":"es-ES","potentialAction":[{"@type":"ReadAction","target":["https:\/\/easymarketspartners.com\/es\/programs\/"]}]},{"@type":"BreadcrumbList","@id":"https:\/\/easymarketspartners.com\/es\/programs\/#breadcrumb","itemListElement":[{"@type":"ListItem","position":1,"name":"Home","item":"https:\/\/easymarketspartners.com\/es\/"},{"@type":"ListItem","position":2,"name":"Programas"}]},{"@type":"WebSite","@id":"https:\/\/easymarketspartners.com\/#website","url":"https:\/\/easymarketspartners.com\/","name":"easyMarkets Partners","description":"Fast Payouts,  Competitive CPA","potentialAction":[{"@type":"SearchAction","target":{"@type":"EntryPoint","urlTemplate":"https:\/\/easymarketspartners.com\/?s={search_term_string}"},"query-input":"required name=search_term_string"}],"inLanguage":"es-ES"}]}},"_links":{"self":[{"href":"https:\/\/easymarketspartners.com\/es\/wp-json\/wp\/v2\/pages\/1817"}],"collection":[{"href":"https:\/\/easymarketspartners.com\/es\/wp-json\/wp\/v2\/pages"}],"about":[{"href":"https:\/\/easymarketspartners.com\/es\/wp-json\/wp\/v2\/types\/page"}],"author":[{"embeddable":true,"href":"https:\/\/easymarketspartners.com\/es\/wp-json\/wp\/v2\/users\/9"}],"replies":[{"embeddable":true,"href":"https:\/\/easymarketspartners.com\/es\/wp-json\/wp\/v2\/comments?post=1817"}],"version-history":[{"count":18,"href":"https:\/\/easymarketspartners.com\/es\/wp-json\/wp\/v2\/pages\/1817\/revisions"}],"predecessor-version":[{"id":7358,"href":"https:\/\/easymarketspartners.com\/es\/wp-json\/wp\/v2\/pages\/1817\/revisions\/7358"}],"wp:attachment":[{"href":"https:\/\/easymarketspartners.com\/es\/wp-json\/wp\/v2\/media?parent=1817"}],"curies":[{"name":"wp","href":"https:\/\/api.w.org\/{rel}","templated":true}]}}