{"id":6240,"date":"2016-06-08T00:07:04","date_gmt":"2016-06-08T00:07:04","guid":{"rendered":"https:\/\/easymarketspartners.com\/payment-plans\/"},"modified":"2025-10-03T09:36:16","modified_gmt":"2025-10-03T09:36:16","slug":"payment-plans","status":"publish","type":"page","link":"https:\/\/easymarketspartners.com\/it\/payment-plans\/","title":{"rendered":"Payment Plans"},"content":{"rendered":"<p>[vc_row][vc_column][vc_column_text css=&#8221;.vc_custom_1667898013049{border-bottom-width: 50px !important;}&#8221;]<\/p>\n<p style=\"text-align: center;\">easyMarkets offre prelievi rapidi e semplici e alcuni dei piani di commissione pi\u00f9 competitivi del settore.<\/p>\n<p style=\"text-align: center;\">Inoltre l&#8217;attenzione di easyMarkets al supporto e all&#8217;assistenza dei partner garantisce un alto livello di conversione.<\/p>\n<p>[\/vc_column_text][vc_column_text css=&#8221;.vc_custom_1667898048287{margin-bottom: 30px !important;}&#8221;]<\/p>\n<h1 style=\"text-align: center;\"><strong><span style=\"color: #075c8f;\">Modello<\/span> <span style=\"color: #84c561;\">CPA<\/span><\/strong><\/h1>\n<p>[\/vc_column_text][vc_column_text css=&#8221;.vc_custom_1667898084095{margin-bottom: 50px !important;}&#8221;]<\/p>\n<p style=\"text-align: center;\">Il piano CPA di easyMarkets \u00e8 tra i pi\u00f9 paganti del settore. Cos&#8217;\u00e8 il CPA? Sta per <strong>Costo per utente attivato<\/strong>.<\/p>\n<p style=\"text-align: center;\">Il nostro esperto team di vendita convertir\u00e0 i tuoi lead in utenti attivati, massimizzando i tuoi sforzi, i tuoi referral e naturalmente la tua commissione CPA.<\/p>\n<p>[\/vc_column_text][\/vc_column][\/vc_row][vc_row][vc_column width=&#8221;1\/12&#8243;][\/vc_column][vc_column width=&#8221;5\/6&#8243; el_class=&#8221;com-plans&#8221;][vc_raw_html]JTNDZGl2JTIwY2xhc3MlM0QlMjJ0YWJsZS1yZXNwb25zaXZlJTIyJTNFJTBBJTNDdGFibGUlMjBjbGFzcyUzRCUyMnRhYmxlJTIwdGFibGUtYm9yZGVyZWQlMjIlM0UlMEElMjAlMjAlM0N0aGVhZCUzRSUwQSUyMCUyMCUyMCUyMCUzQ3RyJTNFJTBBJTIwJTIwJTIwJTIwJTIwJTIwJTNDdGglMjBzY29wZSUzRCUyMmNvbCUyMiUzRVBpYW5pJTIwZGVsbGElMjBDb21taXNzaW9uZSUzQyUyRnRoJTNFJTBBJTIwJTIwJTIwJTIwJTIwJTIwJTNDdGglMjBzY29wZSUzRCUyMmNvbCUyMiUzRUNQQSUzQyUyRnRoJTNFJTBBJTIwJTIwJTIwJTIwJTNDJTJGdHIlM0UlMEElMjAlMjAlM0MlMkZ0aGVhZCUzRSUwQSUyMCUyMCUzQ3Rib2R5JTNFJTBBJTIwJTIwJTIwJTIwJTNDdHIlM0UlMEElMjAlMjAlMjAlMjAlMjAlMjAlM0N0ZCUzRSUzQ3N0cm9uZyUzRU1pZ2xpb3JlJTIwb2ZmZXJ0YSUzQyUyRnN0cm9uZyUzRSUzQyUyRnRkJTNFJTBBJTIwJTIwJTIwJTIwJTIwJTIwJTNDdGQlM0UlM0NzdHJvbmclM0UlMjQxMDAwJTNDJTJGc3Ryb25nJTNFJTNDJTJGdGQlM0UlMEElMjAlMjAlMjAlMjAlM0MlMkZ0ciUzRSUwQSUyMCUyMCUyMCUyMCUzQ3RyJTNFJTBBJTIwJTIwJTIwJTIwJTIwJTIwJTNDdGQlM0VQYWVzaSUyMFRPUCUyMFRpZXIlMjAxJTNDJTJGdGQlM0UlMEElMjAlMjAlMjAlMjAlMjAlMjAlM0N0ZCUzRSUyNDYwMCUzQyUyRnRkJTNFJTBBJTIwJTIwJTIwJTIwJTNDJTJGdHIlM0UlMEElMjAlMjAlMjAlMjAlM0N0ciUzRSUwQSUyMCUyMCUyMCUyMCUyMCUyMCUzQ3RkJTNFUGFlc2klMjBkaSUyMGxpdmVsbG8lMjAxJTNDJTJGdGQlM0UlMEElMjAlMjAlMjAlMjAlMjAlMjAlM0N0ZCUzRSUyNDQwMCUzQyUyRnRkJTNFJTBBJTIwJTIwJTIwJTIwJTNDJTJGdHIlM0UlMEElM0N0ciUzRSUwQSUyMCUyMCUyMCUyMCUyMCUyMCUzQ3RkJTNFUGFlc2klMjBUaWVyJTIwMiUzQyUyRnRkJTNFJTBBJTIwJTIwJTIwJTIwJTIwJTIwJTNDdGQlM0UlMjQyMDAlM0MlMkZ0ZCUzRSUwQSUyMCUyMCUyMCUyMCUzQyUyRnRyJTNFJTBBJTIwJTIwJTNDJTJGdGJvZHklM0UlMEElM0MlMkZ0YWJsZSUzRSUwQSUzQyUyRmRpdiUzRQ==[\/vc_raw_html][\/vc_column][vc_column width=&#8221;1\/12&#8243;][\/vc_column][vc_column css=&#8221;.vc_custom_1578580001087{padding-bottom: 50px !important;}&#8221;]<div class=\"btn-align-center\"><a href=\"javascript:void(0);\" class=\"default-btn-shortcode dt-btn dt-btn-l default-btn-bg-on default-btn-bg-hover-on cd-log_reg home cd-signup cta-partner-btn  vc_custom_1667898142775\" id=\"default-btn-05487232a6927c7811d447164a034090\"><span>ISCRIVITI QUI<\/span><\/a><\/div>[vc_column_text]<\/p>\n<p style=\"text-align: center;\">Si prega di fare riferimento all&#8217;<a href=\"https:\/\/easymarketspartners.com\/wp-content\/uploads\/2025\/10\/Affiliate_Booklet_ROW.pdf\" target=\"_blank\" rel=\"noopener noreferrer\">Affiliate Comission Booklet<\/a> per un&#8217;ulteriore ripartizione dei livelli<\/p>\n<p>[\/vc_column_text][\/vc_column][\/vc_row][vc_section full_width=&#8221;stretch_row&#8221; css=&#8221;.vc_custom_1579618866408{margin-bottom: 50px !important;padding-top: 50px !important;background-color: #f2f7f9 !important;}&#8221;][vc_row][vc_column width=&#8221;1\/2&#8243;][vc_column_text css=&#8221;.vc_custom_1667898216327{margin-bottom: 30px !important;}&#8221;]<\/p>\n<h1 style=\"text-align: center;\"><strong><span style=\"color: #075c8f;\">Modello<\/span> <span style=\"color: #84c561;\">CPL<\/span><\/strong><\/h1>\n<p>[\/vc_column_text][vc_column_text css=&#8221;.vc_custom_1667898234727{margin-bottom: 30px !important;}&#8221;]<\/p>\n<p style=\"text-align: center;\">Un modello di affiliazione popolare e ampiamente offerto, la commissione viene pagata per ogni lead verificato al telefono.<\/p>\n<p style=\"text-align: center;\">Il nostro imbuto di registrazione in un solo passo assicura alti tassi di conversione che si traducono in maggiori entrate di affiliazione per te.<\/p>\n<p>[\/vc_column_text][\/vc_column][vc_column width=&#8221;1\/2&#8243;][vc_column_text css=&#8221;.vc_custom_1667898257263{margin-bottom: 30px !important;}&#8221;]<\/p>\n<h1 style=\"text-align: center;\"><strong><span style=\"color: #075c8f;\">Modello<\/span> <span style=\"color: #84c561;\">CPI<\/span><\/strong><\/h1>\n<p>[\/vc_column_text][vc_column_text css=&#8221;.vc_custom_1667898278848{margin-bottom: 50px !important;}&#8221;]<\/p>\n<p style=\"text-align: center;\">Guadagna entrate per ogni installazione di successo della nostra app attraverso il tuo link di riferimento. Questo \u00e8 un ottimo modello per i partner che si concentrano sul traffico mobile o cercano di aumentare le entrate attraverso un canale diverso.<\/p>\n<p>[\/vc_column_text][\/vc_column][\/vc_row][vc_row css=&#8221;.vc_custom_1579619470404{padding-bottom: 20px !important;}&#8221;][vc_column]<div class=\"btn-align-center\"><a href=\"javascript:void(0);\" class=\"default-btn-shortcode dt-btn dt-btn-l default-btn-bg-on default-btn-bg-hover-on cd-log_reg home cd-signup cta-partner-btn dt-btn-blue  vc_custom_1667898288327\" id=\"default-btn-255a8623f26aab060f736e01c3153cf4\"><span>ISCRIVITI QUI<\/span><\/a><\/div>[vc_column_text]<\/p>\n<p style=\"text-align: center;\" align=\"center\">Per maggiori informazioni, consultare il <a href=\"https:\/\/easymarketspartners.com\/wp-content\/uploads\/2025\/10\/AFFILIATION-AGREEMENT_20250930.pdf\" target=\"_blank\" rel=\"noopener\">contratto di affiliazione<\/a> o <a href=\"\/it\/contact\/\">contattaci<\/a>.<\/p>\n<p>[\/vc_column_text][\/vc_column][\/vc_row][\/vc_section][vc_row][vc_column width=&#8221;1\/2&#8243;][vc_column_text css=&#8221;.vc_custom_1667898332360{margin-bottom: 30px !important;}&#8221;]<\/p>\n<h1 style=\"text-align: center;\"><strong><span style=\"color: #075c8f;\">Modello di<\/span> <span style=\"color: #84c561;\">condivisione dello spread<\/span><\/strong><\/h1>\n<p>[\/vc_column_text][vc_column_text css=&#8221;.vc_custom_1667898342408{margin-bottom: 50px !important;}&#8221;]<\/p>\n<p style=\"text-align: center;\">Guadagna sulle attivit\u00e0 di trading dei tuoi clienti e ricevi fino al 40% degli spread sulle transazioni di ogni cliente.<\/p>\n<p>[\/vc_column_text][\/vc_column][vc_column width=&#8221;1\/2&#8243;][vc_column_text css=&#8221;.vc_custom_1667898364200{margin-bottom: 30px !important;}&#8221;]<\/p>\n<h1 style=\"text-align: center;\"><strong><span style=\"color: #84c561;\">2\u00b0<\/span>\u00a0<span style=\"color: #075c8f;\">livello<\/span><\/strong><\/h1>\n<p>[\/vc_column_text][vc_column_text css=&#8221;.vc_custom_1667898407999{margin-bottom: 50px !important;}&#8221;]<\/p>\n<p style=\"text-align: center;\">easyMarkets offre un livello 2nd Tier per gli affiliati. Quando diventi un Affiliato 2nd Tier, introduci altri affiliati al nostro programma e ricevi una commissione sulle loro entrate. La sua commissione \u00e8 calcolata ad un competitivo 10% delle entrate dei suoi affiliati.<\/p>\n<p>[\/vc_column_text][\/vc_column][\/vc_row][vc_section][\/vc_section][vc_row disable_element=&#8221;yes&#8221;][vc_column][vc_column_text]<style type=\"text\/css\">#go-pricing-table-796 .gw-go { margin-left:-12px; } #go-pricing-table-796 .gw-go-col { margin-left:12px; } #go-pricing-table-796 .gw-go-col-wrap { min-width:130px; } #go-pricing-table-796 .gw-go-col-inner { border-radius:0 0 0 0; } #go-pricing-table-796 ul.gw-go-body,  #go-pricing-table-796 ul.gw-go-body li { border:none !important; padding-top:1px; } #go-pricing-table-796 ul.gw-go-body li .gw-go-body-cell { padding-top:1px; } #go-pricing-table-796 ul.gw-go-body { padding-bottom:1px; } #go-pricing-table-796 .gw-go-tooltip-content { background-color:#333333;color:#ffffff;max-width:130px; } #go-pricing-table-796 .gw-go-tooltip:before { border-top-color:#333333; } #go-pricing-table-796 .gw-go-col-wrap-0 .gw-go-body li { color:#323132; } #go-pricing-table-796 .gw-go-col-wrap-0 .gw-go-body li.gw-go-even .gw-go-body-cell:before, #go-pricing-table-796 .gw-go-col-wrap-0 .gw-go-btn { background-color:#323132; } #go-pricing-table-796 .gw-go-col-wrap-0 .gw-go-body li[data-row-index=\"0\"] { font-size:14px !important; line-height:20px !important; } #go-pricing-table-796 .gw-go-col-wrap-0 .gw-go-footer-row[data-row-index=\"0\"]  { font-size:12px !important; line-height:16px !important; } #go-pricing-table-796 .gw-go-col-wrap-0 .gw-go-footer-row[data-row-index=\"1\"]  { font-size:12px !important; line-height:16px !important; } #go-pricing-table-796 .gw-go-col-wrap-1 .gw-go-body li { color:#323132; } #go-pricing-table-796 .gw-go-col-wrap-1 .gw-go-body li.gw-go-even .gw-go-body-cell:before, #go-pricing-table-796 .gw-go-col-wrap-1 .gw-go-btn { background-color:#323132; } #go-pricing-table-796 .gw-go-col-wrap-1 .gw-go-body li[data-row-index=\"0\"] { font-size:14px !important; line-height:20px !important; } #go-pricing-table-796 .gw-go-col-wrap-1 .gw-go-footer-row[data-row-index=\"0\"]  { font-size:12px !important; line-height:16px !important; } #go-pricing-table-796 .gw-go-col-wrap-1 .gw-go-footer-row[data-row-index=\"1\"]  { font-size:12px !important; line-height:16px !important; } #go-pricing-table-796 .gw-go-col-wrap-2 .gw-go-body li { color:#323132; } #go-pricing-table-796 .gw-go-col-wrap-2 .gw-go-body li.gw-go-even .gw-go-body-cell:before, #go-pricing-table-796 .gw-go-col-wrap-2 .gw-go-btn { background-color:#323132; } #go-pricing-table-796 .gw-go-col-wrap-2 .gw-go-body li[data-row-index=\"0\"] { font-size:14px !important; line-height:20px !important; } #go-pricing-table-796 .gw-go-col-wrap-2 .gw-go-footer-row[data-row-index=\"0\"]  { font-size:12px !important; line-height:16px !important; } #go-pricing-table-796 .gw-go-col-wrap-2 .gw-go-footer-row[data-row-index=\"1\"]  { font-size:12px !important; line-height:16px !important; } #go-pricing-table-796 .gw-go { visibility:inherit; } #go-pricing-table-796 .gw-go.gw-go-enlarge-current .gw-go-col-wrap.gw-go-hover .gw-go-footer-spacer,  #go-pricing-table-796 .gw-go.gw-go-enlarge-current.gw-go-hover .gw-go-col-wrap.gw-go-hover .gw-go-footer-spacer {    height: 15px;} #go-pricing-table-796 .gw-go-col.gw-go-clean-style15 .gw-go-body > li {    background: #ffffff;  } #go-pricing-table-796 .gw-go-col[class*=\"gw-go-clean-style\"] .gw-go-col-inner {  border-radius: 5px;    border: none;    border-bottom: none;  -webkit-box-shadow: 0 0 16px 1px rgba(0,0,0,.05);    box-shadow: 0 0 16px 1px rgba(0,0,0,.05);      -webkit-transition: .3s;    transition: .3s;   } #go-pricing-table-796 .gw-go-col[class*=\"gw-go-clean-style\"] .gw-go-col-inner:hover {  border-radius: 5px;    border: none;    border-bottom: none;      -webkit-box-shadow: 0 0 24px 1px rgba(0,0,0,.15);    box-shadow: 0 0 24px 1px rgba(0,0,0,.15);    -webkit-transform: translateY(-4px);    transform: translateY(-4px);   } #go-pricing-table-796 .btn{background: #075c8f !important;    color: #fff !important;    outline: none;    box-shadow: none;    display: inline-block;    margin-bottom: 0;    font-weight: 600;    text-align: center;    white-space: nowrap;    vertical-align: middle;    -ms-touch-action: manipulation;    touch-action: manipulation;    cursor: pointer;    background-image: none;    border: 1px solid transparent;    padding: 16px 68px;    font-size: 20px;    line-height: 1.42857143;    border-radius: 4px;    -webkit-user-select: none;    -moz-user-select: none;    -ms-user-select: none;    user-select: none;      -webkit-transition: .3s;    transition: .3s;} #go-pricing-table-796 .btn:hover{background: #80c061  !important;    color: #fff !important;    outline: none;    box-shadow: none;    display: inline-block;    margin-bottom: 0;    font-weight: 600;    text-align: center;    white-space: nowrap;    vertical-align: middle;    -ms-touch-action: manipulation;    touch-action: manipulation;    cursor: pointer;    background-image: none;    border: 1px solid transparent;    padding: 16px 68px;    font-size: 20px;    line-height: 1.42857143;    border-radius: 4px;    -webkit-user-select: none;    -moz-user-select: none;    -ms-user-select: none;    user-select: none;} #go-pricing-table-796 .gw-go-footer-wrap {    min-height: 165px;} #go-pricing-table-796 .bottom-txt{padding:25px 25px 0;}<\/style><style>@media only screen and (min-width: 480px) and (max-width: 767px) { #go-pricing-table-796 .gw-go-col-wrap { width:100%; } }<\/style><style>@media only screen and (min-width: 0px) and (max-width: 479px) { #go-pricing-table-796 .gw-go-col-wrap { width:100%; } }<\/style><div id=\"go-pricing-table-796\" class=\"go-pricing\" style=\"margin-bottom:20px;\"><div class=\"gw-go gw-go-clearfix gw-go-enlarge-current gw-go-3cols\" data-id=\"796\" data-colnum=\"3\" data-equalize=\"{&quot;footer&quot;:&quot;1&quot;,&quot;column&quot;:&quot;1&quot;}\" data-views=\"{&quot;tp&quot;:{&quot;min&quot;:&quot;768&quot;,&quot;max&quot;:&quot;959&quot;,&quot;cols&quot;:&quot;&quot;},&quot;ml&quot;:{&quot;min&quot;:&quot;480&quot;,&quot;max&quot;:&quot;767&quot;,&quot;cols&quot;:&quot;1&quot;},&quot;mp&quot;:{&quot;min&quot;:&quot;0&quot;,&quot;max&quot;:&quot;479&quot;,&quot;cols&quot;:&quot;1&quot;}}\"><div class=\"gw-go-col-wrap gw-go-col-wrap-0 gw-go-disable-hover\" data-col-index=\"0\"><div class=\"gw-go-col gw-go-clean-style15\"><div class=\"gw-go-col-inner\"><div class=\"gw-go-col-inner-layer\"><\/div><div class=\"gw-go-col-inner-layer-over\"><\/div><div class=\"gw-go-header\"><div class=\"gw-go-header gw-go-header-standard\" style=\"height:98px; background: #404041;\"><div style=\"position:absolute; top: 35px; font-size:27px !important;  line-height: 22px; font-weight: 600 !important; text-align:center; width:100%; color:#fff\">CPL Model<\/div><\/div><\/div><ul class=\"gw-go-body\"><li data-row-index=\"0\"><div class=\"gw-go-body-cell\"><p style=\"padding:25px;\">A popular and widely offered affiliate model, commission is paid for each phone-verified lead. Our one-step registration funnel ensures high conversion rates that translates into more affiliate revenue for you.<\/p><\/div><\/li><\/ul><div class=\"gw-go-footer-wrap\"><div class=\"gw-go-footer-spacer\"><\/div><div class=\"gw-go-footer\"><div class=\"gw-go-footer-rows\"><div class=\"gw-go-footer-row\" data-row-index=\"0\"><div class=\"gw-go-footer-row-inner\"><div class=\"cd-log_reg home\">\r\n<a style=\"text-decoration:none;\" class=\"cd-signup btn\" href=\"javascript:void(0);\">Sign Up<\/a>\r\n<\/div><\/div><\/div><div class=\"gw-go-footer-row gw-go-even\" data-row-index=\"1\"><div class=\"gw-go-footer-row-inner\"><p class=\"bottom-txt\">For more information please contact easyMarkets Partner Consultant<\/p><\/div><\/div><\/div><\/div><\/div><\/div><\/div><\/div><div class=\"gw-go-col-wrap gw-go-col-wrap-1 gw-go-hover gw-go-disable-hover\" data-current=\"1\" data-col-index=\"1\"><div class=\"gw-go-col gw-go-clean-style15\"><div class=\"gw-go-col-inner\"><div class=\"gw-go-col-inner-layer\"><\/div><div class=\"gw-go-col-inner-layer-over\"><\/div><div class=\"gw-go-header\"><div class=\"gw-go-header gw-go-header-standard\" style=\"height:98px; background: #80c061;\"><div style=\"position:absolute; top: 35px; font-size:27px !important;  line-height: 22px; font-weight: 600 !important; text-align:center; width:100%; color:#fff\">CPA Model<\/div><\/div><\/div><ul class=\"gw-go-body\"><li data-row-index=\"0\"><div class=\"gw-go-body-cell\"><p style=\"padding:25px;\">easyMarkets CPA Plan is amongst the highest paying in the industry. What is CPA? It stands for <span style=\"font-weight:600;\">Cost Per Activated<\/span> user. Our experienced sales team will convert your leads into activated users, maximizing both your efforts, referrals and of course your CPA commission.<\/p><\/div><\/li><\/ul><div class=\"gw-go-footer-wrap\"><div class=\"gw-go-footer-spacer\"><\/div><div class=\"gw-go-footer\"><div class=\"gw-go-footer-rows\"><div class=\"gw-go-footer-row\" data-row-index=\"0\"><div class=\"gw-go-footer-row-inner\"><div class=\"cd-log_reg home\">\r\n<a style=\"text-decoration:none;\" class=\"cd-signup btn\" href=\"javascript:void(0);\">Sign Up<\/a>\r\n<\/div><\/div><\/div><div class=\"gw-go-footer-row gw-go-even\" data-row-index=\"1\"><div class=\"gw-go-footer-row-inner\"><p class=\"bottom-txt\">Please refer to <a target=\"_blank\" href=\"\/wp-content\/uploads\/2019\/11\/Affiliate-Commission-Booklet-EN2-11-19.pdf\">Affiliate Comission Booklet<\/a> for further breakdown of Tiers<\/p><\/div><\/div><\/div><\/div><\/div><\/div><\/div><\/div><div class=\"gw-go-col-wrap gw-go-col-wrap-2 gw-go-disable-hover\" data-col-index=\"2\"><div class=\"gw-go-col gw-go-clean-style15\"><div class=\"gw-go-col-inner\"><div class=\"gw-go-col-inner-layer\"><\/div><div class=\"gw-go-col-inner-layer-over\"><\/div><div class=\"gw-go-header\"><div class=\"gw-go-header gw-go-header-standard\" style=\"height:98px; background: #404041;\"><div style=\"position:absolute; top: 35px; font-size:27px !important;  line-height: 22px; font-weight: 600 !important; text-align:center; width:100%; color:#fff\">2nd Tier<\/div><\/div><\/div><ul class=\"gw-go-body\"><li data-row-index=\"0\"><div class=\"gw-go-body-cell\"><p style=\"padding:25px;\">easyMarkets offers a 2nd Tier level for Affiliates. When you become a 2nd Tier Affiliate you introduce other affiliates to our program and you get paid commission on their revenue.<\/p><\/div><\/li><\/ul><div class=\"gw-go-footer-wrap\"><div class=\"gw-go-footer-spacer\"><\/div><div class=\"gw-go-footer\"><div class=\"gw-go-footer-rows\"><div class=\"gw-go-footer-row\" data-row-index=\"0\"><div class=\"gw-go-footer-row-inner\"><div class=\"cd-log_reg home\">\r\n<a style=\"text-decoration:none;\" class=\"cd-signup btn\" href=\"javascript:void(0);\">Sign Up<\/a>\r\n<\/div><\/div><\/div><div class=\"gw-go-footer-row gw-go-even\" data-row-index=\"1\"><div class=\"gw-go-footer-row-inner\"><p class=\"bottom-txt\">Your commission is calculated at a competitive 10% of your referred affiliates revenue.<\/p><\/div><\/div><\/div><\/div><\/div><\/div><\/div><\/div><\/div><\/div>[\/vc_column_text][\/vc_column][\/vc_row]<\/p>\n","protected":false},"excerpt":{"rendered":"<p>[vc_row][vc_column][vc_column_text css=&#8221;.vc_custom_1667898013049{border-bottom-width: 50px !important;}&#8221;] easyMarkets offre prelievi rapidi e semplici e alcuni dei piani di commissione pi\u00f9 competitivi del settore. Inoltre l&#8217;attenzione di easyMarkets al supporto e all&#8217;assistenza dei partner garantisce un alto livello di conversione. [\/vc_column_text][vc_column_text css=&#8221;.vc_custom_1667898048287{margin-bottom: 30px !important;}&#8221;] Modello CPA [\/vc_column_text][vc_column_text css=&#8221;.vc_custom_1667898084095{margin-bottom: 50px !important;}&#8221;] Il piano CPA di easyMarkets \u00e8 tra i pi\u00f9&hellip;<\/p>\n","protected":false},"author":9,"featured_media":0,"parent":0,"menu_order":0,"comment_status":"closed","ping_status":"closed","template":"","meta":[],"yoast_head":"<!-- This site is optimized with the Yoast SEO plugin v19.6 - https:\/\/yoast.com\/wordpress\/plugins\/seo\/ -->\n<title>Commissioni di affiliazione Forex | CPA | CPL | Piani di pagamento | Partner di easyMarkets<\/title>\n<meta name=\"description\" content=\"Scopri i piani di pagamento degli affiliati forex da easyMarkets Affiliates. Scopri di pi\u00f9 qui\" \/>\n<meta name=\"robots\" content=\"index, follow, max-snippet:-1, max-image-preview:large, max-video-preview:-1\" \/>\n<link rel=\"canonical\" href=\"https:\/\/easymarketspartners.com\/it\/payment-plans\/\" \/>\n<meta property=\"og:locale\" content=\"it_IT\" \/>\n<meta property=\"og:type\" content=\"article\" \/>\n<meta property=\"og:title\" content=\"Commissioni di affiliazione Forex | CPA | CPL | Piani di pagamento | Partner di easyMarkets\" \/>\n<meta property=\"og:description\" content=\"Scopri i piani di pagamento degli affiliati forex da easyMarkets Affiliates. Scopri di pi\u00f9 qui\" \/>\n<meta property=\"og:url\" content=\"https:\/\/easymarketspartners.com\/it\/payment-plans\/\" \/>\n<meta property=\"og:site_name\" content=\"easyMarkets Partners\" \/>\n<meta property=\"article:modified_time\" content=\"2025-10-03T09:36:16+00:00\" \/>\n<meta name=\"twitter:card\" content=\"summary_large_image\" \/>\n<meta name=\"twitter:label1\" content=\"Est. reading time\" \/>\n\t<meta name=\"twitter:data1\" content=\"2 minutes\" \/>\n<script type=\"application\/ld+json\" class=\"yoast-schema-graph\">{\"@context\":\"https:\/\/schema.org\",\"@graph\":[{\"@type\":\"WebPage\",\"@id\":\"https:\/\/easymarketspartners.com\/it\/payment-plans\/\",\"url\":\"https:\/\/easymarketspartners.com\/it\/payment-plans\/\",\"name\":\"Commissioni di affiliazione Forex | CPA | CPL | Piani di pagamento | Partner di easyMarkets\",\"isPartOf\":{\"@id\":\"https:\/\/easymarketspartners.com\/#website\"},\"datePublished\":\"2016-06-08T00:07:04+00:00\",\"dateModified\":\"2025-10-03T09:36:16+00:00\",\"description\":\"Scopri i piani di pagamento degli affiliati forex da easyMarkets Affiliates. Scopri di pi\u00f9 qui\",\"breadcrumb\":{\"@id\":\"https:\/\/easymarketspartners.com\/it\/payment-plans\/#breadcrumb\"},\"inLanguage\":\"it-IT\",\"potentialAction\":[{\"@type\":\"ReadAction\",\"target\":[\"https:\/\/easymarketspartners.com\/it\/payment-plans\/\"]}]},{\"@type\":\"BreadcrumbList\",\"@id\":\"https:\/\/easymarketspartners.com\/it\/payment-plans\/#breadcrumb\",\"itemListElement\":[{\"@type\":\"ListItem\",\"position\":1,\"name\":\"Home\",\"item\":\"https:\/\/easymarketspartners.com\/it\/\"},{\"@type\":\"ListItem\",\"position\":2,\"name\":\"Payment Plans\"}]},{\"@type\":\"WebSite\",\"@id\":\"https:\/\/easymarketspartners.com\/#website\",\"url\":\"https:\/\/easymarketspartners.com\/\",\"name\":\"easyMarkets Partners\",\"description\":\"Fast Payouts,  Competitive CPA\",\"potentialAction\":[{\"@type\":\"SearchAction\",\"target\":{\"@type\":\"EntryPoint\",\"urlTemplate\":\"https:\/\/easymarketspartners.com\/?s={search_term_string}\"},\"query-input\":\"required name=search_term_string\"}],\"inLanguage\":\"it-IT\"}]}<\/script>\n<!-- \/ Yoast SEO plugin. -->","yoast_head_json":{"title":"Commissioni di affiliazione Forex | CPA | CPL | Piani di pagamento | Partner di easyMarkets","description":"Scopri i piani di pagamento degli affiliati forex da easyMarkets Affiliates. Scopri di pi\u00f9 qui","robots":{"index":"index","follow":"follow","max-snippet":"max-snippet:-1","max-image-preview":"max-image-preview:large","max-video-preview":"max-video-preview:-1"},"canonical":"https:\/\/easymarketspartners.com\/it\/payment-plans\/","og_locale":"it_IT","og_type":"article","og_title":"Commissioni di affiliazione Forex | CPA | CPL | Piani di pagamento | Partner di easyMarkets","og_description":"Scopri i piani di pagamento degli affiliati forex da easyMarkets Affiliates. Scopri di pi\u00f9 qui","og_url":"https:\/\/easymarketspartners.com\/it\/payment-plans\/","og_site_name":"easyMarkets Partners","article_modified_time":"2025-10-03T09:36:16+00:00","twitter_card":"summary_large_image","twitter_misc":{"Est. reading time":"2 minutes"},"schema":{"@context":"https:\/\/schema.org","@graph":[{"@type":"WebPage","@id":"https:\/\/easymarketspartners.com\/it\/payment-plans\/","url":"https:\/\/easymarketspartners.com\/it\/payment-plans\/","name":"Commissioni di affiliazione Forex | CPA | CPL | Piani di pagamento | Partner di easyMarkets","isPartOf":{"@id":"https:\/\/easymarketspartners.com\/#website"},"datePublished":"2016-06-08T00:07:04+00:00","dateModified":"2025-10-03T09:36:16+00:00","description":"Scopri i piani di pagamento degli affiliati forex da easyMarkets Affiliates. Scopri di pi\u00f9 qui","breadcrumb":{"@id":"https:\/\/easymarketspartners.com\/it\/payment-plans\/#breadcrumb"},"inLanguage":"it-IT","potentialAction":[{"@type":"ReadAction","target":["https:\/\/easymarketspartners.com\/it\/payment-plans\/"]}]},{"@type":"BreadcrumbList","@id":"https:\/\/easymarketspartners.com\/it\/payment-plans\/#breadcrumb","itemListElement":[{"@type":"ListItem","position":1,"name":"Home","item":"https:\/\/easymarketspartners.com\/it\/"},{"@type":"ListItem","position":2,"name":"Payment Plans"}]},{"@type":"WebSite","@id":"https:\/\/easymarketspartners.com\/#website","url":"https:\/\/easymarketspartners.com\/","name":"easyMarkets Partners","description":"Fast Payouts,  Competitive CPA","potentialAction":[{"@type":"SearchAction","target":{"@type":"EntryPoint","urlTemplate":"https:\/\/easymarketspartners.com\/?s={search_term_string}"},"query-input":"required name=search_term_string"}],"inLanguage":"it-IT"}]}},"_links":{"self":[{"href":"https:\/\/easymarketspartners.com\/it\/wp-json\/wp\/v2\/pages\/6240"}],"collection":[{"href":"https:\/\/easymarketspartners.com\/it\/wp-json\/wp\/v2\/pages"}],"about":[{"href":"https:\/\/easymarketspartners.com\/it\/wp-json\/wp\/v2\/types\/page"}],"author":[{"embeddable":true,"href":"https:\/\/easymarketspartners.com\/it\/wp-json\/wp\/v2\/users\/9"}],"replies":[{"embeddable":true,"href":"https:\/\/easymarketspartners.com\/it\/wp-json\/wp\/v2\/comments?post=6240"}],"version-history":[{"count":11,"href":"https:\/\/easymarketspartners.com\/it\/wp-json\/wp\/v2\/pages\/6240\/revisions"}],"predecessor-version":[{"id":8992,"href":"https:\/\/easymarketspartners.com\/it\/wp-json\/wp\/v2\/pages\/6240\/revisions\/8992"}],"wp:attachment":[{"href":"https:\/\/easymarketspartners.com\/it\/wp-json\/wp\/v2\/media?parent=6240"}],"curies":[{"name":"wp","href":"https:\/\/api.w.org\/{rel}","templated":true}]}}