{"id":6245,"date":"2019-05-10T07:04:31","date_gmt":"2019-05-10T07:04:31","guid":{"rendered":"https:\/\/easymarketspartners.com\/programs\/"},"modified":"2024-01-23T14:50:50","modified_gmt":"2024-01-23T14:50:50","slug":"programs","status":"publish","type":"page","link":"https:\/\/easymarketspartners.com\/it\/programs\/","title":{"rendered":"Programs"},"content":{"rendered":"<p>[vc_row full_width=&#8221;stretch_row&#8221; bg_type=&#8221;bg_color&#8221; css=&#8221;.vc_custom_1704955942193{margin-bottom: 0px !important;padding-top: 45px !important;padding-bottom: 45px !important;}&#8221; bg_color_value=&#8221;#f2f7f9&#8243;][vc_column width=&#8221;2\/3&#8243; css=&#8221;.vc_custom_1704955563512{padding-top: 0px !important;padding-bottom: 0px !important;}&#8221;][vc_column_text css=&#8221;.vc_custom_1705590041542{margin-bottom: 0px !important;}&#8221;]<\/p>\n<div class=\"wpb_text_column wpb_content_element vc_custom_1667813825760\">\n<div class=\"wpb_wrapper\">\n<div class=\"wpb_text_column wpb_content_element vc_custom_1578906608650\">\n<div class=\"wpb_wrapper\">\n<div class=\"wpb_text_column wpb_content_element vc_custom_1667898503841\">\n<div class=\"wpb_wrapper\">\n<p>Gli IB di easyMarkets ricevono alcune delle\u00a0<span style=\"color: #84c561;\"><strong>commissioni pi\u00f9 alte del settore<\/strong><\/span>. Un Account Manager IB dedicato \u00e8 sempre disponibile per aiutarti a massimizzare il tuo canale di guadagno. Il nostro alto livello di assistenza clienti e gli eccezionali strumenti e condizioni assicurano un alto tasso di conversione.<\/div>\n<\/div>\n<\/div>\n<\/div>\n<\/div>\n<\/div>\n<p>[\/vc_column_text][\/vc_column][vc_column width=&#8221;1\/3&#8243; css=&#8221;.vc_custom_1704955656673{padding-top: 0px !important;padding-bottom: 0px !important;}&#8221;]<div class=\"btn-align-center\"><a href=\"javascript:void(0);\" class=\"default-btn-shortcode dt-btn dt-btn-l default-btn-bg-on default-btn-bg-hover-on cd-log_reg home cd-signup cta-partner-btn  vc_custom_1705590047595\" id=\"default-btn-92f5f4fbb5061e2e66d952e392f50255\"><span>ISCRIVITI<\/span><\/a><\/div>[\/vc_column][\/vc_row][vc_row link=&#8221;url:http%3A%2F%2Fthe7.io%2Fpsy%2Fcontact%2F|||&#8221; smooth_scroll=&#8221;n&#8221; el_class=&#8221;cta-partner-btn&#8221; size=&#8221;big&#8221; font_size=&#8221;14px&#8221; button_padding=&#8221;12px 18px 12px 18px&#8221; border_width=&#8221;0px&#8221; border_radius=&#8221;1px&#8221; btn_decoration=&#8221;none&#8221; btn_width=&#8221;btn_auto_width&#8221; custom_btn_width=&#8221;200&#8243; button_alignment=&#8221;btn_center&#8221; animation=&#8221;&#8221; default_btn_bg=&#8221;y&#8221; default_btn_bg_color=&#8221;&#8221; default_btn_bg_hover=&#8221;y&#8221; bg_hover_color=&#8221;#075c8f&#8221; default_btn_border_color=&#8221;&#8221; default_btn_border_hover_color=&#8221;#075c8f&#8221; text_color=&#8221;&#8221; text_hover_color=&#8221;&#8221; icon_picker=&#8221;&#8221; icon_align=&#8221;left&#8221; css=&#8221;.vc_custom_1704956477817{margin-top: 40px !important;margin-bottom: 40px !important;padding-top: 0px !important;padding-bottom: 0px !important;}&#8221;][vc_column css=&#8221;.vc_custom_1704956033130{padding-top: 0px !important;padding-bottom: 0px !important;}&#8221;][vc_column_text]<\/p>\n<h2><strong><span style=\"color: #0a6292;\">easyMarkets<\/span> <span style=\"color: #83c661;\"> \u0399\u0392<\/span><\/strong><\/h2>\n<p style=\"text-align: left;\">Gli IB (introducing broker) si concentrano sulle interazioni faccia a faccia con i loro clienti, ospitando seminari, organizzando presentazioni e visitando eventi del settore. Il programma IB \u00e8 caratterizzato da un piano di compensazione molto competitivo, a causa dell\u2019alto livello di payout e della bassa soglia di prelievo. Un IB in generale ha un contatto personale con i clienti che riferiscono.<\/p>\n<p>[\/vc_column_text][vc_row_inner][vc_column_inner width=&#8221;1\/2&#8243;][vc_column_text]<\/p>\n<div class=\"why-partners-list\"><img loading=\"lazy\" class=\"alignnone wp-image-1195\" src=\"https:\/\/easymarketspartners.com\/wp-content\/uploads\/2019\/10\/NegativeBalanceProtectionTick.png\" alt=\"NegativeBalanceProtectionTick\" width=\"19\" height=\"19\" \/> Prelievi rapidi e senza problemi<\/div>\n<div class=\"why-partners-list why-partners-list__withsublist\"><img loading=\"lazy\" class=\"alignnone wp-image-1195\" src=\"https:\/\/easymarketspartners.com\/wp-content\/uploads\/2019\/10\/NegativeBalanceProtectionTick.png\" alt=\"NegativeBalanceProtectionTick\" width=\"19\" height=\"19\" \/> Piattaforma proprietaria IB<\/div>\n<div class=\"why-partners-sublist\">\n<ul class=\"green-bullet-points\" style=\"list-style: none;\">\n<li>Traccia la tua attivit\u00e0<\/li>\n<li>Controlla i tuoi referral<\/li>\n<li>Accesso ai materiali di marketing aggiornati<\/li>\n<\/ul>\n<\/div>\n<div class=\"why-partners-list\"><img loading=\"lazy\" class=\"alignnone wp-image-1195\" src=\"https:\/\/easymarketspartners.com\/wp-content\/uploads\/2019\/10\/NegativeBalanceProtectionTick.png\" alt=\"NegativeBalanceProtectionTick\" width=\"19\" height=\"19\" \/> Account Manager IB dedicato<\/div>\n<p>[\/vc_column_text][\/vc_column_inner][vc_column_inner width=&#8221;1\/2&#8243;][vc_column_text]<\/p>\n<div class=\"why-partners-list\"><img loading=\"lazy\" class=\"alignnone wp-image-1195\" src=\"https:\/\/easymarketspartners.com\/wp-content\/uploads\/2019\/10\/NegativeBalanceProtectionTick.png\" alt=\"NegativeBalanceProtectionTick\" width=\"19\" height=\"19\" \/> Esperienza del cliente altamente valutato \u2013 che aiuta i vostri referral rimanere all\u2019interno<\/div>\n<div class=\"why-partners-list\"><img loading=\"lazy\" class=\"alignnone wp-image-1195\" src=\"https:\/\/easymarketspartners.com\/wp-content\/uploads\/2019\/10\/NegativeBalanceProtectionTick.png\" alt=\"NegativeBalanceProtectionTick\" width=\"19\" height=\"19\" \/> Estremamente semplice 2 Fasi di registrazione del cliente \u2013 riducendo al minimo il tasso di abbandono<\/div>\n<p>[\/vc_column_text][\/vc_column_inner][\/vc_row_inner][vc_column_text css=&#8221;.vc_custom_1705652239547{margin-bottom: 0px !important;}&#8221;]<\/p>\n<p style=\"text-align: left;\">I nostri programmi di partnership funzionano ininterrottamente dalla nostra fondazione nel 2001. Infatti, abbiamo ancora partner che lavorano con noi e che si sono uniti a noi allora. Questo perch\u00e9 capiamo e sosteniamo il successo dei nostri IB.<\/p>\n<p>[\/vc_column_text][vc_raw_html css=&#8221;.vc_custom_1706021445579{padding-top: 40px !important;}&#8221;]JTNDZGl2JTIwc3R5bGUlM0QlMjJtYXJnaW4tdG9wJTNBJTIwMmVtJTIyJTNFJTBBJTIwJTIwJTNDaDIlMjBjbGFzcyUzRCUyMnRhYmxlLXRpdGxlJTIyJTNFJTBBJTIwJTIwJTIwJTIwUHJvZ3JhbW1hJTNDc3BhbiUyMHN0eWxlJTNEJTIyY29sb3IlM0ElMjAlMjM4M2M2NjElMjIlM0UlMjBlYXN5TG95YWx0eSUyMElCJTNDJTJGc3BhbiUzRSUwQSUyMCUyMCUzQyUyRmgyJTNFJTBBJTIwJTIwJTNDZGl2JTIwY2xhc3MlM0QlMjJ0YWJsZS13cmFwcGVyJTIyJTNFJTBBJTIwJTIwJTIwJTIwJTNDdGFibGUlM0UlMEElMjAlMjAlMjAlMjAlMjAlMjAlM0N0aGVhZCUyMHN0eWxlJTNEJTIydGV4dC1hbGlnbiUzQSUyMGNlbnRlciUyMiUzRSUwQSUyMCUyMCUyMCUyMCUyMCUyMCUyMCUyMCUzQ3RyJTNFJTBBJTIwJTIwJTIwJTIwJTIwJTIwJTIwJTIwJTIwJTIwJTNDdGglMjBzdHlsZSUzRCUyMmJvcmRlci10b3AtbGVmdC1yYWRpdXMlM0ElMjAyNHB4JTIyJTNFTnVtZXJvJTIwbWluaW1vJTIwZGklMjBjbGllbnRpJTNDJTJGdGglM0UlMEElMjAlMjAlMjAlMjAlMjAlMjAlMjAlMjAlMjAlMjAlM0N0aCUzRUltcG9ydG8lMjBtaW5pbW8lMjBkaSUyMGRlcG9zaXRvJTNDJTJGdGglM0UlMEElMjAlMjAlMjAlMjAlMjAlMjAlMjAlMjAlMjAlMjAlM0N0aCUzRVRlcm1pbmUlMjAlMjhtZXNpJTI5JTNDJTJGdGglM0UlMEElMjAlMjAlMjAlMjAlMjAlMjAlMjAlMjAlMjAlMjAlM0N0aCUzRUltcG9ydG8lMjB0b3RhbGUlM0MlMkZ0aCUzRSUwQSUyMCUyMCUyMCUyMCUyMCUyMCUyMCUyMCUyMCUyMCUzQ3RoJTIwc3R5bGUlM0QlMjJib3JkZXItdG9wLXJpZ2h0LXJhZGl1cyUzQSUyMDI0cHglMjIlM0VQcmVtaW8lM0MlMkZ0aCUzRSUwQSUyMCUyMCUyMCUyMCUyMCUyMCUyMCUyMCUzQyUyRnRyJTNFJTBBJTIwJTIwJTIwJTIwJTIwJTIwJTNDJTJGdGhlYWQlM0UlMEElMjAlMjAlMjAlMjAlMjAlMjAlM0N0Ym9keSUzRSUwQSUyMCUyMCUyMCUyMCUyMCUyMCUyMCUyMCUzQ3RyJTNFJTBBJTIwJTIwJTIwJTIwJTIwJTIwJTIwJTIwJTIwJTIwJTNDdGQlM0U1JTNDJTJGdGQlM0UlMEElMjAlMjAlMjAlMjAlMjAlMjAlMjAlMjAlMjAlMjAlM0N0ZCUzRSUyNDEwMCUyMHBlciUyMEZURCUyMCUzQyUyRnRkJTNFJTBBJTIwJTIwJTIwJTIwJTIwJTIwJTIwJTIwJTIwJTIwJTNDdGQlM0UzJTIwbWVzaSUzQyUyRnRkJTNFJTBBJTIwJTIwJTIwJTIwJTIwJTIwJTIwJTIwJTIwJTIwJTNDdGQlM0UxME0lMjAlMjg1MCUyMGxvdHRpJTI5JTNDJTJGdGQlM0UlMEElMjAlMjAlMjAlMjAlMjAlMjAlMjAlMjAlMjAlMjAlM0N0ZCUzRSUyNDEwMCUzQyUyRnRkJTNFJTBBJTIwJTIwJTIwJTIwJTIwJTIwJTIwJTIwJTNDJTJGdHIlM0UlMEElMjAlMjAlMjAlMjAlMjAlMjAlMjAlMjAlM0N0ciUzRSUwQSUyMCUyMCUyMCUyMCUyMCUyMCUyMCUyMCUyMCUyMCUzQ3RkJTNFMTAlM0MlMkZ0ZCUzRSUwQSUyMCUyMCUyMCUyMCUyMCUyMCUyMCUyMCUyMCUyMCUzQ3RkJTNFJTI0MTAwJTIwcGVyJTIwRlREJTIwJTNDJTJGdGQlM0UlMEElMjAlMjAlMjAlMjAlMjAlMjAlMjAlMjAlMjAlMjAlM0N0ZCUzRTMlMjBtZXNpJTNDJTJGdGQlM0UlMEElMjAlMjAlMjAlMjAlMjAlMjAlMjAlMjAlMjAlMjAlM0N0ZCUzRTQwTSUyMCUyODIwMCUyMGxvdHRpJTI5JTNDJTJGdGQlM0UlMEElMjAlMjAlMjAlMjAlMjAlMjAlMjAlMjAlMjAlMjAlM0N0ZCUzRSUyNDUwMCUzQyUyRnRkJTNFJTBBJTIwJTIwJTIwJTIwJTIwJTIwJTIwJTIwJTNDJTJGdHIlM0UlMEElMjAlMjAlMjAlMjAlMjAlMjAlMjAlMjAlM0N0ciUzRSUwQSUyMCUyMCUyMCUyMCUyMCUyMCUyMCUyMCUyMCUyMCUzQ3RkJTNFMTUlM0MlMkZ0ZCUzRSUwQSUyMCUyMCUyMCUyMCUyMCUyMCUyMCUyMCUyMCUyMCUzQ3RkJTNFJTI0MTAwJTIwcGVyJTIwRlREJTIwJTNDJTJGdGQlM0UlMEElMjAlMjAlMjAlMjAlMjAlMjAlMjAlMjAlMjAlMjAlM0N0ZCUzRTMlMjBtZXNpJTNDJTJGdGQlM0UlMEElMjAlMjAlMjAlMjAlMjAlMjAlMjAlMjAlMjAlMjAlM0N0ZCUzRTgwTSUyMCUyODQwMCUyMGxvdHRpJTI5JTNDJTJGdGQlM0UlMEElMjAlMjAlMjAlMjAlMjAlMjAlMjAlMjAlMjAlMjAlM0N0ZCUzRSUyNDElMkMwMDAlM0MlMkZ0ZCUzRSUwQSUyMCUyMCUyMCUyMCUyMCUyMCUyMCUyMCUzQyUyRnRyJTNFJTBBJTIwJTIwJTIwJTIwJTIwJTIwJTIwJTIwJTNDdHIlM0UlMEElMjAlMjAlMjAlMjAlMjAlMjAlMjAlMjAlMjAlMjAlM0N0ZCUyMHN0eWxlJTNEJTIyYm9yZGVyLWJvdHRvbS1sZWZ0LXJhZGl1cyUzQSUyMDI0cHglMjIlM0UyMCUzQyUyRnRkJTNFJTBBJTIwJTIwJTIwJTIwJTIwJTIwJTIwJTIwJTIwJTIwJTNDdGQlM0UlMjQxMDAlMjBwZXIlMjBGVEQlMjAlM0MlMkZ0ZCUzRSUwQSUyMCUyMCUyMCUyMCUyMCUyMCUyMCUyMCUyMCUyMCUzQ3RkJTNFMyUyMG1lc2klM0MlMkZ0ZCUzRSUwQSUyMCUyMCUyMCUyMCUyMCUyMCUyMCUyMCUyMCUyMCUzQ3RkJTNFMTYwTSUyMCUyODgwMCUyMGxvdHRpJTI5JTNDJTJGdGQlM0UlMEElMjAlMjAlMjAlMjAlMjAlMjAlMjAlMjAlMjAlMjAlM0N0ZCUyMHN0eWxlJTNEJTIyYm9yZGVyLWJvdHRvbS1yaWdodC1yYWRpdXMlM0ElMjAyNHB4JTIyJTNFJTI0MiUyQzAwMCUzQyUyRnRkJTNFJTBBJTIwJTIwJTIwJTIwJTIwJTIwJTIwJTIwJTNDJTJGdHIlM0UlMEElMjAlMjAlMjAlMjAlMjAlMjAlM0MlMkZ0Ym9keSUzRSUwQSUyMCUyMCUyMCUyMCUzQyUyRnRhYmxlJTNFJTBBJTIwJTIwJTNDJTJGZGl2JTNFJTBBJTIwJTIwJTNDYSUwQSUyMCUyMCUyMCUyMGhyZWYlM0QlMjJodHRwcyUzQSUyRiUyRmVhc3ltYXJrZXRzcGFydG5lcnMuY29tJTJGd3AtY29udGVudCUyRnVwbG9hZHMlMkYyMDI0JTJGMDElMkYyMDI0MDEwOC1JQnMtTG95YWx0eS1Qcm9nYW1tZS1UQ3MucGRmJTIyJTBBJTIwJTIwJTIwJTIwc3R5bGUlM0QlMjIlMEElMjAlMjAlMjAlMjAlMjAlMjBmb250LXdlaWdodCUzQSUyMDQwMCUzQiUwQSUyMCUyMCUyMCUyMCUyMCUyMGZvbnQtc2l6ZSUzQSUyMDEycHglM0IlMEElMjAlMjAlMjAlMjAlMjAlMjBtYXJnaW4tdG9wJTNBJTIwNDBweCUzQiUwQSUyMCUyMCUyMCUyMCUyMCUyMG1hcmdpbi1sZWZ0JTNBJTIwNXB4JTNCJTBBJTIwJTIwJTIwJTIwJTIwJTIwdGV4dC1kZWNvcmF0aW9uJTNBJTIwbm9uZSUzQiUwQSUyMCUyMCUyMCUyMCUyMCUyMGNvbG9yJTNBJTIwJTIzMDc1YzhmJTNCJTBBJTIwJTIwJTIwJTIwJTIyJTBBJTIwJTIwJTIwJTIwJTNFJTJBU2klMjBhcHBsaWNhbm8lMjB0ZXJtaW5pJTIwZSUyMGNvbmRpemlvbmklMEElMjAlMjAlM0MlMkZhJTNFJTBBJTNDJTJGZGl2JTNFJTBB[\/vc_raw_html][\/vc_column][\/vc_row][vc_row full_width=&#8221;stretch_row&#8221; bg_type=&#8221;bg_color&#8221; bg_color_value=&#8221;#f2f7f9&#8243; css=&#8221;.vc_custom_1704956901463{margin-bottom: 0px !important;padding-top: 45px !important;padding-bottom: 45px !important;}&#8221;][vc_column css=&#8221;.vc_custom_1704956853936{padding-top: 0px !important;padding-bottom: 0px !important;}&#8221;][vc_column_text]<\/p>\n<h2><strong><span style=\"color: #83c561;\">Affiliato<\/span><span style=\"color: #0a6292;\"> easyMarkets<\/span><\/strong><\/h2>\n<p style=\"text-align: left;\">La prima e pi\u00f9 ovvia ragione sono le entrate. S\u00ec, la ragione principale per cui la maggior parte dei marketer digitali decide di diventare un affiliato \u00e8 quella di creare reddito.<br \/>\nDiventare un partner easyMarkets ti offre molteplici opzioni per adattarsi al meglio e ottimizzare le tue attivit\u00e0, i canali e il pool di referral.<\/p>\n<p>[\/vc_column_text][\/vc_column][\/vc_row][vc_row css=&#8221;.vc_custom_1704956912759{margin-top: 40px !important;}&#8221;][vc_column css=&#8221;.vc_custom_1704957004789{padding-top: 0px !important;padding-bottom: 0px !important;}&#8221;][vc_column_text]<\/p>\n<h2><strong><span style=\"color: #0a6292;\">Materiale di marketing<\/span> <span style=\"color: #83c661;\">costantemente aggiornato<\/span><\/strong><\/h2>\n<h4><strong style=\"color: #707070;\">Puoi scaricare tutto questo materiale e altro ancora.<br \/>\n<\/strong><\/h4>\n<p>[\/vc_column_text][\/vc_column][\/vc_row][vc_row][vc_column width=&#8221;1\/6&#8243;][vc_column_text]<\/p>\n<div class=\"why-partners-list\"><img loading=\"lazy\" class=\"alignnone wp-image-1195\" src=\"https:\/\/easymarketspartners.com\/wp-content\/uploads\/2019\/10\/NegativeBalanceProtectionTick.png\" alt=\"NegativeBalanceProtectionTick\" width=\"19\" height=\"19\" \/> PDFs<\/div>\n<div class=\"why-partners-list why-partners-list__withsublist\"><img loading=\"lazy\" class=\"alignnone wp-image-1195\" src=\"https:\/\/easymarketspartners.com\/wp-content\/uploads\/2019\/10\/NegativeBalanceProtectionTick.png\" alt=\"NegativeBalanceProtectionTick\" width=\"19\" height=\"19\" \/> HTML 5<\/div>\n<p>[\/vc_column_text][\/vc_column][vc_column width=&#8221;1\/4&#8243;][vc_column_text]<\/p>\n<div class=\"why-partners-list\"><img loading=\"lazy\" class=\"alignnone wp-image-1195\" src=\"https:\/\/easymarketspartners.com\/wp-content\/uploads\/2019\/10\/NegativeBalanceProtectionTick.png\" alt=\"NegativeBalanceProtectionTick\" width=\"19\" height=\"19\" \/> Banner statici<\/div>\n<div class=\"why-partners-list why-partners-list__withsublist\"><img loading=\"lazy\" class=\"alignnone wp-image-1195\" src=\"https:\/\/easymarketspartners.com\/wp-content\/uploads\/2019\/10\/NegativeBalanceProtectionTick.png\" alt=\"NegativeBalanceProtectionTick\" width=\"19\" height=\"19\" \/> Newsletter\/Email promozionali<\/div>\n<p>[\/vc_column_text][\/vc_column][vc_column width=&#8221;1\/4&#8243;][vc_column_text]<\/p>\n<div class=\"why-partners-list\"><img loading=\"lazy\" class=\"alignnone wp-image-1195\" src=\"https:\/\/easymarketspartners.com\/wp-content\/uploads\/2019\/10\/NegativeBalanceProtectionTick.png\" alt=\"NegativeBalanceProtectionTick\" width=\"19\" height=\"19\" \/> Landing pages<\/div>\n<div class=\"why-partners-list why-partners-list__withsublist\"><img loading=\"lazy\" class=\"alignnone wp-image-1195\" src=\"https:\/\/easymarketspartners.com\/wp-content\/uploads\/2019\/10\/NegativeBalanceProtectionTick.png\" alt=\"NegativeBalanceProtectionTick\" width=\"19\" height=\"19\" \/> Video educativi e promozionali<\/div>\n<p>[\/vc_column_text][\/vc_column][vc_column][vc_column_text]<\/p>\n<div style=\"text-align: left;\">Tutti i nostri materiali di marketing sono disponibili in pi\u00f9 lingue per assicurarti di comunicare efficacemente con i tuoi potenziali clienti nella loro lingua madre.<\/div>\n<p>[\/vc_column_text][\/vc_column][\/vc_row][vc_row full_width=&#8221;stretch_row&#8221; bg_type=&#8221;bg_color&#8221; bg_color_value=&#8221;#f2f7f9&#8243; el_class=&#8221;programs-wrapper&#8221; css=&#8221;.vc_custom_1703083547710{padding-top: 45px !important;padding-bottom: 45px !important;}&#8221;][vc_column width=&#8221;1\/2&#8243; el_class=&#8221;programs-grey-col-left&#8221;][vc_column_text]<\/p>\n<h2><strong><span style=\"color: #0a6292;\">Piattaforma di affiliazione <\/span><span style=\"color: #83c661;\">innovativa e potente<\/span><\/strong><\/h2>\n<p>&nbsp;<\/p>\n<div>\n<div class=\"why-partners-list\"><img loading=\"lazy\" class=\"alignnone wp-image-1195\" src=\"https:\/\/easymarketspartners.com\/wp-content\/uploads\/2019\/10\/NegativeBalanceProtectionTick.png\" alt=\"NegativeBalanceProtectionTick\" width=\"19\" height=\"19\" \/> Analisi e monitoraggio delle campagne<\/div>\n<div class=\"why-partners-list why-partners-list__withsublist\">\n<p><img loading=\"lazy\" class=\"alignnone wp-image-1195\" src=\"https:\/\/easymarketspartners.com\/wp-content\/uploads\/2019\/10\/NegativeBalanceProtectionTick.png\" alt=\"NegativeBalanceProtectionTick\" width=\"19\" height=\"19\" \/> Facile creazione di campagne e monitoraggio finanziario<\/div>\n<\/div>\n<p>[\/vc_column_text][\/vc_column][vc_column width=&#8221;1\/2&#8243;][vc_single_image image=&#8221;6301&#8243; img_size=&#8221;360&#215;235&#8243; css_animation=&#8221;slideInRight&#8221; lazy_loading=&#8221;true&#8221; el_class=&#8221;programs-img&#8221; css=&#8221;.vc_custom_1703085449967{padding-top: 55px !important;padding-left: 45px !important;}&#8221;][\/vc_column][\/vc_row]<\/p>\n","protected":false},"excerpt":{"rendered":"<p>[vc_row full_width=&#8221;stretch_row&#8221; bg_type=&#8221;bg_color&#8221; css=&#8221;.vc_custom_1704955942193{margin-bottom: 0px !important;padding-top: 45px !important;padding-bottom: 45px !important;}&#8221; bg_color_value=&#8221;#f2f7f9&#8243;][vc_column width=&#8221;2\/3&#8243; css=&#8221;.vc_custom_1704955563512{padding-top: 0px !important;padding-bottom: 0px !important;}&#8221;][vc_column_text css=&#8221;.vc_custom_1705590041542{margin-bottom: 0px !important;}&#8221;] Gli IB di easyMarkets ricevono alcune delle\u00a0commissioni pi\u00f9 alte del settore. Un Account Manager IB dedicato \u00e8 sempre disponibile per aiutarti a massimizzare il tuo canale di guadagno. Il nostro alto livello di assistenza clienti&hellip;<\/p>\n","protected":false},"author":9,"featured_media":0,"parent":0,"menu_order":0,"comment_status":"closed","ping_status":"open","template":"","meta":[],"yoast_head":"<!-- This site is optimized with the Yoast SEO plugin v19.6 - https:\/\/yoast.com\/wordpress\/plugins\/seo\/ -->\n<title>Programmi di affiliazione Forex | Broker introduttivo | Partner di easyMarkets<\/title>\n<meta name=\"description\" content=\"Scopri i programmi su misura disponibili dai partner easyMarkets. easyMarkets Affiliato e easyMarkets Introduzione Broker.\" \/>\n<meta name=\"robots\" content=\"index, follow, max-snippet:-1, max-image-preview:large, max-video-preview:-1\" \/>\n<link rel=\"canonical\" href=\"https:\/\/easymarketspartners.com\/it\/programs\/\" \/>\n<meta property=\"og:locale\" content=\"it_IT\" \/>\n<meta property=\"og:type\" content=\"article\" \/>\n<meta property=\"og:title\" content=\"Programmi di affiliazione Forex | Broker introduttivo | Partner di easyMarkets\" \/>\n<meta property=\"og:description\" content=\"Scopri i programmi su misura disponibili dai partner easyMarkets. easyMarkets Affiliato e easyMarkets Introduzione Broker.\" \/>\n<meta property=\"og:url\" content=\"https:\/\/easymarketspartners.com\/it\/programs\/\" \/>\n<meta property=\"og:site_name\" content=\"easyMarkets Partners\" \/>\n<meta property=\"article:modified_time\" content=\"2024-01-23T14:50:50+00:00\" \/>\n<meta property=\"og:image\" content=\"https:\/\/easymarketspartners.com\/wp-content\/uploads\/2019\/10\/NegativeBalanceProtectionTick.png\" \/>\n<meta name=\"twitter:card\" content=\"summary_large_image\" \/>\n<meta name=\"twitter:label1\" content=\"Est. reading time\" \/>\n\t<meta name=\"twitter:data1\" content=\"5 minutes\" \/>\n<script type=\"application\/ld+json\" class=\"yoast-schema-graph\">{\"@context\":\"https:\/\/schema.org\",\"@graph\":[{\"@type\":\"WebPage\",\"@id\":\"https:\/\/easymarketspartners.com\/it\/programs\/\",\"url\":\"https:\/\/easymarketspartners.com\/it\/programs\/\",\"name\":\"Programmi di affiliazione Forex | Broker introduttivo | Partner di easyMarkets\",\"isPartOf\":{\"@id\":\"https:\/\/easymarketspartners.com\/#website\"},\"datePublished\":\"2019-05-10T07:04:31+00:00\",\"dateModified\":\"2024-01-23T14:50:50+00:00\",\"description\":\"Scopri i programmi su misura disponibili dai partner easyMarkets. easyMarkets Affiliato e easyMarkets Introduzione Broker.\",\"breadcrumb\":{\"@id\":\"https:\/\/easymarketspartners.com\/it\/programs\/#breadcrumb\"},\"inLanguage\":\"it-IT\",\"potentialAction\":[{\"@type\":\"ReadAction\",\"target\":[\"https:\/\/easymarketspartners.com\/it\/programs\/\"]}]},{\"@type\":\"BreadcrumbList\",\"@id\":\"https:\/\/easymarketspartners.com\/it\/programs\/#breadcrumb\",\"itemListElement\":[{\"@type\":\"ListItem\",\"position\":1,\"name\":\"Home\",\"item\":\"https:\/\/easymarketspartners.com\/it\/\"},{\"@type\":\"ListItem\",\"position\":2,\"name\":\"Programs\"}]},{\"@type\":\"WebSite\",\"@id\":\"https:\/\/easymarketspartners.com\/#website\",\"url\":\"https:\/\/easymarketspartners.com\/\",\"name\":\"easyMarkets Partners\",\"description\":\"Fast Payouts,  Competitive CPA\",\"potentialAction\":[{\"@type\":\"SearchAction\",\"target\":{\"@type\":\"EntryPoint\",\"urlTemplate\":\"https:\/\/easymarketspartners.com\/?s={search_term_string}\"},\"query-input\":\"required name=search_term_string\"}],\"inLanguage\":\"it-IT\"}]}<\/script>\n<!-- \/ Yoast SEO plugin. -->","yoast_head_json":{"title":"Programmi di affiliazione Forex | Broker introduttivo | Partner di easyMarkets","description":"Scopri i programmi su misura disponibili dai partner easyMarkets. easyMarkets Affiliato e easyMarkets Introduzione Broker.","robots":{"index":"index","follow":"follow","max-snippet":"max-snippet:-1","max-image-preview":"max-image-preview:large","max-video-preview":"max-video-preview:-1"},"canonical":"https:\/\/easymarketspartners.com\/it\/programs\/","og_locale":"it_IT","og_type":"article","og_title":"Programmi di affiliazione Forex | Broker introduttivo | Partner di easyMarkets","og_description":"Scopri i programmi su misura disponibili dai partner easyMarkets. easyMarkets Affiliato e easyMarkets Introduzione Broker.","og_url":"https:\/\/easymarketspartners.com\/it\/programs\/","og_site_name":"easyMarkets Partners","article_modified_time":"2024-01-23T14:50:50+00:00","og_image":[{"url":"https:\/\/easymarketspartners.com\/wp-content\/uploads\/2019\/10\/NegativeBalanceProtectionTick.png"}],"twitter_card":"summary_large_image","twitter_misc":{"Est. reading time":"5 minutes"},"schema":{"@context":"https:\/\/schema.org","@graph":[{"@type":"WebPage","@id":"https:\/\/easymarketspartners.com\/it\/programs\/","url":"https:\/\/easymarketspartners.com\/it\/programs\/","name":"Programmi di affiliazione Forex | Broker introduttivo | Partner di easyMarkets","isPartOf":{"@id":"https:\/\/easymarketspartners.com\/#website"},"datePublished":"2019-05-10T07:04:31+00:00","dateModified":"2024-01-23T14:50:50+00:00","description":"Scopri i programmi su misura disponibili dai partner easyMarkets. easyMarkets Affiliato e easyMarkets Introduzione Broker.","breadcrumb":{"@id":"https:\/\/easymarketspartners.com\/it\/programs\/#breadcrumb"},"inLanguage":"it-IT","potentialAction":[{"@type":"ReadAction","target":["https:\/\/easymarketspartners.com\/it\/programs\/"]}]},{"@type":"BreadcrumbList","@id":"https:\/\/easymarketspartners.com\/it\/programs\/#breadcrumb","itemListElement":[{"@type":"ListItem","position":1,"name":"Home","item":"https:\/\/easymarketspartners.com\/it\/"},{"@type":"ListItem","position":2,"name":"Programs"}]},{"@type":"WebSite","@id":"https:\/\/easymarketspartners.com\/#website","url":"https:\/\/easymarketspartners.com\/","name":"easyMarkets Partners","description":"Fast Payouts,  Competitive CPA","potentialAction":[{"@type":"SearchAction","target":{"@type":"EntryPoint","urlTemplate":"https:\/\/easymarketspartners.com\/?s={search_term_string}"},"query-input":"required name=search_term_string"}],"inLanguage":"it-IT"}]}},"_links":{"self":[{"href":"https:\/\/easymarketspartners.com\/it\/wp-json\/wp\/v2\/pages\/6245"}],"collection":[{"href":"https:\/\/easymarketspartners.com\/it\/wp-json\/wp\/v2\/pages"}],"about":[{"href":"https:\/\/easymarketspartners.com\/it\/wp-json\/wp\/v2\/types\/page"}],"author":[{"embeddable":true,"href":"https:\/\/easymarketspartners.com\/it\/wp-json\/wp\/v2\/users\/9"}],"replies":[{"embeddable":true,"href":"https:\/\/easymarketspartners.com\/it\/wp-json\/wp\/v2\/comments?post=6245"}],"version-history":[{"count":9,"href":"https:\/\/easymarketspartners.com\/it\/wp-json\/wp\/v2\/pages\/6245\/revisions"}],"predecessor-version":[{"id":7355,"href":"https:\/\/easymarketspartners.com\/it\/wp-json\/wp\/v2\/pages\/6245\/revisions\/7355"}],"wp:attachment":[{"href":"https:\/\/easymarketspartners.com\/it\/wp-json\/wp\/v2\/media?parent=6245"}],"curies":[{"name":"wp","href":"https:\/\/api.w.org\/{rel}","templated":true}]}}