{"id":5945,"date":"2016-06-07T22:05:40","date_gmt":"2016-06-07T22:05:40","guid":{"rendered":"https:\/\/easymarketspartners.com\/marketing-tools\/"},"modified":"2025-12-30T07:22:09","modified_gmt":"2025-12-30T07:22:09","slug":"marketing-tools","status":"publish","type":"page","link":"https:\/\/easymarketspartners.com\/pl\/marketing-tools\/","title":{"rendered":"Marketing Tools"},"content":{"rendered":"<p>[vc_row full_width=&#8221;stretch_row&#8221; bg_type=&#8221;image&#8221; css=&#8221;.vc_custom_1575547675979{margin-top: -80px !important;background-image: url(\/\/easymarketspartners.com\/wp-content\/uploads\/2019\/12\/MarketingToolsHero.png?id=1361) !important;}&#8221; el_id=&#8221;marketing-tools-row&#8221;][vc_column css_animation=&#8221;fadeIn&#8221; width=&#8221;1\/2&#8243; offset=&#8221;vc_col-xs-12&#8243;][vc_column_text]<\/p>\n<div class=\"marketing-tools-title-wrap\">\n<h1 class=\"marketing-tools-txt-title fancy-title entry-title start-animation-done start-animation\">Fachowo opracowane materia\u0142y marketingowe<\/h1>\n<h2 class=\"marketing-tools-txt-subtitle fancy-subtitle start-animation-done start-animation\">+ Niezr\u00f3wnane innowacje tw\u00f3rcze<\/h2>\n<\/div>\n<p>[\/vc_column_text][\/vc_column][vc_column width=&#8221;1\/2&#8243;][vc_single_image image=&#8221;9071&#8243; img_size=&#8221;full&#8221; css_animation=&#8221;slideInRight&#8221; lazy_loading=&#8221;true&#8221;][\/vc_column][\/vc_row][vc_row css=&#8221;.vc_custom_1565159356124{margin-bottom: 45px !important;padding-bottom: 45px !important;}&#8221;][vc_column][vc_column_text css=&#8221;.vc_custom_1667481839435{margin-bottom: 45px !important;}&#8221;]Po zarejestrowaniu si\u0119 w <a href=\"\/programs\/\">programie partnerskim easyMarkets Forex<\/a> otrzymasz dost\u0119p do obszernej biblioteki jednych z najlepszych narz\u0119dzi marketingowych w bran\u017cy. Nasz wizualny \u015bwiat wymaga odwa\u017cnych, ekscytuj\u0105cych komunikat\u00f3w i obraz\u00f3w, kt\u00f3re pomog\u0105 Ci zmaksymalizowa\u0107 konwersj\u0119.[\/vc_column_text]<div class=\"btn-align-center\"><a href=\"javascript:void(0);\" class=\"default-btn-shortcode dt-btn dt-btn-l default-btn-bg-on default-btn-bg-hover-on cd-log_reg home cd-signup cta-partner-btn \" id=\"default-btn-715da226624389551beaa43990dc2744\"><span>ZAREJESTRUJ SI\u0118<\/span><\/a><\/div>[\/vc_column][\/vc_row][vc_row css=&#8221;.vc_custom_1565159244306{margin-bottom: 45px !important;padding-bottom: 45px !important;}&#8221;][vc_column]<div id=\"ultimate-heading-787769dc71181eeff\" class=\"uvc-heading ult-adjust-bottom-margin ultimate-heading-787769dc71181eeff uvc-1597 \" data-hspacer=\"no_spacer\"  data-halign=\"center\" style=\"text-align:center\"><div class=\"uvc-heading-spacer no_spacer\" style=\"top\"><\/div><div class=\"uvc-main-heading ult-responsive\"  data-ultimate-target='.uvc-heading.ultimate-heading-787769dc71181eeff h2'  data-responsive-json-new='{\"font-size\":\"\",\"line-height\":\"\"}' ><h2 style=\"font-weight:normal;margin-bottom:20px;\">Wiele sposob\u00f3w na optymalizacj\u0119 konwersji<\/h2><\/div><\/div>[vc_column_text]Aby sprosta\u0107 konkurencji, musisz by\u0107 na bie\u017c\u0105co \u2013 dlatego te\u017c oferujemy wszystkie rodzaje materia\u0142\u00f3w marketingowych, od statycznych po dynamiczne. Wszelkie dost\u0119pne materia\u0142y zawieraj\u0105 linki, kt\u00f3re dok\u0142adnie \u015bledz\u0105 aktywno\u015b\u0107 Twoich os\u00f3b poleconych.[\/vc_column_text][\/vc_column][\/vc_row][vc_row][vc_column][vc_accordion active_tab=&#8221;1&#8243; collapsible=&#8221;yes&#8221; title_size=&#8221;h5&#8243; style=&#8221;2&#8243;][vc_accordion_tab title=&#8221;Dynamiczne banery HTML 5&#8243; el_id=&#8221;marketing-tools-modal&#8221;][vc_row_inner][vc_column_inner width=&#8221;1\/4&#8243;][vc_single_image image=&#8221;5844&#8243; img_size=&#8221;full&#8221; alignment=&#8221;center&#8221; lazy_loading=&#8221;true&#8221;][\/vc_column_inner][vc_column_inner width=&#8221;1\/4&#8243;][vc_single_image image=&#8221;5845&#8243; img_size=&#8221;full&#8221; alignment=&#8221;center&#8221; lazy_loading=&#8221;true&#8221;][\/vc_column_inner][vc_column_inner width=&#8221;1\/4&#8243;][\/vc_column_inner][vc_column_inner width=&#8221;1\/4&#8243;][\/vc_column_inner][\/vc_row_inner][\/vc_accordion_tab][vc_accordion_tab title=&#8221;Logotypy&#8221;][vc_row_inner][vc_column_inner width=&#8221;1\/4&#8243;][vc_single_image image=&#8221;5737&#8243; img_size=&#8221;full&#8221; alignment=&#8221;center&#8221; lazy_loading=&#8221;true&#8221;][\/vc_column_inner][vc_column_inner width=&#8221;1\/4&#8243;][vc_single_image image=&#8221;5738&#8243; img_size=&#8221;full&#8221; alignment=&#8221;center&#8221; lazy_loading=&#8221;true&#8221;][\/vc_column_inner][vc_column_inner width=&#8221;1\/4&#8243;][vc_single_image image=&#8221;5739&#8243; img_size=&#8221;full&#8221; alignment=&#8221;center&#8221; lazy_loading=&#8221;true&#8221;][\/vc_column_inner][vc_column_inner width=&#8221;1\/4&#8243;][\/vc_column_inner][\/vc_row_inner][\/vc_accordion_tab][vc_accordion_tab title=&#8221;Strony docelowe&#8221;][vc_row_inner][vc_column_inner width=&#8221;1\/3&#8243;][vc_single_image image=&#8221;9111&#8243; img_size=&#8221;full&#8221; alignment=&#8221;center&#8221; lazy_loading=&#8221;true&#8221;][\/vc_column_inner][vc_column_inner width=&#8221;1\/3&#8243;][vc_single_image image=&#8221;9093&#8243; img_size=&#8221;full&#8221; alignment=&#8221;center&#8221; lazy_loading=&#8221;true&#8221;][\/vc_column_inner][vc_column_inner width=&#8221;1\/3&#8243;][vc_single_image image=&#8221;9102&#8243; img_size=&#8221;full&#8221; alignment=&#8221;center&#8221; lazy_loading=&#8221;true&#8221;][\/vc_column_inner][\/vc_row_inner][\/vc_accordion_tab][vc_accordion_tab title=&#8221;Filmy&#8221;][vc_row_inner][vc_column_inner][\/vc_column_inner][\/vc_row_inner][\/vc_accordion_tab][vc_accordion_tab title=&#8221;Artyku\u0142y&#8221;][vc_row_inner][vc_column_inner width=&#8221;1\/3&#8243;][vc_single_image image=&#8221;5750&#8243; img_size=&#8221;full&#8221; alignment=&#8221;center&#8221; lazy_loading=&#8221;true&#8221;][\/vc_column_inner][vc_column_inner width=&#8221;1\/3&#8243;][vc_single_image image=&#8221;5849&#8243; img_size=&#8221;full&#8221; alignment=&#8221;center&#8221; lazy_loading=&#8221;true&#8221;][\/vc_column_inner][vc_column_inner width=&#8221;1\/3&#8243;][\/vc_column_inner][\/vc_row_inner][\/vc_accordion_tab][vc_accordion_tab title=&#8221;Recenzje&#8221;][vc_row_inner][vc_column_inner][vc_single_image image=&#8221;5744&#8243; img_size=&#8221;full&#8221; alignment=&#8221;center&#8221; lazy_loading=&#8221;true&#8221;][\/vc_column_inner][\/vc_row_inner][\/vc_accordion_tab][vc_accordion_tab title=&#8221;eBooki&#8221;][vc_row_inner][vc_column_inner width=&#8221;1\/5&#8243;][vc_single_image image=&#8221;5734&#8243; img_size=&#8221;full&#8221; alignment=&#8221;center&#8221; lazy_loading=&#8221;true&#8221;][\/vc_column_inner][vc_column_inner width=&#8221;1\/5&#8243;][vc_single_image image=&#8221;5735&#8243; img_size=&#8221;full&#8221; alignment=&#8221;center&#8221; lazy_loading=&#8221;true&#8221;][\/vc_column_inner][vc_column_inner width=&#8221;1\/5&#8243;][vc_single_image image=&#8221;5736&#8243; img_size=&#8221;full&#8221; alignment=&#8221;center&#8221; lazy_loading=&#8221;true&#8221;][\/vc_column_inner][vc_column_inner width=&#8221;1\/5&#8243;][\/vc_column_inner][vc_column_inner width=&#8221;1\/5&#8243;][\/vc_column_inner][\/vc_row_inner][\/vc_accordion_tab][\/vc_accordion][\/vc_column][\/vc_row]<\/p>\n","protected":false},"excerpt":{"rendered":"<p>[vc_row full_width=&#8221;stretch_row&#8221; bg_type=&#8221;image&#8221; css=&#8221;.vc_custom_1575547675979{margin-top: -80px !important;background-image: url(\/\/easymarketspartners.com\/wp-content\/uploads\/2019\/12\/MarketingToolsHero.png?id=1361) !important;}&#8221; el_id=&#8221;marketing-tools-row&#8221;][vc_column css_animation=&#8221;fadeIn&#8221; width=&#8221;1\/2&#8243; offset=&#8221;vc_col-xs-12&#8243;][vc_column_text] Fachowo opracowane materia\u0142y marketingowe + Niezr\u00f3wnane innowacje tw\u00f3rcze [\/vc_column_text][\/vc_column][vc_column width=&#8221;1\/2&#8243;][vc_single_image image=&#8221;9071&#8243; img_size=&#8221;full&#8221; css_animation=&#8221;slideInRight&#8221; lazy_loading=&#8221;true&#8221;][\/vc_column][\/vc_row][vc_row css=&#8221;.vc_custom_1565159356124{margin-bottom: 45px !important;padding-bottom: 45px !important;}&#8221;][vc_column][vc_column_text css=&#8221;.vc_custom_1667481839435{margin-bottom: 45px !important;}&#8221;]Po zarejestrowaniu si\u0119 w programie partnerskim easyMarkets Forex otrzymasz dost\u0119p do obszernej biblioteki jednych z najlepszych narz\u0119dzi marketingowych w bran\u017cy. Nasz wizualny&hellip;<\/p>\n","protected":false},"author":9,"featured_media":0,"parent":0,"menu_order":0,"comment_status":"closed","ping_status":"closed","template":"","meta":[],"yoast_head":"<!-- This site is optimized with the Yoast SEO plugin v19.6 - https:\/\/yoast.com\/wordpress\/plugins\/seo\/ -->\n<title>Narz\u0119dzia marketingu afiliacyjnego Forex | Partnerzy easyMarkets<\/title>\n<meta name=\"description\" content=\"Poznaj narz\u0119dzia marketingowe dost\u0119pne w programie easyMarkets Affiliates. Zdob\u0105d\u017a najlepsze materia\u0142y marketingowe, kt\u00f3re pomog\u0105 Ci zmaksymalizowa\u0107 konwersj\u0119.\" \/>\n<meta name=\"robots\" content=\"index, follow, max-snippet:-1, max-image-preview:large, max-video-preview:-1\" \/>\n<link rel=\"canonical\" href=\"https:\/\/easymarketspartners.com\/pl\/marketing-tools\/\" \/>\n<meta property=\"og:locale\" content=\"pl_PL\" \/>\n<meta property=\"og:type\" content=\"article\" \/>\n<meta property=\"og:title\" content=\"Narz\u0119dzia marketingu afiliacyjnego Forex | Partnerzy easyMarkets\" \/>\n<meta property=\"og:description\" content=\"Poznaj narz\u0119dzia marketingowe dost\u0119pne w programie easyMarkets Affiliates. Zdob\u0105d\u017a najlepsze materia\u0142y marketingowe, kt\u00f3re pomog\u0105 Ci zmaksymalizowa\u0107 konwersj\u0119.\" \/>\n<meta property=\"og:url\" content=\"https:\/\/easymarketspartners.com\/pl\/marketing-tools\/\" \/>\n<meta property=\"og:site_name\" content=\"easyMarkets Partners\" \/>\n<meta property=\"article:modified_time\" content=\"2025-12-30T07:22:09+00:00\" \/>\n<meta name=\"twitter:card\" content=\"summary_large_image\" \/>\n<meta name=\"twitter:label1\" content=\"Est. reading time\" \/>\n\t<meta name=\"twitter:data1\" content=\"1 minute\" \/>\n<script type=\"application\/ld+json\" class=\"yoast-schema-graph\">{\"@context\":\"https:\/\/schema.org\",\"@graph\":[{\"@type\":\"WebPage\",\"@id\":\"https:\/\/easymarketspartners.com\/pl\/marketing-tools\/\",\"url\":\"https:\/\/easymarketspartners.com\/pl\/marketing-tools\/\",\"name\":\"Narz\u0119dzia marketingu afiliacyjnego Forex | Partnerzy easyMarkets\",\"isPartOf\":{\"@id\":\"https:\/\/easymarketspartners.com\/#website\"},\"datePublished\":\"2016-06-07T22:05:40+00:00\",\"dateModified\":\"2025-12-30T07:22:09+00:00\",\"description\":\"Poznaj narz\u0119dzia marketingowe dost\u0119pne w programie easyMarkets Affiliates. Zdob\u0105d\u017a najlepsze materia\u0142y marketingowe, kt\u00f3re pomog\u0105 Ci zmaksymalizowa\u0107 konwersj\u0119.\",\"breadcrumb\":{\"@id\":\"https:\/\/easymarketspartners.com\/pl\/marketing-tools\/#breadcrumb\"},\"inLanguage\":\"pl-PL\",\"potentialAction\":[{\"@type\":\"ReadAction\",\"target\":[\"https:\/\/easymarketspartners.com\/pl\/marketing-tools\/\"]}]},{\"@type\":\"BreadcrumbList\",\"@id\":\"https:\/\/easymarketspartners.com\/pl\/marketing-tools\/#breadcrumb\",\"itemListElement\":[{\"@type\":\"ListItem\",\"position\":1,\"name\":\"Home\",\"item\":\"https:\/\/easymarketspartners.com\/pl\/\"},{\"@type\":\"ListItem\",\"position\":2,\"name\":\"Marketing Tools\"}]},{\"@type\":\"WebSite\",\"@id\":\"https:\/\/easymarketspartners.com\/#website\",\"url\":\"https:\/\/easymarketspartners.com\/\",\"name\":\"easyMarkets Partners\",\"description\":\"Fast Payouts,  Competitive CPA\",\"potentialAction\":[{\"@type\":\"SearchAction\",\"target\":{\"@type\":\"EntryPoint\",\"urlTemplate\":\"https:\/\/easymarketspartners.com\/?s={search_term_string}\"},\"query-input\":\"required name=search_term_string\"}],\"inLanguage\":\"pl-PL\"}]}<\/script>\n<!-- \/ Yoast SEO plugin. -->","yoast_head_json":{"title":"Narz\u0119dzia marketingu afiliacyjnego Forex | Partnerzy easyMarkets","description":"Poznaj narz\u0119dzia marketingowe dost\u0119pne w programie easyMarkets Affiliates. Zdob\u0105d\u017a najlepsze materia\u0142y marketingowe, kt\u00f3re pomog\u0105 Ci zmaksymalizowa\u0107 konwersj\u0119.","robots":{"index":"index","follow":"follow","max-snippet":"max-snippet:-1","max-image-preview":"max-image-preview:large","max-video-preview":"max-video-preview:-1"},"canonical":"https:\/\/easymarketspartners.com\/pl\/marketing-tools\/","og_locale":"pl_PL","og_type":"article","og_title":"Narz\u0119dzia marketingu afiliacyjnego Forex | Partnerzy easyMarkets","og_description":"Poznaj narz\u0119dzia marketingowe dost\u0119pne w programie easyMarkets Affiliates. Zdob\u0105d\u017a najlepsze materia\u0142y marketingowe, kt\u00f3re pomog\u0105 Ci zmaksymalizowa\u0107 konwersj\u0119.","og_url":"https:\/\/easymarketspartners.com\/pl\/marketing-tools\/","og_site_name":"easyMarkets Partners","article_modified_time":"2025-12-30T07:22:09+00:00","twitter_card":"summary_large_image","twitter_misc":{"Est. reading time":"1 minute"},"schema":{"@context":"https:\/\/schema.org","@graph":[{"@type":"WebPage","@id":"https:\/\/easymarketspartners.com\/pl\/marketing-tools\/","url":"https:\/\/easymarketspartners.com\/pl\/marketing-tools\/","name":"Narz\u0119dzia marketingu afiliacyjnego Forex | Partnerzy easyMarkets","isPartOf":{"@id":"https:\/\/easymarketspartners.com\/#website"},"datePublished":"2016-06-07T22:05:40+00:00","dateModified":"2025-12-30T07:22:09+00:00","description":"Poznaj narz\u0119dzia marketingowe dost\u0119pne w programie easyMarkets Affiliates. Zdob\u0105d\u017a najlepsze materia\u0142y marketingowe, kt\u00f3re pomog\u0105 Ci zmaksymalizowa\u0107 konwersj\u0119.","breadcrumb":{"@id":"https:\/\/easymarketspartners.com\/pl\/marketing-tools\/#breadcrumb"},"inLanguage":"pl-PL","potentialAction":[{"@type":"ReadAction","target":["https:\/\/easymarketspartners.com\/pl\/marketing-tools\/"]}]},{"@type":"BreadcrumbList","@id":"https:\/\/easymarketspartners.com\/pl\/marketing-tools\/#breadcrumb","itemListElement":[{"@type":"ListItem","position":1,"name":"Home","item":"https:\/\/easymarketspartners.com\/pl\/"},{"@type":"ListItem","position":2,"name":"Marketing Tools"}]},{"@type":"WebSite","@id":"https:\/\/easymarketspartners.com\/#website","url":"https:\/\/easymarketspartners.com\/","name":"easyMarkets Partners","description":"Fast Payouts,  Competitive CPA","potentialAction":[{"@type":"SearchAction","target":{"@type":"EntryPoint","urlTemplate":"https:\/\/easymarketspartners.com\/?s={search_term_string}"},"query-input":"required name=search_term_string"}],"inLanguage":"pl-PL"}]}},"_links":{"self":[{"href":"https:\/\/easymarketspartners.com\/pl\/wp-json\/wp\/v2\/pages\/5945"}],"collection":[{"href":"https:\/\/easymarketspartners.com\/pl\/wp-json\/wp\/v2\/pages"}],"about":[{"href":"https:\/\/easymarketspartners.com\/pl\/wp-json\/wp\/v2\/types\/page"}],"author":[{"embeddable":true,"href":"https:\/\/easymarketspartners.com\/pl\/wp-json\/wp\/v2\/users\/9"}],"replies":[{"embeddable":true,"href":"https:\/\/easymarketspartners.com\/pl\/wp-json\/wp\/v2\/comments?post=5945"}],"version-history":[{"count":8,"href":"https:\/\/easymarketspartners.com\/pl\/wp-json\/wp\/v2\/pages\/5945\/revisions"}],"predecessor-version":[{"id":9143,"href":"https:\/\/easymarketspartners.com\/pl\/wp-json\/wp\/v2\/pages\/5945\/revisions\/9143"}],"wp:attachment":[{"href":"https:\/\/easymarketspartners.com\/pl\/wp-json\/wp\/v2\/media?parent=5945"}],"curies":[{"name":"wp","href":"https:\/\/api.w.org\/{rel}","templated":true}]}}