{"id":5956,"date":"2019-10-14T13:06:54","date_gmt":"2019-10-14T13:06:54","guid":{"rendered":"https:\/\/easymarketspartners.com\/news\/"},"modified":"2022-11-09T07:57:25","modified_gmt":"2022-11-09T07:57:25","slug":"news","status":"publish","type":"page","link":"https:\/\/easymarketspartners.com\/pl\/news\/","title":{"rendered":"News"},"content":{"rendered":"<p>[vc_row][vc_column][vc_column_text][\/vc_column_text][\/vc_column][\/vc_row]<\/p>\n<p><script><\/script><\/p>\n","protected":false},"excerpt":{"rendered":"<p>[vc_row][vc_column][vc_column_text][\/vc_column_text][\/vc_column][\/vc_row]<\/p>\n","protected":false},"author":9,"featured_media":0,"parent":0,"menu_order":0,"comment_status":"closed","ping_status":"closed","template":"template-blog-list.php","meta":[],"yoast_head":"<!-- This site is optimized with the Yoast SEO plugin v19.6 - https:\/\/yoast.com\/wordpress\/plugins\/seo\/ -->\n<title>Nowo\u015bci dla partner\u00f3w | easyMarkets Partners<\/title>\n<meta name=\"description\" content=\"Otrzymuj najnowsze wiadomo\u015bci i aktualizacje dot. programu partnerskiego easyMarkets.\" \/>\n<meta name=\"robots\" content=\"index, follow, max-snippet:-1, max-image-preview:large, max-video-preview:-1\" \/>\n<link rel=\"canonical\" href=\"https:\/\/easymarketspartners.com\/pl\/news\/\" \/>\n<meta property=\"og:locale\" content=\"pl_PL\" \/>\n<meta property=\"og:type\" content=\"article\" \/>\n<meta property=\"og:title\" content=\"Nowo\u015bci dla partner\u00f3w | easyMarkets Partners\" \/>\n<meta property=\"og:description\" content=\"Otrzymuj najnowsze wiadomo\u015bci i aktualizacje dot. programu partnerskiego easyMarkets.\" \/>\n<meta property=\"og:url\" content=\"https:\/\/easymarketspartners.com\/pl\/news\/\" \/>\n<meta property=\"og:site_name\" content=\"easyMarkets Partners\" \/>\n<meta property=\"article:modified_time\" content=\"2022-11-09T07:57:25+00:00\" \/>\n<meta name=\"twitter:card\" content=\"summary_large_image\" \/>\n<meta name=\"twitter:label1\" content=\"Est. reading time\" \/>\n\t<meta name=\"twitter:data1\" content=\"1 minute\" \/>\n<script type=\"application\/ld+json\" class=\"yoast-schema-graph\">{\"@context\":\"https:\/\/schema.org\",\"@graph\":[{\"@type\":\"WebPage\",\"@id\":\"https:\/\/easymarketspartners.com\/pl\/news\/\",\"url\":\"https:\/\/easymarketspartners.com\/pl\/news\/\",\"name\":\"Nowo\u015bci dla partner\u00f3w | easyMarkets Partners\",\"isPartOf\":{\"@id\":\"https:\/\/easymarketspartners.com\/#website\"},\"datePublished\":\"2019-10-14T13:06:54+00:00\",\"dateModified\":\"2022-11-09T07:57:25+00:00\",\"description\":\"Otrzymuj najnowsze wiadomo\u015bci i aktualizacje dot. programu partnerskiego easyMarkets.\",\"breadcrumb\":{\"@id\":\"https:\/\/easymarketspartners.com\/pl\/news\/#breadcrumb\"},\"inLanguage\":\"pl-PL\",\"potentialAction\":[{\"@type\":\"ReadAction\",\"target\":[\"https:\/\/easymarketspartners.com\/pl\/news\/\"]}]},{\"@type\":\"BreadcrumbList\",\"@id\":\"https:\/\/easymarketspartners.com\/pl\/news\/#breadcrumb\",\"itemListElement\":[{\"@type\":\"ListItem\",\"position\":1,\"name\":\"Home\",\"item\":\"https:\/\/easymarketspartners.com\/pl\/\"},{\"@type\":\"ListItem\",\"position\":2,\"name\":\"News\"}]},{\"@type\":\"WebSite\",\"@id\":\"https:\/\/easymarketspartners.com\/#website\",\"url\":\"https:\/\/easymarketspartners.com\/\",\"name\":\"easyMarkets Partners\",\"description\":\"Fast Payouts,  Competitive CPA\",\"potentialAction\":[{\"@type\":\"SearchAction\",\"target\":{\"@type\":\"EntryPoint\",\"urlTemplate\":\"https:\/\/easymarketspartners.com\/?s={search_term_string}\"},\"query-input\":\"required name=search_term_string\"}],\"inLanguage\":\"pl-PL\"}]}<\/script>\n<!-- \/ Yoast SEO plugin. -->","yoast_head_json":{"title":"Nowo\u015bci dla partner\u00f3w | easyMarkets Partners","description":"Otrzymuj najnowsze wiadomo\u015bci i aktualizacje dot. programu partnerskiego easyMarkets.","robots":{"index":"index","follow":"follow","max-snippet":"max-snippet:-1","max-image-preview":"max-image-preview:large","max-video-preview":"max-video-preview:-1"},"canonical":"https:\/\/easymarketspartners.com\/pl\/news\/","og_locale":"pl_PL","og_type":"article","og_title":"Nowo\u015bci dla partner\u00f3w | easyMarkets Partners","og_description":"Otrzymuj najnowsze wiadomo\u015bci i aktualizacje dot. programu partnerskiego easyMarkets.","og_url":"https:\/\/easymarketspartners.com\/pl\/news\/","og_site_name":"easyMarkets Partners","article_modified_time":"2022-11-09T07:57:25+00:00","twitter_card":"summary_large_image","twitter_misc":{"Est. reading time":"1 minute"},"schema":{"@context":"https:\/\/schema.org","@graph":[{"@type":"WebPage","@id":"https:\/\/easymarketspartners.com\/pl\/news\/","url":"https:\/\/easymarketspartners.com\/pl\/news\/","name":"Nowo\u015bci dla partner\u00f3w | easyMarkets Partners","isPartOf":{"@id":"https:\/\/easymarketspartners.com\/#website"},"datePublished":"2019-10-14T13:06:54+00:00","dateModified":"2022-11-09T07:57:25+00:00","description":"Otrzymuj najnowsze wiadomo\u015bci i aktualizacje dot. programu partnerskiego easyMarkets.","breadcrumb":{"@id":"https:\/\/easymarketspartners.com\/pl\/news\/#breadcrumb"},"inLanguage":"pl-PL","potentialAction":[{"@type":"ReadAction","target":["https:\/\/easymarketspartners.com\/pl\/news\/"]}]},{"@type":"BreadcrumbList","@id":"https:\/\/easymarketspartners.com\/pl\/news\/#breadcrumb","itemListElement":[{"@type":"ListItem","position":1,"name":"Home","item":"https:\/\/easymarketspartners.com\/pl\/"},{"@type":"ListItem","position":2,"name":"News"}]},{"@type":"WebSite","@id":"https:\/\/easymarketspartners.com\/#website","url":"https:\/\/easymarketspartners.com\/","name":"easyMarkets Partners","description":"Fast Payouts,  Competitive CPA","potentialAction":[{"@type":"SearchAction","target":{"@type":"EntryPoint","urlTemplate":"https:\/\/easymarketspartners.com\/?s={search_term_string}"},"query-input":"required name=search_term_string"}],"inLanguage":"pl-PL"}]}},"_links":{"self":[{"href":"https:\/\/easymarketspartners.com\/pl\/wp-json\/wp\/v2\/pages\/5956"}],"collection":[{"href":"https:\/\/easymarketspartners.com\/pl\/wp-json\/wp\/v2\/pages"}],"about":[{"href":"https:\/\/easymarketspartners.com\/pl\/wp-json\/wp\/v2\/types\/page"}],"author":[{"embeddable":true,"href":"https:\/\/easymarketspartners.com\/pl\/wp-json\/wp\/v2\/users\/9"}],"replies":[{"embeddable":true,"href":"https:\/\/easymarketspartners.com\/pl\/wp-json\/wp\/v2\/comments?post=5956"}],"version-history":[{"count":1,"href":"https:\/\/easymarketspartners.com\/pl\/wp-json\/wp\/v2\/pages\/5956\/revisions"}],"predecessor-version":[{"id":5993,"href":"https:\/\/easymarketspartners.com\/pl\/wp-json\/wp\/v2\/pages\/5956\/revisions\/5993"}],"wp:attachment":[{"href":"https:\/\/easymarketspartners.com\/pl\/wp-json\/wp\/v2\/media?parent=5956"}],"curies":[{"name":"wp","href":"https:\/\/api.w.org\/{rel}","templated":true}]}}