{"id":5964,"date":"2019-05-10T07:04:31","date_gmt":"2019-05-10T07:04:31","guid":{"rendered":"https:\/\/easymarketspartners.com\/programs\/"},"modified":"2024-01-23T14:53:19","modified_gmt":"2024-01-23T14:53:19","slug":"programs","status":"publish","type":"page","link":"https:\/\/easymarketspartners.com\/pl\/programs\/","title":{"rendered":"Programs"},"content":{"rendered":"<p>[vc_row full_width=&#8221;stretch_row&#8221; bg_type=&#8221;bg_color&#8221; css=&#8221;.vc_custom_1704955942193{margin-bottom: 0px !important;padding-top: 45px !important;padding-bottom: 45px !important;}&#8221; bg_color_value=&#8221;#f2f7f9&#8243;][vc_column width=&#8221;2\/3&#8243; css=&#8221;.vc_custom_1704955563512{padding-top: 0px !important;padding-bottom: 0px !important;}&#8221;][vc_column_text css=&#8221;.vc_custom_1705652561708{margin-bottom: 0px !important;}&#8221;]<\/p>\n<p style=\"text-align: left;\">Partnerzy IB easyMarkets <span style=\"color: #80c061;\"><strong>otrzymuj\u0105 jedne z najwy\u017cszych prowizji w bran\u017cy<\/strong><\/span>. Dedykowany Mened\u017cer Konta IB jest zawsze dost\u0119pny, aby pom\u00f3c Ci zmaksymalizowa\u0107 Tw\u00f3j kana\u0142 przychod\u00f3w. Nasz wysoki poziom obs\u0142ugi klienta oraz wyj\u0105tkowe narz\u0119dzia i warunki zapewniaj\u0105 wysoki wsp\u00f3\u0142czynnik konwersji.<\/p>\n<p>[\/vc_column_text][\/vc_column][vc_column width=&#8221;1\/3&#8243; css=&#8221;.vc_custom_1704955656673{padding-top: 0px !important;padding-bottom: 0px !important;}&#8221;]<div class=\"btn-align-center\"><a href=\"javascript:void(0);\" class=\"default-btn-shortcode dt-btn dt-btn-l default-btn-bg-on default-btn-bg-hover-on cd-log_reg home cd-signup cta-partner-btn  vc_custom_1705652567474\" id=\"default-btn-11d943fd3c4f558ba2c9cac6ba784ecc\"><span>ZAREJESTRUJ SI\u0118<\/span><\/a><\/div>[\/vc_column][\/vc_row][vc_row link=&#8221;url:http%3A%2F%2Fthe7.io%2Fpsy%2Fcontact%2F|||&#8221; smooth_scroll=&#8221;n&#8221; el_class=&#8221;cta-partner-btn&#8221; size=&#8221;big&#8221; font_size=&#8221;14px&#8221; button_padding=&#8221;12px 18px 12px 18px&#8221; border_width=&#8221;0px&#8221; border_radius=&#8221;1px&#8221; btn_decoration=&#8221;none&#8221; btn_width=&#8221;btn_auto_width&#8221; custom_btn_width=&#8221;200&#8243; button_alignment=&#8221;btn_center&#8221; animation=&#8221;&#8221; default_btn_bg=&#8221;y&#8221; default_btn_bg_color=&#8221;&#8221; default_btn_bg_hover=&#8221;y&#8221; bg_hover_color=&#8221;#075c8f&#8221; default_btn_border_color=&#8221;&#8221; default_btn_border_hover_color=&#8221;#075c8f&#8221; text_color=&#8221;&#8221; text_hover_color=&#8221;&#8221; icon_picker=&#8221;&#8221; icon_align=&#8221;left&#8221; css=&#8221;.vc_custom_1704956477817{margin-top: 40px !important;margin-bottom: 40px !important;padding-top: 0px !important;padding-bottom: 0px !important;}&#8221;][vc_column css=&#8221;.vc_custom_1704956033130{padding-top: 0px !important;padding-bottom: 0px !important;}&#8221;][vc_column_text]<\/p>\n<h2><strong><span style=\"color: #83c661;\">IB<\/span> <span style=\"color: #0a6292;\">easyMarkets<\/span><\/strong><\/h2>\n<p>Brokerzy Wprowadzaj\u0105cy (Introducing Brokers, IB) koncentruj\u0105 si\u0119 na bezpo\u015brednich interakcjach z klientami, organizuj\u0105c seminaria, przygotowuj\u0105c prezentacje i bior\u0105c udzia\u0142 w wydarzeniach bran\u017cowych. Program IB charakteryzuje si\u0119 bardzo konkurencyjnym planem wynagrodze\u0144 ze wzgl\u0119du na wysoki poziom wyp\u0142at i niski pr\u00f3g wyp\u0142aty. IB na og\u00f3\u0142 maj\u0105 osobisty kontakt z poleconymi przez siebie klientami.[\/vc_column_text][vc_row_inner][vc_column_inner width=&#8221;1\/2&#8243;][vc_column_text]<\/p>\n<div class=\"why-partners-list\"><img loading=\"lazy\" class=\"alignnone wp-image-1195\" src=\"https:\/\/easymarketspartners.com\/wp-content\/uploads\/2019\/10\/NegativeBalanceProtectionTick.png\" alt=\"NegativeBalanceProtectionTick\" width=\"19\" height=\"19\" \/> Szybkie i bezproblemowe wyp\u0142aty<\/div>\n<div class=\"why-partners-list why-partners-list__withsublist\"><img loading=\"lazy\" class=\"alignnone wp-image-1195\" src=\"https:\/\/easymarketspartners.com\/wp-content\/uploads\/2019\/10\/NegativeBalanceProtectionTick.png\" alt=\"NegativeBalanceProtectionTick\" width=\"19\" height=\"19\" \/> PW\u0142asna platforma IB<\/div>\n<div class=\"why-partners-sublist\">\n<ul class=\"green-bullet-points\" style=\"list-style: none;\">\n<li>\u015aled\u017a swoj\u0105 aktywno\u015b\u0107<\/li>\n<li>Monitoruj swoich poleconych<\/li>\n<li>Uzyskaj dost\u0119p do aktualnych materia\u0142\u00f3w marketingowych<\/li>\n<\/ul>\n<\/div>\n<div class=\"why-partners-list\"><img loading=\"lazy\" class=\"alignnone wp-image-1195\" src=\"https:\/\/easymarketspartners.com\/wp-content\/uploads\/2019\/10\/NegativeBalanceProtectionTick.png\" alt=\"NegativeBalanceProtectionTick\" width=\"19\" height=\"19\" \/> Dedykowany Mened\u017cer Konta IB<\/div>\n<p>[\/vc_column_text][\/vc_column_inner][vc_column_inner width=&#8221;1\/2&#8243;][vc_column_text]<\/p>\n<div class=\"why-partners-list\"><img loading=\"lazy\" class=\"alignnone wp-image-1195\" src=\"https:\/\/easymarketspartners.com\/wp-content\/uploads\/2019\/10\/NegativeBalanceProtectionTick.png\" alt=\"NegativeBalanceProtectionTick\" width=\"19\" height=\"19\" \/> Wysoko oceniane do\u015bwiadczenie klienta, co pomaga Twoim poleconym pozosta\u0107 z nami<\/div>\n<div class=\"why-partners-list\"><img loading=\"lazy\" class=\"alignnone wp-image-1195\" src=\"https:\/\/easymarketspartners.com\/wp-content\/uploads\/2019\/10\/NegativeBalanceProtectionTick.png\" alt=\"NegativeBalanceProtectionTick\" width=\"19\" height=\"19\" \/> Niezwykle prosta, dwuetapowa rejestracja klienta, minimalizuj\u0105ca wska\u017anik rezygnacji<\/div>\n<p>[\/vc_column_text][\/vc_column_inner][\/vc_row_inner][vc_column_text css=&#8221;.vc_custom_1705652698131{margin-bottom: 0px !important;}&#8221;]Nasze programy partnerskie dzia\u0142aj\u0105 nieprzerwanie od momentu za\u0142o\u017cenia firmy w 2001 roku. Wci\u0105\u017c wsp\u00f3\u0142pracuj\u0105 z nami partnerzy, kt\u00f3rzy do\u0142\u0105czyli do nas ju\u017c na samym pocz\u0105tku. Wynika to z tego, \u017ce rozumiemy i wspieramy sukces naszych IB.[\/vc_column_text][vc_raw_html css=&#8221;.vc_custom_1706021595007{padding-top: 40px !important;}&#8221;]JTNDZGl2JTIwc3R5bGUlM0QlMjJtYXJnaW4tdG9wJTNBMmVtJTNCJTIyJTNFJTBBJTIwJTIwJTNDaDIlMjBjbGFzcyUzRCUyMnRhYmxlLXRpdGxlJTIyJTNFUHJvZ3JhbSUyMEJXJTIwJTNDc3BhbiUyMHN0eWxlJTNEJTIyY29sb3IlM0ElMjAlMjM4M0M2NjElM0IlMjIlM0VlYXN5TG95YWx0eSUzQyUyRnNwYW4lM0UlM0MlMkZoMiUzRSUwQSUzQ2RpdiUyMGNsYXNzJTNEJTIydGFibGUtd3JhcHBlciUyMiUzRSUwQSUyMCUyMCUzQ3RhYmxlJTIwJTNFJTBBJTIwJTIwJTIwJTIwJTNDdGhlYWQlMjBzdHlsZSUzRCUyMnRleHQtYWxpZ24lM0FjZW50ZXIlM0IlMjIlMjAlM0UlMEElMjAlMjAlMjAlMjAlMjAlMjAlM0N0ciUzRSUwQSUyMCUyMCUyMCUyMCUyMCUyMCUyMCUyMCUzQ3RoJTIwc3R5bGUlM0QlMjJib3JkZXItdG9wLWxlZnQtcmFkaXVzJTNBMjRweCUzQiUyMiUzRSUwQSUyMCUyMCUyMCUyMCUyMCUyMCUyMCUyMCUyMCUyME1pbmltYWxuYSUyMGxpY3piYSUyMGtsaWVudCVDMyVCM3clM0MlMkZ0aCUzRSUwQSUyMCUyMCUyMCUyMCUyMCUyMCUyMCUyMCUzQ3RoJTNFTWluaW1hbG5hJTIwa3dvdGElMjB3cCVDNSU4MmF0eSUzQyUyRnRoJTNFJTBBJTIwJTIwJTIwJTIwJTIwJTIwJTIwJTIwJTNDdGglM0VMaW1pdCUyMGN6YXNvd3klMjAlMjhtaWVzLiUyOSUzQyUyRnRoJTNFJTBBJTIwJTIwJTIwJTIwJTIwJTIwJTIwJTIwJTNDdGglM0VDYSVDNSU4Mmtvd2l0YSUyMGt3b3RhJTNDJTJGdGglM0UlMEElMjAlMjAlMjAlMjAlMjAlMjAlMjAlMjAlM0N0aCUyMHN0eWxlJTNEJTIyYm9yZGVyLXRvcC1yaWdodC1yYWRpdXMlM0EyNHB4JTNCJTIyJTNFTmFncm9kYSUzQyUyRnRoJTNFJTBBJTIwJTIwJTIwJTIwJTIwJTIwJTNDJTJGdHIlM0UlMEElMjAlMjAlMjAlMjAlM0MlMkZ0aGVhZCUzRSUwQSUyMCUyMCUyMCUyMCUzQ3Rib2R5JTNFJTBBJTIwJTIwJTIwJTIwJTIwJTIwJTNDdHIlM0UlMEElMjAlMjAlMjAlMjAlMjAlMjAlMjAlMjAlM0N0ZCUzRTUlM0MlMkZ0ZCUzRSUwQSUyMCUyMCUyMCUyMCUyMCUyMCUyMCUyMCUzQ3RkJTNFMTAwJTIwVVNEJTIwemElMjBGVEQlM0MlMkZ0ZCUzRSUwQSUyMCUyMCUyMCUyMCUyMCUyMCUyMCUyMCUzQ3RkJTNFMyUyMG1pZXNpJUM0JTg1Y2UlM0MlMkZ0ZCUzRSUwQSUyMCUyMCUyMCUyMCUyMCUyMCUyMCUyMCUzQ3RkJTNFMTBNJTIwJTI4NTAlMjBsb3QlQzMlQjN3JTI5JTNDJTJGdGQlM0UlMEElMjAlMjAlMjAlMjAlMjAlMjAlMjAlMjAlM0N0ZCUzRSUyNDEwMCUzQyUyRnRkJTNFJTBBJTBBJTIwJTIwJTIwJTIwJTIwJTIwJTNDJTJGdHIlM0UlMEElMjAlMjAlMjAlMjAlMjAlMjAlM0N0ciUzRSUwQSUyMCUyMCUyMCUyMCUyMCUyMCUyMCUyMCUzQ3RkJTNFMTAlM0MlMkZ0ZCUzRSUwQSUyMCUyMCUyMCUyMCUyMCUyMCUyMCUyMCUzQ3RkJTNFMTAwJTIwVVNEJTIwemElMjBGVEQlM0MlMkZ0ZCUzRSUwQSUyMCUyMCUyMCUyMCUyMCUyMCUyMCUyMCUzQ3RkJTNFMyUyMG1pZXNpJUM0JTg1Y2UlM0MlMkZ0ZCUzRSUwQSUyMCUyMCUyMCUyMCUyMCUyMCUyMCUyMCUzQ3RkJTNFNDBNJTIwJTI4MjAwJTIwbG90JUMzJUIzdyUyOSUzQyUyRnRkJTNFJTBBJTIwJTIwJTIwJTIwJTIwJTIwJTIwJTIwJTNDdGQlM0UlMjQ1MDAlM0MlMkZ0ZCUzRSUwQSUwQSUyMCUyMCUyMCUyMCUyMCUyMCUzQyUyRnRyJTNFJTBBJTIwJTIwJTIwJTIwJTIwJTIwJTNDdHIlM0UlMEElMjAlMjAlMjAlMjAlMjAlMjAlMjAlMjAlM0N0ZCUzRTE1JTNDJTJGdGQlM0UlMEElMjAlMjAlMjAlMjAlMjAlMjAlMjAlMjAlM0N0ZCUzRTEwMCUyMFVTRCUyMHphJTIwRlREJTNDJTJGdGQlM0UlMEElMjAlMjAlMjAlMjAlMjAlMjAlMjAlMjAlM0N0ZCUzRTMlMjBtaWVzaSVDNCU4NWNlJTNDJTJGdGQlM0UlMEElMjAlMjAlMjAlMjAlMjAlMjAlMjAlMjAlM0N0ZCUzRTgwTSUyMCUyODQwMCUyMGxvdCVDMyVCM3clMjklM0MlMkZ0ZCUzRSUwQSUyMCUyMCUyMCUyMCUyMCUyMCUyMCUyMCUzQ3RkJTNFJTI0MSUyQzAwMCUzQyUyRnRkJTNFJTBBJTBBJTIwJTIwJTIwJTIwJTIwJTIwJTNDJTJGdHIlM0UlMEElMjAlMjAlMjAlMjAlMjAlMjAlM0N0ciUzRSUwQSUyMCUyMCUyMCUyMCUyMCUyMCUyMCUyMCUzQ3RkJTIwc3R5bGUlM0QlMjJib3JkZXItYm90dG9tLWxlZnQtcmFkaXVzJTNBMjRweCUzQiUyMiUzRTIwJTNDJTJGdGQlM0UlMEElMjAlMjAlMjAlMjAlMjAlMjAlMjAlMjAlM0N0ZCUzRTEwMCUyMFVTRCUyMHphJTIwRlREJTNDJTJGdGQlM0UlMEElMjAlMjAlMjAlMjAlMjAlMjAlMjAlMjAlM0N0ZCUzRTMlMjBtaWVzaSVDNCU4NWNlJTNDJTJGdGQlM0UlMEElMjAlMjAlMjAlMjAlMjAlMjAlMjAlMjAlM0N0ZCUzRTE2ME0lMjAlMjg4MDAlMjBsb3QlQzMlQjN3JTI5JTNDJTJGdGQlM0UlMEElMjAlMjAlMjAlMjAlMjAlMjAlMjAlMjAlM0N0ZCUyMHN0eWxlJTNEJTIyYm9yZGVyLWJvdHRvbS1yaWdodC1yYWRpdXMlM0EyNHB4JTNCJTIyJTNFJTI0MiUyQzAwMCUzQyUyRnRkJTNFJTBBJTBBJTIwJTIwJTIwJTIwJTIwJTIwJTNDJTJGdHIlM0UlMEElMjAlMjAlMjAlMjAlM0MlMkZ0Ym9keSUzRSUwQSUyMCUyMCUzQyUyRnRhYmxlJTNFJTBBJTIwJTIwJTNDJTJGZGl2JTNFJTBBJTIwJTNDYSUyMGhyZWYlM0QlMjJodHRwcyUzQSUyRiUyRmVhc3ltYXJrZXRzcGFydG5lcnMuY29tJTJGd3AtY29udGVudCUyRnVwbG9hZHMlMkYyMDI0JTJGMDElMkYyMDI0MDEwOC1JQnMtTG95YWx0eS1Qcm9nYW1tZS1UQ3MucGRmJTIyJTIwc3R5bGUlM0QlMjJmb250LXdlaWdodCUzQTQwMCUzQmZvbnQtc2l6ZSUzQTEycHglM0IlMjBtYXJnaW4tdG9wJTNBJTIwNDBweCUzQiUyMG1hcmdpbi1sZWZ0JTNBNXB4JTNCJTIwdGV4dC1kZWNvcmF0aW9uJTNBbm9uZSUzQiUyMGNvbG9yJTNBJTIzMDc1YzhmJTIyJTNFJTJBT2Jvd2klQzQlODV6dWplJTIwUmVndWxhbWluJTNDJTJGYSUzRSUwQSUzQyUyRmRpdiUzRQ==[\/vc_raw_html][\/vc_column][\/vc_row][vc_row full_width=&#8221;stretch_row&#8221; bg_type=&#8221;bg_color&#8221; bg_color_value=&#8221;#f2f7f9&#8243; css=&#8221;.vc_custom_1704956901463{margin-bottom: 0px !important;padding-top: 45px !important;padding-bottom: 45px !important;}&#8221;][vc_column css=&#8221;.vc_custom_1704956853936{padding-top: 0px !important;padding-bottom: 0px !important;}&#8221;][vc_column_text]<\/p>\n<h2><strong><span style=\"color: #0a6292;\">Partnerstwo<\/span> <span style=\"color: #83c661;\">z easyMarkets<\/span><\/strong><\/h2>\n<p>Pierwszym i najbardziej oczywistym powodem s\u0105 przychody. Tak, g\u0142\u00f3wnym powodem, dla kt\u00f3rego wi\u0119kszo\u015b\u0107 marketer\u00f3w cyfrowych decyduje si\u0119 zosta\u0107 naszymi partnerami, jest ch\u0119\u0107 uzyskania dochodu.<br \/>\nPartnerstwo z easyMarkets daje Ci wiele mo\u017cliwo\u015bci, aby jak najlepiej dopasowa\u0107 i zoptymalizowa\u0107 Twoje dzia\u0142ania, kana\u0142y i pul\u0119 poleconych.[\/vc_column_text][\/vc_column][\/vc_row][vc_row css=&#8221;.vc_custom_1704956912759{margin-top: 40px !important;}&#8221;][vc_column css=&#8221;.vc_custom_1704957004789{padding-top: 0px !important;padding-bottom: 0px !important;}&#8221;][vc_column_text]<\/p>\n<h2><strong><span style=\"color: #0a6292;\">Stale aktualizowane<\/span> <span style=\"color: #83c661;\">materia\u0142y marketingowe<\/span><\/strong><\/h2>\n<h4><strong style=\"color: #707070;\">Mo\u017cesz pobra\u0107 wszystkie te materia\u0142y i nie tylko.<\/strong><\/h4>\n<p>[\/vc_column_text][\/vc_column][\/vc_row][vc_row][vc_column width=&#8221;1\/6&#8243;][vc_column_text]<\/p>\n<div class=\"why-partners-list\"><img loading=\"lazy\" class=\"alignnone wp-image-1195\" src=\"https:\/\/easymarketspartners.com\/wp-content\/uploads\/2019\/10\/NegativeBalanceProtectionTick.png\" alt=\"NegativeBalanceProtectionTick\" width=\"19\" height=\"19\" \/> PDF-y<\/div>\n<div class=\"why-partners-list why-partners-list__withsublist\"><img loading=\"lazy\" class=\"alignnone wp-image-1195\" src=\"https:\/\/easymarketspartners.com\/wp-content\/uploads\/2019\/10\/NegativeBalanceProtectionTick.png\" alt=\"NegativeBalanceProtectionTick\" width=\"19\" height=\"19\" \/> HTML 5<\/div>\n<p>[\/vc_column_text][\/vc_column][vc_column width=&#8221;1\/4&#8243;][vc_column_text]<\/p>\n<div class=\"why-partners-list\"><img loading=\"lazy\" class=\"alignnone wp-image-1195\" src=\"https:\/\/easymarketspartners.com\/wp-content\/uploads\/2019\/10\/NegativeBalanceProtectionTick.png\" alt=\"NegativeBalanceProtectionTick\" width=\"19\" height=\"19\" \/> Banery statyczne<\/div>\n<div class=\"why-partners-list why-partners-list__withsublist\"><img loading=\"lazy\" class=\"alignnone wp-image-1195\" src=\"https:\/\/easymarketspartners.com\/wp-content\/uploads\/2019\/10\/NegativeBalanceProtectionTick.png\" alt=\"NegativeBalanceProtectionTick\" width=\"19\" height=\"19\" \/> Newslettery\/Promocyjne e-maile<\/div>\n<p>[\/vc_column_text][\/vc_column][vc_column width=&#8221;1\/4&#8243;][vc_column_text]<\/p>\n<div class=\"why-partners-list\"><img loading=\"lazy\" class=\"alignnone wp-image-1195\" src=\"https:\/\/easymarketspartners.com\/wp-content\/uploads\/2019\/10\/NegativeBalanceProtectionTick.png\" alt=\"NegativeBalanceProtectionTick\" width=\"19\" height=\"19\" \/> Strony docelowe<\/div>\n<div class=\"why-partners-list why-partners-list__withsublist\"><img loading=\"lazy\" class=\"alignnone wp-image-1195\" src=\"https:\/\/easymarketspartners.com\/wp-content\/uploads\/2019\/10\/NegativeBalanceProtectionTick.png\" alt=\"NegativeBalanceProtectionTick\" width=\"19\" height=\"19\" \/> Filmy edukacyjne i promocyjne<\/div>\n<p>[\/vc_column_text][\/vc_column][vc_column][vc_column_text]Wszystkie nasze materia\u0142y marketingowe s\u0105 dost\u0119pne w wielu j\u0119zykach, aby zapewni\u0107 Ci skuteczn\u0105 komunikacj\u0119 z potencjalnymi klientami w ich ojczystym j\u0119zyku.<\/p>\n<p>[\/vc_column_text][\/vc_column][\/vc_row][vc_row full_width=&#8221;stretch_row&#8221; bg_type=&#8221;bg_color&#8221; bg_color_value=&#8221;#f2f7f9&#8243; el_class=&#8221;programs-wrapper&#8221; css=&#8221;.vc_custom_1703083547710{padding-top: 45px !important;padding-bottom: 45px !important;}&#8221;][vc_column width=&#8221;1\/2&#8243; el_class=&#8221;programs-grey-col-left&#8221;][vc_column_text]<\/p>\n<h2><strong><span style=\"color: #0a6292;\">Innowacyjna i solidna<\/span> <span style=\"color: #83c661;\">platforma partnerska<\/span><\/strong><\/h2>\n<p>&nbsp;<\/p>\n<div>\n<div class=\"why-partners-list\"><img loading=\"lazy\" class=\"alignnone wp-image-1195\" src=\"https:\/\/easymarketspartners.com\/wp-content\/uploads\/2019\/10\/NegativeBalanceProtectionTick.png\" alt=\"NegativeBalanceProtectionTick\" width=\"19\" height=\"19\" \/> Analityka i \u015bledzenie kampanii<\/div>\n<div class=\"why-partners-list why-partners-list__withsublist\">\n<p><img loading=\"lazy\" class=\"alignnone wp-image-1195\" src=\"https:\/\/easymarketspartners.com\/wp-content\/uploads\/2019\/10\/NegativeBalanceProtectionTick.png\" alt=\"NegativeBalanceProtectionTick\" width=\"19\" height=\"19\" \/> \u0141atwe tworzenie kampanii i \u015bledzenie finans\u00f3w<\/div>\n<\/div>\n<p>[\/vc_column_text][\/vc_column][vc_column width=&#8221;1\/2&#8243;][vc_single_image image=&#8221;5767&#8243; img_size=&#8221;360&#215;235&#8243; css_animation=&#8221;slideInRight&#8221; lazy_loading=&#8221;true&#8221; el_class=&#8221;programs-img&#8221; css=&#8221;.vc_custom_1703085449967{padding-top: 55px !important;padding-left: 45px !important;}&#8221;][\/vc_column][\/vc_row]<\/p>\n","protected":false},"excerpt":{"rendered":"<p>[vc_row full_width=&#8221;stretch_row&#8221; bg_type=&#8221;bg_color&#8221; css=&#8221;.vc_custom_1704955942193{margin-bottom: 0px !important;padding-top: 45px !important;padding-bottom: 45px !important;}&#8221; bg_color_value=&#8221;#f2f7f9&#8243;][vc_column width=&#8221;2\/3&#8243; css=&#8221;.vc_custom_1704955563512{padding-top: 0px !important;padding-bottom: 0px !important;}&#8221;][vc_column_text css=&#8221;.vc_custom_1705652561708{margin-bottom: 0px !important;}&#8221;] Partnerzy IB easyMarkets otrzymuj\u0105 jedne z najwy\u017cszych prowizji w bran\u017cy. Dedykowany Mened\u017cer Konta IB jest zawsze dost\u0119pny, aby pom\u00f3c Ci zmaksymalizowa\u0107 Tw\u00f3j kana\u0142 przychod\u00f3w. Nasz wysoki poziom obs\u0142ugi klienta oraz wyj\u0105tkowe narz\u0119dzia i warunki zapewniaj\u0105&hellip;<\/p>\n","protected":false},"author":9,"featured_media":0,"parent":0,"menu_order":0,"comment_status":"closed","ping_status":"open","template":"","meta":[],"yoast_head":"<!-- This site is optimized with the Yoast SEO plugin v19.6 - https:\/\/yoast.com\/wordpress\/plugins\/seo\/ -->\n<title>Programy partnerskie Forex | Broker wprowadzaj\u0105cy | Partnerzy easyMarkets<\/title>\n<meta name=\"description\" content=\"Poznaj starannie opracowane programy w ramach programu partnerskiego easyMarkets. Partnerzy easyMarkets i brokerzy wprowadzaj\u0105cy easyMarkets.\" \/>\n<meta name=\"robots\" content=\"index, follow, max-snippet:-1, max-image-preview:large, max-video-preview:-1\" \/>\n<link rel=\"canonical\" href=\"https:\/\/easymarketspartners.com\/pl\/programs\/\" \/>\n<meta property=\"og:locale\" content=\"pl_PL\" \/>\n<meta property=\"og:type\" content=\"article\" \/>\n<meta property=\"og:title\" content=\"Programy partnerskie Forex | Broker wprowadzaj\u0105cy | Partnerzy easyMarkets\" \/>\n<meta property=\"og:description\" content=\"Poznaj starannie opracowane programy w ramach programu partnerskiego easyMarkets. Partnerzy easyMarkets i brokerzy wprowadzaj\u0105cy easyMarkets.\" \/>\n<meta property=\"og:url\" content=\"https:\/\/easymarketspartners.com\/pl\/programs\/\" \/>\n<meta property=\"og:site_name\" content=\"easyMarkets Partners\" \/>\n<meta property=\"article:modified_time\" content=\"2024-01-23T14:53:19+00:00\" \/>\n<meta property=\"og:image\" content=\"https:\/\/easymarketspartners.com\/wp-content\/uploads\/2019\/10\/NegativeBalanceProtectionTick.png\" \/>\n<meta name=\"twitter:card\" content=\"summary_large_image\" \/>\n<meta name=\"twitter:label1\" content=\"Est. reading time\" \/>\n\t<meta name=\"twitter:data1\" content=\"5 minutes\" \/>\n<script type=\"application\/ld+json\" class=\"yoast-schema-graph\">{\"@context\":\"https:\/\/schema.org\",\"@graph\":[{\"@type\":\"WebPage\",\"@id\":\"https:\/\/easymarketspartners.com\/pl\/programs\/\",\"url\":\"https:\/\/easymarketspartners.com\/pl\/programs\/\",\"name\":\"Programy partnerskie Forex | Broker wprowadzaj\u0105cy | Partnerzy easyMarkets\",\"isPartOf\":{\"@id\":\"https:\/\/easymarketspartners.com\/#website\"},\"datePublished\":\"2019-05-10T07:04:31+00:00\",\"dateModified\":\"2024-01-23T14:53:19+00:00\",\"description\":\"Poznaj starannie opracowane programy w ramach programu partnerskiego easyMarkets. Partnerzy easyMarkets i brokerzy wprowadzaj\u0105cy easyMarkets.\",\"breadcrumb\":{\"@id\":\"https:\/\/easymarketspartners.com\/pl\/programs\/#breadcrumb\"},\"inLanguage\":\"pl-PL\",\"potentialAction\":[{\"@type\":\"ReadAction\",\"target\":[\"https:\/\/easymarketspartners.com\/pl\/programs\/\"]}]},{\"@type\":\"BreadcrumbList\",\"@id\":\"https:\/\/easymarketspartners.com\/pl\/programs\/#breadcrumb\",\"itemListElement\":[{\"@type\":\"ListItem\",\"position\":1,\"name\":\"Home\",\"item\":\"https:\/\/easymarketspartners.com\/pl\/\"},{\"@type\":\"ListItem\",\"position\":2,\"name\":\"Programs\"}]},{\"@type\":\"WebSite\",\"@id\":\"https:\/\/easymarketspartners.com\/#website\",\"url\":\"https:\/\/easymarketspartners.com\/\",\"name\":\"easyMarkets Partners\",\"description\":\"Fast Payouts,  Competitive CPA\",\"potentialAction\":[{\"@type\":\"SearchAction\",\"target\":{\"@type\":\"EntryPoint\",\"urlTemplate\":\"https:\/\/easymarketspartners.com\/?s={search_term_string}\"},\"query-input\":\"required name=search_term_string\"}],\"inLanguage\":\"pl-PL\"}]}<\/script>\n<!-- \/ Yoast SEO plugin. -->","yoast_head_json":{"title":"Programy partnerskie Forex | Broker wprowadzaj\u0105cy | Partnerzy easyMarkets","description":"Poznaj starannie opracowane programy w ramach programu partnerskiego easyMarkets. Partnerzy easyMarkets i brokerzy wprowadzaj\u0105cy easyMarkets.","robots":{"index":"index","follow":"follow","max-snippet":"max-snippet:-1","max-image-preview":"max-image-preview:large","max-video-preview":"max-video-preview:-1"},"canonical":"https:\/\/easymarketspartners.com\/pl\/programs\/","og_locale":"pl_PL","og_type":"article","og_title":"Programy partnerskie Forex | Broker wprowadzaj\u0105cy | Partnerzy easyMarkets","og_description":"Poznaj starannie opracowane programy w ramach programu partnerskiego easyMarkets. Partnerzy easyMarkets i brokerzy wprowadzaj\u0105cy easyMarkets.","og_url":"https:\/\/easymarketspartners.com\/pl\/programs\/","og_site_name":"easyMarkets Partners","article_modified_time":"2024-01-23T14:53:19+00:00","og_image":[{"url":"https:\/\/easymarketspartners.com\/wp-content\/uploads\/2019\/10\/NegativeBalanceProtectionTick.png"}],"twitter_card":"summary_large_image","twitter_misc":{"Est. reading time":"5 minutes"},"schema":{"@context":"https:\/\/schema.org","@graph":[{"@type":"WebPage","@id":"https:\/\/easymarketspartners.com\/pl\/programs\/","url":"https:\/\/easymarketspartners.com\/pl\/programs\/","name":"Programy partnerskie Forex | Broker wprowadzaj\u0105cy | Partnerzy easyMarkets","isPartOf":{"@id":"https:\/\/easymarketspartners.com\/#website"},"datePublished":"2019-05-10T07:04:31+00:00","dateModified":"2024-01-23T14:53:19+00:00","description":"Poznaj starannie opracowane programy w ramach programu partnerskiego easyMarkets. Partnerzy easyMarkets i brokerzy wprowadzaj\u0105cy easyMarkets.","breadcrumb":{"@id":"https:\/\/easymarketspartners.com\/pl\/programs\/#breadcrumb"},"inLanguage":"pl-PL","potentialAction":[{"@type":"ReadAction","target":["https:\/\/easymarketspartners.com\/pl\/programs\/"]}]},{"@type":"BreadcrumbList","@id":"https:\/\/easymarketspartners.com\/pl\/programs\/#breadcrumb","itemListElement":[{"@type":"ListItem","position":1,"name":"Home","item":"https:\/\/easymarketspartners.com\/pl\/"},{"@type":"ListItem","position":2,"name":"Programs"}]},{"@type":"WebSite","@id":"https:\/\/easymarketspartners.com\/#website","url":"https:\/\/easymarketspartners.com\/","name":"easyMarkets Partners","description":"Fast Payouts,  Competitive CPA","potentialAction":[{"@type":"SearchAction","target":{"@type":"EntryPoint","urlTemplate":"https:\/\/easymarketspartners.com\/?s={search_term_string}"},"query-input":"required name=search_term_string"}],"inLanguage":"pl-PL"}]}},"_links":{"self":[{"href":"https:\/\/easymarketspartners.com\/pl\/wp-json\/wp\/v2\/pages\/5964"}],"collection":[{"href":"https:\/\/easymarketspartners.com\/pl\/wp-json\/wp\/v2\/pages"}],"about":[{"href":"https:\/\/easymarketspartners.com\/pl\/wp-json\/wp\/v2\/types\/page"}],"author":[{"embeddable":true,"href":"https:\/\/easymarketspartners.com\/pl\/wp-json\/wp\/v2\/users\/9"}],"replies":[{"embeddable":true,"href":"https:\/\/easymarketspartners.com\/pl\/wp-json\/wp\/v2\/comments?post=5964"}],"version-history":[{"count":11,"href":"https:\/\/easymarketspartners.com\/pl\/wp-json\/wp\/v2\/pages\/5964\/revisions"}],"predecessor-version":[{"id":7359,"href":"https:\/\/easymarketspartners.com\/pl\/wp-json\/wp\/v2\/pages\/5964\/revisions\/7359"}],"wp:attachment":[{"href":"https:\/\/easymarketspartners.com\/pl\/wp-json\/wp\/v2\/media?parent=5964"}],"curies":[{"name":"wp","href":"https:\/\/api.w.org\/{rel}","templated":true}]}}