{"id":4163,"date":"2016-06-07T22:05:40","date_gmt":"2016-06-07T22:05:40","guid":{"rendered":"https:\/\/easymarketspartners.com\/marketing-tools\/"},"modified":"2025-12-30T07:22:32","modified_gmt":"2025-12-30T07:22:32","slug":"marketing-tools","status":"publish","type":"page","link":"https:\/\/easymarketspartners.com\/pt-br\/marketing-tools\/","title":{"rendered":"Marketing Tools"},"content":{"rendered":"<p>[vc_row full_width=&#8221;stretch_row&#8221; bg_type=&#8221;image&#8221; css=&#8221;.vc_custom_1575547675979{margin-top: -80px !important;background-image: url(\/\/easymarketspartners.com\/wp-content\/uploads\/2019\/12\/MarketingToolsHero.png?id=1361) !important;}&#8221; el_id=&#8221;marketing-tools-row&#8221;][vc_column css_animation=&#8221;fadeIn&#8221; width=&#8221;1\/2&#8243; offset=&#8221;vc_col-xs-12&#8243;][vc_column_text]<\/p>\n<div class=\"marketing-tools-title-wrap\">\n<h1 class=\"marketing-tools-txt-title fancy-title entry-title start-animation-done start-animation\">Materiais de Marketing Criados por Especialistas<\/h1>\n<h2 class=\"marketing-tools-txt-subtitle fancy-subtitle start-animation-done start-animation\">+ Inova\u00e7\u00e3o Criativa Incompar\u00e1vel<\/h2>\n<\/div>\n<p>[\/vc_column_text][\/vc_column][vc_column width=&#8221;1\/2&#8243;][vc_single_image image=&#8221;9072&#8243; img_size=&#8221;full&#8221; css_animation=&#8221;slideInRight&#8221; lazy_loading=&#8221;true&#8221;][\/vc_column][\/vc_row][vc_row css=&#8221;.vc_custom_1565159356124{margin-bottom: 45px !important;padding-bottom: 45px !important;}&#8221;][vc_column][vc_column_text css=&#8221;.vc_custom_1665992251133{margin-bottom: 45px !important;}&#8221;]Depois de se inscrever no <a href=\"\/programs\/\">programa de afiliados da easyMarkets<\/a>, voc\u00ea ter\u00e1 acesso a uma extensa biblioteca de algumas das melhores ferramentas de marketing do setor. Nosso mundo visual exige mensagens e imagens empolgantes e ousadas, para ajud\u00e1-lo a maximizar a convers\u00e3o.[\/vc_column_text]<div class=\"btn-align-center\"><a href=\"javascript:void(0);\" class=\"default-btn-shortcode dt-btn dt-btn-l default-btn-bg-on default-btn-bg-hover-on cd-log_reg home cd-signup cta-partner-btn \" id=\"default-btn-715da226624389551beaa43990dc2744\"><span>INSCREVER-SE<\/span><\/a><\/div>[\/vc_column][\/vc_row][vc_row css=&#8221;.vc_custom_1565159244306{margin-bottom: 45px !important;padding-bottom: 45px !important;}&#8221;][vc_column]<div id=\"ultimate-heading-547569dc572bb11f5\" class=\"uvc-heading ult-adjust-bottom-margin ultimate-heading-547569dc572bb11f5 uvc-7173 \" data-hspacer=\"no_spacer\"  data-halign=\"center\" style=\"text-align:center\"><div class=\"uvc-heading-spacer no_spacer\" style=\"top\"><\/div><div class=\"uvc-main-heading ult-responsive\"  data-ultimate-target='.uvc-heading.ultimate-heading-547569dc572bb11f5 h2'  data-responsive-json-new='{\"font-size\":\"\",\"line-height\":\"\"}' ><h2 style=\"font-weight:normal;margin-bottom:20px;\">V\u00e1rias maneiras de otimizar a convers\u00e3o<\/h2><\/div><\/div>[vc_column_text]Para ser competitivo, voc\u00ea precisa estar atualizado \u2013 \u00e9 por isso que cobrimos todos os tipos de materiais de marketing, de est\u00e1ticos a din\u00e2micos. Todos os materiais dispon\u00edveis para voc\u00ea apresentam links que rastreiam com precis\u00e3o a atividade de suas refer\u00eancias.[\/vc_column_text][\/vc_column][\/vc_row][vc_row][vc_column][vc_accordion active_tab=&#8221;1&#8243; collapsible=&#8221;yes&#8221; title_size=&#8221;h5&#8243; style=&#8221;2&#8243;][vc_accordion_tab title=&#8221;Banners HTML 5 din\u00e2micos&#8221; el_id=&#8221;marketing-tools-modal&#8221;][vc_row_inner][vc_column_inner width=&#8221;1\/4&#8243;][vc_single_image image=&#8221;5446&#8243; img_size=&#8221;full&#8221; alignment=&#8221;center&#8221; lazy_loading=&#8221;true&#8221;][\/vc_column_inner][vc_column_inner width=&#8221;1\/4&#8243;][vc_single_image image=&#8221;5448&#8243; img_size=&#8221;full&#8221; alignment=&#8221;center&#8221; lazy_loading=&#8221;true&#8221;][\/vc_column_inner][vc_column_inner width=&#8221;1\/4&#8243;][\/vc_column_inner][vc_column_inner width=&#8221;1\/4&#8243;][\/vc_column_inner][\/vc_row_inner][\/vc_accordion_tab][vc_accordion_tab title=&#8221;Logos&#8221;][vc_row_inner][vc_column_inner width=&#8221;1\/4&#8243;][vc_single_image image=&#8221;5095&#8243; img_size=&#8221;full&#8221; alignment=&#8221;center&#8221; lazy_loading=&#8221;true&#8221;][\/vc_column_inner][vc_column_inner width=&#8221;1\/4&#8243;][vc_single_image image=&#8221;5099&#8243; img_size=&#8221;full&#8221; alignment=&#8221;center&#8221; lazy_loading=&#8221;true&#8221;][\/vc_column_inner][vc_column_inner width=&#8221;1\/4&#8243;][vc_single_image image=&#8221;5103&#8243; img_size=&#8221;full&#8221; alignment=&#8221;center&#8221; lazy_loading=&#8221;true&#8221;][\/vc_column_inner][vc_column_inner width=&#8221;1\/4&#8243;][\/vc_column_inner][\/vc_row_inner][\/vc_accordion_tab][vc_accordion_tab title=&#8221;Landing Pages&#8221;][vc_row_inner][vc_column_inner width=&#8221;1\/3&#8243;][vc_single_image image=&#8221;9112&#8243; img_size=&#8221;full&#8221; alignment=&#8221;center&#8221; lazy_loading=&#8221;true&#8221;][\/vc_column_inner][vc_column_inner width=&#8221;1\/3&#8243;][vc_single_image image=&#8221;9094&#8243; img_size=&#8221;full&#8221; alignment=&#8221;center&#8221; lazy_loading=&#8221;true&#8221;][\/vc_column_inner][vc_column_inner width=&#8221;1\/3&#8243;][vc_single_image image=&#8221;9103&#8243; img_size=&#8221;full&#8221; alignment=&#8221;center&#8221; lazy_loading=&#8221;true&#8221;][\/vc_column_inner][\/vc_row_inner][\/vc_accordion_tab][vc_accordion_tab title=&#8221;Videos&#8221;][vc_row_inner][vc_column_inner][\/vc_column_inner][\/vc_row_inner][\/vc_accordion_tab][vc_accordion_tab title=&#8221;Artigos&#8221;][vc_row_inner][vc_column_inner width=&#8221;1\/3&#8243;][vc_single_image image=&#8221;5140&#8243; img_size=&#8221;full&#8221; alignment=&#8221;center&#8221; lazy_loading=&#8221;true&#8221;][\/vc_column_inner][vc_column_inner width=&#8221;1\/3&#8243;][vc_single_image image=&#8221;5456&#8243; img_size=&#8221;full&#8221; alignment=&#8221;center&#8221; lazy_loading=&#8221;true&#8221;][\/vc_column_inner][vc_column_inner width=&#8221;1\/3&#8243;][\/vc_column_inner][\/vc_row_inner][\/vc_accordion_tab][vc_accordion_tab title=&#8221;Avalia\u00e7\u00f5es&#8221;][vc_row_inner][vc_column_inner][vc_single_image image=&#8221;5119&#8243; img_size=&#8221;full&#8221; alignment=&#8221;center&#8221; lazy_loading=&#8221;true&#8221;][\/vc_column_inner][\/vc_row_inner][\/vc_accordion_tab][vc_accordion_tab title=&#8221;e-books&#8221;][vc_row_inner][vc_column_inner width=&#8221;1\/5&#8243;][vc_single_image image=&#8221;5084&#8243; img_size=&#8221;full&#8221; alignment=&#8221;center&#8221; lazy_loading=&#8221;true&#8221;][\/vc_column_inner][vc_column_inner width=&#8221;1\/5&#8243;][vc_single_image image=&#8221;5088&#8243; img_size=&#8221;full&#8221; alignment=&#8221;center&#8221; lazy_loading=&#8221;true&#8221;][\/vc_column_inner][vc_column_inner width=&#8221;1\/5&#8243;][vc_single_image image=&#8221;5092&#8243; img_size=&#8221;full&#8221; alignment=&#8221;center&#8221; lazy_loading=&#8221;true&#8221;][\/vc_column_inner][vc_column_inner width=&#8221;1\/5&#8243;][\/vc_column_inner][vc_column_inner width=&#8221;1\/5&#8243;][\/vc_column_inner][\/vc_row_inner][\/vc_accordion_tab][\/vc_accordion][\/vc_column][\/vc_row]<\/p>\n","protected":false},"excerpt":{"rendered":"<p>[vc_row full_width=&#8221;stretch_row&#8221; bg_type=&#8221;image&#8221; css=&#8221;.vc_custom_1575547675979{margin-top: -80px !important;background-image: url(\/\/easymarketspartners.com\/wp-content\/uploads\/2019\/12\/MarketingToolsHero.png?id=1361) !important;}&#8221; el_id=&#8221;marketing-tools-row&#8221;][vc_column css_animation=&#8221;fadeIn&#8221; width=&#8221;1\/2&#8243; offset=&#8221;vc_col-xs-12&#8243;][vc_column_text] Materiais de Marketing Criados por Especialistas + Inova\u00e7\u00e3o Criativa Incompar\u00e1vel [\/vc_column_text][\/vc_column][vc_column width=&#8221;1\/2&#8243;][vc_single_image image=&#8221;9072&#8243; img_size=&#8221;full&#8221; css_animation=&#8221;slideInRight&#8221; lazy_loading=&#8221;true&#8221;][\/vc_column][\/vc_row][vc_row css=&#8221;.vc_custom_1565159356124{margin-bottom: 45px !important;padding-bottom: 45px !important;}&#8221;][vc_column][vc_column_text css=&#8221;.vc_custom_1665992251133{margin-bottom: 45px !important;}&#8221;]Depois de se inscrever no programa de afiliados da easyMarkets, voc\u00ea ter\u00e1 acesso a uma extensa biblioteca de algumas das&hellip;<\/p>\n","protected":false},"author":9,"featured_media":0,"parent":0,"menu_order":0,"comment_status":"closed","ping_status":"closed","template":"","meta":[],"yoast_head":"<!-- This site is optimized with the Yoast SEO plugin v19.6 - https:\/\/yoast.com\/wordpress\/plugins\/seo\/ -->\n<title>Ferramentas de marketing de afiliados forex | easyMarkets Partners<\/title>\n<meta name=\"description\" content=\"Conhe\u00e7a as ferramentas de marketing dispon\u00edveis para afiliados easyMarkets. Obtenha os melhores materiais de marketing para ajud\u00e1-lo a maximizar suas convers\u00f5es.\" \/>\n<meta name=\"robots\" content=\"index, follow, max-snippet:-1, max-image-preview:large, max-video-preview:-1\" \/>\n<link rel=\"canonical\" href=\"https:\/\/easymarketspartners.com\/pt-br\/marketing-tools\/\" \/>\n<meta property=\"og:locale\" content=\"pt_BR\" \/>\n<meta property=\"og:type\" content=\"article\" \/>\n<meta property=\"og:title\" content=\"Ferramentas de marketing de afiliados forex | easyMarkets Partners\" \/>\n<meta property=\"og:description\" content=\"Conhe\u00e7a as ferramentas de marketing dispon\u00edveis para afiliados easyMarkets. Obtenha os melhores materiais de marketing para ajud\u00e1-lo a maximizar suas convers\u00f5es.\" \/>\n<meta property=\"og:url\" content=\"https:\/\/easymarketspartners.com\/pt-br\/marketing-tools\/\" \/>\n<meta property=\"og:site_name\" content=\"easyMarkets Partners\" \/>\n<meta property=\"article:modified_time\" content=\"2025-12-30T07:22:32+00:00\" \/>\n<meta name=\"twitter:card\" content=\"summary_large_image\" \/>\n<meta name=\"twitter:label1\" content=\"Est. reading time\" \/>\n\t<meta name=\"twitter:data1\" content=\"2 minutes\" \/>\n<script type=\"application\/ld+json\" class=\"yoast-schema-graph\">{\"@context\":\"https:\/\/schema.org\",\"@graph\":[{\"@type\":\"WebPage\",\"@id\":\"https:\/\/easymarketspartners.com\/pt-br\/marketing-tools\/\",\"url\":\"https:\/\/easymarketspartners.com\/pt-br\/marketing-tools\/\",\"name\":\"Ferramentas de marketing de afiliados forex | easyMarkets Partners\",\"isPartOf\":{\"@id\":\"https:\/\/easymarketspartners.com\/#website\"},\"datePublished\":\"2016-06-07T22:05:40+00:00\",\"dateModified\":\"2025-12-30T07:22:32+00:00\",\"description\":\"Conhe\u00e7a as ferramentas de marketing dispon\u00edveis para afiliados easyMarkets. Obtenha os melhores materiais de marketing para ajud\u00e1-lo a maximizar suas convers\u00f5es.\",\"breadcrumb\":{\"@id\":\"https:\/\/easymarketspartners.com\/pt-br\/marketing-tools\/#breadcrumb\"},\"inLanguage\":\"pt-BR\",\"potentialAction\":[{\"@type\":\"ReadAction\",\"target\":[\"https:\/\/easymarketspartners.com\/pt-br\/marketing-tools\/\"]}]},{\"@type\":\"BreadcrumbList\",\"@id\":\"https:\/\/easymarketspartners.com\/pt-br\/marketing-tools\/#breadcrumb\",\"itemListElement\":[{\"@type\":\"ListItem\",\"position\":1,\"name\":\"Home\",\"item\":\"https:\/\/easymarketspartners.com\/pt-br\/\"},{\"@type\":\"ListItem\",\"position\":2,\"name\":\"Marketing Tools\"}]},{\"@type\":\"WebSite\",\"@id\":\"https:\/\/easymarketspartners.com\/#website\",\"url\":\"https:\/\/easymarketspartners.com\/\",\"name\":\"easyMarkets Partners\",\"description\":\"Fast Payouts,  Competitive CPA\",\"potentialAction\":[{\"@type\":\"SearchAction\",\"target\":{\"@type\":\"EntryPoint\",\"urlTemplate\":\"https:\/\/easymarketspartners.com\/?s={search_term_string}\"},\"query-input\":\"required name=search_term_string\"}],\"inLanguage\":\"pt-BR\"}]}<\/script>\n<!-- \/ Yoast SEO plugin. -->","yoast_head_json":{"title":"Ferramentas de marketing de afiliados forex | easyMarkets Partners","description":"Conhe\u00e7a as ferramentas de marketing dispon\u00edveis para afiliados easyMarkets. Obtenha os melhores materiais de marketing para ajud\u00e1-lo a maximizar suas convers\u00f5es.","robots":{"index":"index","follow":"follow","max-snippet":"max-snippet:-1","max-image-preview":"max-image-preview:large","max-video-preview":"max-video-preview:-1"},"canonical":"https:\/\/easymarketspartners.com\/pt-br\/marketing-tools\/","og_locale":"pt_BR","og_type":"article","og_title":"Ferramentas de marketing de afiliados forex | easyMarkets Partners","og_description":"Conhe\u00e7a as ferramentas de marketing dispon\u00edveis para afiliados easyMarkets. Obtenha os melhores materiais de marketing para ajud\u00e1-lo a maximizar suas convers\u00f5es.","og_url":"https:\/\/easymarketspartners.com\/pt-br\/marketing-tools\/","og_site_name":"easyMarkets Partners","article_modified_time":"2025-12-30T07:22:32+00:00","twitter_card":"summary_large_image","twitter_misc":{"Est. reading time":"2 minutes"},"schema":{"@context":"https:\/\/schema.org","@graph":[{"@type":"WebPage","@id":"https:\/\/easymarketspartners.com\/pt-br\/marketing-tools\/","url":"https:\/\/easymarketspartners.com\/pt-br\/marketing-tools\/","name":"Ferramentas de marketing de afiliados forex | easyMarkets Partners","isPartOf":{"@id":"https:\/\/easymarketspartners.com\/#website"},"datePublished":"2016-06-07T22:05:40+00:00","dateModified":"2025-12-30T07:22:32+00:00","description":"Conhe\u00e7a as ferramentas de marketing dispon\u00edveis para afiliados easyMarkets. Obtenha os melhores materiais de marketing para ajud\u00e1-lo a maximizar suas convers\u00f5es.","breadcrumb":{"@id":"https:\/\/easymarketspartners.com\/pt-br\/marketing-tools\/#breadcrumb"},"inLanguage":"pt-BR","potentialAction":[{"@type":"ReadAction","target":["https:\/\/easymarketspartners.com\/pt-br\/marketing-tools\/"]}]},{"@type":"BreadcrumbList","@id":"https:\/\/easymarketspartners.com\/pt-br\/marketing-tools\/#breadcrumb","itemListElement":[{"@type":"ListItem","position":1,"name":"Home","item":"https:\/\/easymarketspartners.com\/pt-br\/"},{"@type":"ListItem","position":2,"name":"Marketing Tools"}]},{"@type":"WebSite","@id":"https:\/\/easymarketspartners.com\/#website","url":"https:\/\/easymarketspartners.com\/","name":"easyMarkets Partners","description":"Fast Payouts,  Competitive CPA","potentialAction":[{"@type":"SearchAction","target":{"@type":"EntryPoint","urlTemplate":"https:\/\/easymarketspartners.com\/?s={search_term_string}"},"query-input":"required name=search_term_string"}],"inLanguage":"pt-BR"}]}},"_links":{"self":[{"href":"https:\/\/easymarketspartners.com\/pt-br\/wp-json\/wp\/v2\/pages\/4163"}],"collection":[{"href":"https:\/\/easymarketspartners.com\/pt-br\/wp-json\/wp\/v2\/pages"}],"about":[{"href":"https:\/\/easymarketspartners.com\/pt-br\/wp-json\/wp\/v2\/types\/page"}],"author":[{"embeddable":true,"href":"https:\/\/easymarketspartners.com\/pt-br\/wp-json\/wp\/v2\/users\/9"}],"replies":[{"embeddable":true,"href":"https:\/\/easymarketspartners.com\/pt-br\/wp-json\/wp\/v2\/comments?post=4163"}],"version-history":[{"count":9,"href":"https:\/\/easymarketspartners.com\/pt-br\/wp-json\/wp\/v2\/pages\/4163\/revisions"}],"predecessor-version":[{"id":9144,"href":"https:\/\/easymarketspartners.com\/pt-br\/wp-json\/wp\/v2\/pages\/4163\/revisions\/9144"}],"wp:attachment":[{"href":"https:\/\/easymarketspartners.com\/pt-br\/wp-json\/wp\/v2\/media?parent=4163"}],"curies":[{"name":"wp","href":"https:\/\/api.w.org\/{rel}","templated":true}]}}