{"id":4170,"date":"2019-05-10T07:04:31","date_gmt":"2019-05-10T07:04:31","guid":{"rendered":"https:\/\/easymarketspartners.com\/programs\/"},"modified":"2024-01-23T14:52:21","modified_gmt":"2024-01-23T14:52:21","slug":"programs","status":"publish","type":"page","link":"https:\/\/easymarketspartners.com\/pt-br\/programs\/","title":{"rendered":"Programs"},"content":{"rendered":"<p>[vc_row full_width=&#8221;stretch_row&#8221; bg_type=&#8221;bg_color&#8221; css=&#8221;.vc_custom_1704955942193{margin-bottom: 0px !important;padding-top: 45px !important;padding-bottom: 45px !important;}&#8221; bg_color_value=&#8221;#f2f7f9&#8243;][vc_column width=&#8221;2\/3&#8243; css=&#8221;.vc_custom_1704955563512{padding-top: 0px !important;padding-bottom: 0px !important;}&#8221;][vc_column_text css=&#8221;.vc_custom_1705650358161{margin-bottom: 0px !important;}&#8221;]<\/p>\n<div class=\"wpb_text_column wpb_content_element vc_custom_1667813825760\">\n<div class=\"wpb_wrapper\">\n<div class=\"wpb_text_column wpb_content_element vc_custom_1578906608650\">\n<div class=\"wpb_wrapper\">\n<div class=\"wpb_text_column wpb_content_element vc_custom_1667898503841\">\n<div class=\"wpb_wrapper\">\n<p>Os IBs da easyMarkets recebem algumas das\u00a0<span style=\"color: #84c561;\"><strong>comiss\u00f5es mais altas do setor<\/strong><\/span>. Um gerente de contas IB dedicado est\u00e1 sempre dispon\u00edvel para ajud\u00e1-lo a maximizar suas comiss\u00f5es. Nosso alto n\u00edvel de suporte ao cliente e ferramentas e condi\u00e7\u00f5es excepcionais garantem uma alta taxa de convers\u00e3o.<\/div>\n<\/div>\n<\/div>\n<\/div>\n<\/div>\n<\/div>\n<p>[\/vc_column_text][\/vc_column][vc_column width=&#8221;1\/3&#8243; css=&#8221;.vc_custom_1704955656673{padding-top: 0px !important;padding-bottom: 0px !important;}&#8221;]<div class=\"btn-align-center\"><a href=\"javascript:void(0);\" class=\"default-btn-shortcode dt-btn dt-btn-l default-btn-bg-on default-btn-bg-hover-on cd-log_reg home cd-signup cta-partner-btn  vc_custom_1705650370080\" id=\"default-btn-8f16d828270187e3c91b4a731723dda1\"><span>INSCREVER-SE<\/span><\/a><\/div>[\/vc_column][\/vc_row][vc_row link=&#8221;url:http%3A%2F%2Fthe7.io%2Fpsy%2Fcontact%2F|||&#8221; smooth_scroll=&#8221;n&#8221; el_class=&#8221;cta-partner-btn&#8221; size=&#8221;big&#8221; font_size=&#8221;14px&#8221; button_padding=&#8221;12px 18px 12px 18px&#8221; border_width=&#8221;0px&#8221; border_radius=&#8221;1px&#8221; btn_decoration=&#8221;none&#8221; btn_width=&#8221;btn_auto_width&#8221; custom_btn_width=&#8221;200&#8243; button_alignment=&#8221;btn_center&#8221; animation=&#8221;&#8221; default_btn_bg=&#8221;y&#8221; default_btn_bg_color=&#8221;&#8221; default_btn_bg_hover=&#8221;y&#8221; bg_hover_color=&#8221;#075c8f&#8221; default_btn_border_color=&#8221;&#8221; default_btn_border_hover_color=&#8221;#075c8f&#8221; text_color=&#8221;&#8221; text_hover_color=&#8221;&#8221; icon_picker=&#8221;&#8221; icon_align=&#8221;left&#8221; css=&#8221;.vc_custom_1704956477817{margin-top: 40px !important;margin-bottom: 40px !important;padding-top: 0px !important;padding-bottom: 0px !important;}&#8221;][vc_column css=&#8221;.vc_custom_1704956033130{padding-top: 0px !important;padding-bottom: 0px !important;}&#8221;][vc_column_text]<\/p>\n<h2><strong><span style=\"color: #83c661;\"><span style=\"color: #0a6292;\">easyMarkets<\/span>\u00a0IB<\/span><\/strong><\/h2>\n<p style=\"text-align: left;\">IBs (introducing broker) est\u00e3o focados em intera\u00e7\u00f5es face a face com seus clientes, realizando semin\u00e1rios, organizando apresenta\u00e7\u00f5es e visitando eventos do setor. O programa IB apresenta um plano de compensa\u00e7\u00e3o bastante competitivo, devido ao alto n\u00edvel de pagamentos e baixo limite de saque. Um IB em geral tem contato pessoal com os clientes que eles indicam.<\/p>\n<p>[\/vc_column_text][vc_row_inner][vc_column_inner width=&#8221;1\/2&#8243;][vc_column_text]<\/p>\n<div class=\"why-partners-list\"><img loading=\"lazy\" class=\"alignnone wp-image-1195\" src=\"https:\/\/easymarketspartners.com\/wp-content\/uploads\/2019\/10\/NegativeBalanceProtectionTick.png\" alt=\"NegativeBalanceProtectionTick\" width=\"19\" height=\"19\" \/> Retiradas r\u00e1pidas e sem complica\u00e7\u00f5es<\/div>\n<div class=\"why-partners-list why-partners-list__withsublist\"><img loading=\"lazy\" class=\"alignnone wp-image-1195\" src=\"https:\/\/easymarketspartners.com\/wp-content\/uploads\/2019\/10\/NegativeBalanceProtectionTick.png\" alt=\"NegativeBalanceProtectionTick\" width=\"19\" height=\"19\" \/> Plataforma IB propriet\u00e1ria<\/div>\n<div class=\"why-partners-sublist\">\n<ul class=\"green-bullet-points\" style=\"list-style: none;\">\n<li>Acompanhe sua atividade<\/li>\n<li>Monitore suas refer\u00eancias<\/li>\n<li>Acesse materiais de marketing atualizados<\/li>\n<\/ul>\n<\/div>\n<div class=\"why-partners-list\"><img loading=\"lazy\" class=\"alignnone wp-image-1195\" src=\"https:\/\/easymarketspartners.com\/wp-content\/uploads\/2019\/10\/NegativeBalanceProtectionTick.png\" alt=\"NegativeBalanceProtectionTick\" width=\"19\" height=\"19\" \/> Gerente de Contas IB Dedicado<\/div>\n<p>[\/vc_column_text][\/vc_column_inner][vc_column_inner width=&#8221;1\/2&#8243;][vc_column_text]<\/p>\n<div class=\"why-partners-list\"><img loading=\"lazy\" class=\"alignnone wp-image-1195\" src=\"https:\/\/easymarketspartners.com\/wp-content\/uploads\/2019\/10\/NegativeBalanceProtectionTick.png\" alt=\"NegativeBalanceProtectionTick\" width=\"19\" height=\"19\" \/> Experi\u00eancia do cliente altamente avaliada \u2013 o que ajuda suas refer\u00eancias a permanecerem dentro<\/div>\n<div class=\"why-partners-list\"><img loading=\"lazy\" class=\"alignnone wp-image-1195\" src=\"https:\/\/easymarketspartners.com\/wp-content\/uploads\/2019\/10\/NegativeBalanceProtectionTick.png\" alt=\"NegativeBalanceProtectionTick\" width=\"19\" height=\"19\" \/> Inscri\u00e7\u00e3o de cliente em 2 etapas extremamente simples \u2013 minimizando a taxa de desist\u00eancia<\/div>\n<p>[\/vc_column_text][\/vc_column_inner][\/vc_row_inner][vc_column_text css=&#8221;.vc_custom_1705650605000{margin-bottom: 0px !important;}&#8221;]<\/p>\n<p style=\"text-align: left;\">Nossos programas de parceria t\u00eam sido executados ininterruptamente desde nossa funda\u00e7\u00e3o em 2001. Na verdade, ainda temos parceiros trabalhando conosco que se juntaram a n\u00f3s naquela \u00e9poca. Isso porque entendemos e apoiamos o sucesso de nossos IBs.<\/p>\n<p>[\/vc_column_text][vc_raw_html css=&#8221;.vc_custom_1706021536189{padding-top: 40px !important;}&#8221;]JTNDZGl2JTIwc3R5bGUlM0QlMjJtYXJnaW4tdG9wJTNBJTIwMmVtJTIyJTNFJTBBJTIwJTIwJTNDaDIlMjBjbGFzcyUzRCUyMnRhYmxlLXRpdGxlJTIyJTNFJTBBJTIwJTIwJTIwJTIwJTNDc3BhbiUyMHN0eWxlJTNEJTIyY29sb3IlM0ElMjAlMjM4M2M2NjElMjIlM0VQcm9ncmFtYSUyMElCJTNDJTJGc3BhbiUzRSUwQSUyMCUyMCUyMCUyMGVhc3lMb3lhbHR5JTBBJTIwJTIwJTNDJTJGaDIlM0UlMEElMjAlMjAlM0NkaXYlMjBjbGFzcyUzRCUyMnRhYmxlLXdyYXBwZXIlMjIlM0UlMEElMjAlMjAlMjAlMjAlM0N0YWJsZSUzRSUwQSUyMCUyMCUyMCUyMCUyMCUyMCUzQ3RoZWFkJTIwc3R5bGUlM0QlMjJ0ZXh0LWFsaWduJTNBJTIwY2VudGVyJTIyJTNFJTBBJTIwJTIwJTIwJTIwJTIwJTIwJTIwJTIwJTNDdHIlM0UlMEElMjAlMjAlMjAlMjAlMjAlMjAlMjAlMjAlMjAlMjAlM0N0aCUyMHN0eWxlJTNEJTIyYm9yZGVyLXRvcC1sZWZ0LXJhZGl1cyUzQSUyMDI0cHglMjIlM0UlMEElMjAlMjAlMjAlMjAlMjAlMjAlMjAlMjAlMjAlMjAlMjAlMjBRdWFudGlkYWRlJTIwbSVDMyVBRG5pbWElMjBkZSUyMGNsaWVudGVzJTBBJTIwJTIwJTIwJTIwJTIwJTIwJTIwJTIwJTIwJTIwJTNDJTJGdGglM0UlMEElMjAlMjAlMjAlMjAlMjAlMjAlMjAlMjAlMjAlMjAlM0N0aCUzRVZhbG9yJTIwbSVDMyVBRG5pbW8lMjBkZSUyMGRlcCVDMyVCM3NpdG8lM0MlMkZ0aCUzRSUwQSUyMCUyMCUyMCUyMCUyMCUyMCUyMCUyMCUyMCUyMCUzQ3RoJTNFUHJhem8lMjAlMjhtZXNlcyUyOSUzQyUyRnRoJTNFJTBBJTIwJTIwJTIwJTIwJTIwJTIwJTIwJTIwJTIwJTIwJTNDdGglM0VNb250YXRlJTIwVG90YWwlM0MlMkZ0aCUzRSUwQSUyMCUyMCUyMCUyMCUyMCUyMCUyMCUyMCUyMCUyMCUzQ3RoJTIwc3R5bGUlM0QlMjJib3JkZXItdG9wLXJpZ2h0LXJhZGl1cyUzQSUyMDI0cHglMjIlM0VQcmVtaW8lM0MlMkZ0aCUzRSUwQSUyMCUyMCUyMCUyMCUyMCUyMCUyMCUyMCUzQyUyRnRyJTNFJTBBJTIwJTIwJTIwJTIwJTIwJTIwJTNDJTJGdGhlYWQlM0UlMEElMjAlMjAlMjAlMjAlMjAlMjAlM0N0Ym9keSUzRSUwQSUyMCUyMCUyMCUyMCUyMCUyMCUyMCUyMCUzQ3RyJTNFJTBBJTIwJTIwJTIwJTIwJTIwJTIwJTIwJTIwJTIwJTIwJTNDdGQlM0U1JTNDJTJGdGQlM0UlMEElMjAlMjAlMjAlMjAlMjAlMjAlMjAlMjAlMjAlMjAlM0N0ZCUzRSUyNDEwMCUyMHBvciUyMEZURCUzQyUyRnRkJTNFJTBBJTIwJTIwJTIwJTIwJTIwJTIwJTIwJTIwJTIwJTIwJTNDdGQlM0UzJTIwbWllc2klQzQlODVjZSUzQyUyRnRkJTNFJTBBJTIwJTIwJTIwJTIwJTIwJTIwJTIwJTIwJTIwJTIwJTNDdGQlM0UxME0lMjAlMjg1MCUyMGxvdGVzJTI5JTNDJTJGdGQlM0UlMEElMjAlMjAlMjAlMjAlMjAlMjAlMjAlMjAlMjAlMjAlM0N0ZCUzRSUyNDEwMCUzQyUyRnRkJTNFJTBBJTIwJTIwJTIwJTIwJTIwJTIwJTIwJTIwJTNDJTJGdHIlM0UlMEElMjAlMjAlMjAlMjAlMjAlMjAlMjAlMjAlM0N0ciUzRSUwQSUyMCUyMCUyMCUyMCUyMCUyMCUyMCUyMCUyMCUyMCUzQ3RkJTNFMTAlM0MlMkZ0ZCUzRSUwQSUyMCUyMCUyMCUyMCUyMCUyMCUyMCUyMCUyMCUyMCUzQ3RkJTNFJTI0MTAwJTIwcG9yJTIwRlREJTNDJTJGdGQlM0UlMEElMjAlMjAlMjAlMjAlMjAlMjAlMjAlMjAlMjAlMjAlM0N0ZCUzRTMlMjBtaWVzaSVDNCU4NWNlJTNDJTJGdGQlM0UlMEElMjAlMjAlMjAlMjAlMjAlMjAlMjAlMjAlMjAlMjAlM0N0ZCUzRTQwTSUyMCUyODIwMCUyMGxvdGVzJTI5JTNDJTJGdGQlM0UlMEElMjAlMjAlMjAlMjAlMjAlMjAlMjAlMjAlMjAlMjAlM0N0ZCUzRSUyNDUwMCUzQyUyRnRkJTNFJTBBJTIwJTIwJTIwJTIwJTIwJTIwJTIwJTIwJTNDJTJGdHIlM0UlMEElMjAlMjAlMjAlMjAlMjAlMjAlMjAlMjAlM0N0ciUzRSUwQSUyMCUyMCUyMCUyMCUyMCUyMCUyMCUyMCUyMCUyMCUzQ3RkJTNFMTUlM0MlMkZ0ZCUzRSUwQSUyMCUyMCUyMCUyMCUyMCUyMCUyMCUyMCUyMCUyMCUzQ3RkJTNFJTI0MTAwJTIwcG9yJTIwRlREJTNDJTJGdGQlM0UlMEElMjAlMjAlMjAlMjAlMjAlMjAlMjAlMjAlMjAlMjAlM0N0ZCUzRTMlMjBtaWVzaSVDNCU4NWNlJTNDJTJGdGQlM0UlMEElMjAlMjAlMjAlMjAlMjAlMjAlMjAlMjAlMjAlMjAlM0N0ZCUzRTgwTSUyMCUyODQwMCUyMGxvdGVzJTI5JTNDJTJGdGQlM0UlMEElMjAlMjAlMjAlMjAlMjAlMjAlMjAlMjAlMjAlMjAlM0N0ZCUzRSUyNDElMkMwMDAlM0MlMkZ0ZCUzRSUwQSUyMCUyMCUyMCUyMCUyMCUyMCUyMCUyMCUzQyUyRnRyJTNFJTBBJTIwJTIwJTIwJTIwJTIwJTIwJTIwJTIwJTNDdHIlM0UlMEElMjAlMjAlMjAlMjAlMjAlMjAlMjAlMjAlMjAlMjAlM0N0ZCUyMHN0eWxlJTNEJTIyYm9yZGVyLWJvdHRvbS1sZWZ0LXJhZGl1cyUzQSUyMDI0cHglMjIlM0UyMCUzQyUyRnRkJTNFJTBBJTIwJTIwJTIwJTIwJTIwJTIwJTIwJTIwJTIwJTIwJTNDdGQlM0UlMjQxMDAlMjBwb3IlMjBGVEQlM0MlMkZ0ZCUzRSUwQSUyMCUyMCUyMCUyMCUyMCUyMCUyMCUyMCUyMCUyMCUzQ3RkJTNFMyUyMG1pZXNpJUM0JTg1Y2UlM0MlMkZ0ZCUzRSUwQSUyMCUyMCUyMCUyMCUyMCUyMCUyMCUyMCUyMCUyMCUzQ3RkJTNFMTYwTSUyMCUyODgwMCUyMGxvdGVzJTI5JTNDJTJGdGQlM0UlMEElMjAlMjAlMjAlMjAlMjAlMjAlMjAlMjAlMjAlMjAlM0N0ZCUyMHN0eWxlJTNEJTIyYm9yZGVyLWJvdHRvbS1yaWdodC1yYWRpdXMlM0ElMjAyNHB4JTIyJTNFJTI0MiUyQzAwMCUzQyUyRnRkJTNFJTBBJTIwJTIwJTIwJTIwJTIwJTIwJTIwJTIwJTNDJTJGdHIlM0UlMEElMjAlMjAlMjAlMjAlMjAlMjAlM0MlMkZ0Ym9keSUzRSUwQSUyMCUyMCUyMCUyMCUzQyUyRnRhYmxlJTNFJTBBJTIwJTIwJTNDJTJGZGl2JTNFJTBBJTIwJTIwJTNDYSUwQSUyMCUyMCUyMCUyMGhyZWYlM0QlMjJodHRwcyUzQSUyRiUyRmVhc3ltYXJrZXRzcGFydG5lcnMuY29tJTJGd3AtY29udGVudCUyRnVwbG9hZHMlMkYyMDI0JTJGMDElMkYyMDI0MDEwOC1JQnMtTG95YWx0eS1Qcm9nYW1tZS1UQ3MucGRmJTIyJTBBJTIwJTIwJTIwJTIwc3R5bGUlM0QlMjIlMEElMjAlMjAlMjAlMjAlMjAlMjBmb250LXdlaWdodCUzQSUyMDQwMCUzQiUwQSUyMCUyMCUyMCUyMCUyMCUyMGZvbnQtc2l6ZSUzQSUyMDEycHglM0IlMEElMjAlMjAlMjAlMjAlMjAlMjBtYXJnaW4tdG9wJTNBJTIwNDBweCUzQiUwQSUyMCUyMCUyMCUyMCUyMCUyMG1hcmdpbi1sZWZ0JTNBJTIwNXB4JTNCJTBBJTIwJTIwJTIwJTIwJTIwJTIwdGV4dC1kZWNvcmF0aW9uJTNBJTIwbm9uZSUzQiUwQSUyMCUyMCUyMCUyMCUyMCUyMGNvbG9yJTNBJTIwJTIzMDc1YzhmJTNCJTBBJTIwJTIwJTIwJTIwJTIyJTBBJTIwJTIwJTIwJTIwJTNFJTJBQXBsaWNhbS1zZSUyMHRlcm1vcyUyMGUlMjBjb25kaSVDMyVBNyVDMyVCNWVzJTBBJTIwJTIwJTNDJTJGYSUzRSUwQSUzQyUyRmRpdiUzRSUwQQ==[\/vc_raw_html][\/vc_column][\/vc_row][vc_row full_width=&#8221;stretch_row&#8221; bg_type=&#8221;bg_color&#8221; bg_color_value=&#8221;#f2f7f9&#8243; css=&#8221;.vc_custom_1704956901463{margin-bottom: 0px !important;padding-top: 45px !important;padding-bottom: 45px !important;}&#8221;][vc_column css=&#8221;.vc_custom_1704956853936{padding-top: 0px !important;padding-bottom: 0px !important;}&#8221;][vc_column_text]<\/p>\n<h2><strong><span style=\"color: #83c561;\">Afiliado <\/span><span style=\"color: #0a6292;\">easyMarkets<\/span><\/strong><\/h2>\n<p style=\"text-align: left;\">A primeira e mais \u00f3bvia raz\u00e3o \u00e9 a receita. Sim, a principal raz\u00e3o pela qual a maioria dos profissionais de marketing digital decide se tornar um afiliado \u00e9 gerar renda.<br \/>\nTornar-se um parceiro easyMarkets oferece v\u00e1rias op\u00e7\u00f5es para melhor se adequar e otimizar suas atividades, canais e pool de refer\u00eancias.<\/p>\n<p>[\/vc_column_text][\/vc_column][\/vc_row][vc_row css=&#8221;.vc_custom_1704956912759{margin-top: 40px !important;}&#8221;][vc_column css=&#8221;.vc_custom_1704957004789{padding-top: 0px !important;padding-bottom: 0px !important;}&#8221;][vc_column_text]<\/p>\n<h2><strong><span style=\"color: #0a6292;\">Material de marketing<\/span> <span style=\"color: #83c661;\">constantemente atualizado<\/span><\/strong><\/h2>\n<h4><strong style=\"color: #707070;\">Voc\u00ea pode baixar todo esse material e muito mais.<br \/>\n<\/strong><\/h4>\n<p>[\/vc_column_text][\/vc_column][\/vc_row][vc_row][vc_column width=&#8221;1\/6&#8243;][vc_column_text]<\/p>\n<div class=\"why-partners-list\"><img loading=\"lazy\" class=\"alignnone wp-image-1195\" src=\"https:\/\/easymarketspartners.com\/wp-content\/uploads\/2019\/10\/NegativeBalanceProtectionTick.png\" alt=\"NegativeBalanceProtectionTick\" width=\"19\" height=\"19\" \/> PDFs<\/div>\n<div class=\"why-partners-list why-partners-list__withsublist\"><img loading=\"lazy\" class=\"alignnone wp-image-1195\" src=\"https:\/\/easymarketspartners.com\/wp-content\/uploads\/2019\/10\/NegativeBalanceProtectionTick.png\" alt=\"NegativeBalanceProtectionTick\" width=\"19\" height=\"19\" \/> HTML 5<\/div>\n<p>[\/vc_column_text][\/vc_column][vc_column width=&#8221;1\/4&#8243;][vc_column_text]<\/p>\n<div class=\"why-partners-list\"><img loading=\"lazy\" class=\"alignnone wp-image-1195\" src=\"https:\/\/easymarketspartners.com\/wp-content\/uploads\/2019\/10\/NegativeBalanceProtectionTick.png\" alt=\"NegativeBalanceProtectionTick\" width=\"19\" height=\"19\" \/> Banners est\u00e1ticos<\/div>\n<div class=\"why-partners-list why-partners-list__withsublist\"><img loading=\"lazy\" class=\"alignnone wp-image-1195\" src=\"https:\/\/easymarketspartners.com\/wp-content\/uploads\/2019\/10\/NegativeBalanceProtectionTick.png\" alt=\"NegativeBalanceProtectionTick\" width=\"19\" height=\"19\" \/> Boletins informativos\/e-mails promocionais<\/div>\n<p>[\/vc_column_text][\/vc_column][vc_column width=&#8221;1\/4&#8243;][vc_column_text]<\/p>\n<div class=\"why-partners-list\"><img loading=\"lazy\" class=\"alignnone wp-image-1195\" src=\"https:\/\/easymarketspartners.com\/wp-content\/uploads\/2019\/10\/NegativeBalanceProtectionTick.png\" alt=\"NegativeBalanceProtectionTick\" width=\"19\" height=\"19\" \/> P\u00e1ginas de destino<\/div>\n<div class=\"why-partners-list why-partners-list__withsublist\"><img loading=\"lazy\" class=\"alignnone wp-image-1195\" src=\"https:\/\/easymarketspartners.com\/wp-content\/uploads\/2019\/10\/NegativeBalanceProtectionTick.png\" alt=\"NegativeBalanceProtectionTick\" width=\"19\" height=\"19\" \/> V\u00eddeo educacional e promocional<\/div>\n<p>[\/vc_column_text][\/vc_column][vc_column][vc_column_text]<\/p>\n<div style=\"text-align: left;\">Todos os nossos materiais de marketing est\u00e3o dispon\u00edveis em v\u00e1rios idiomas para garantir que voc\u00ea esteja se comunicando efetivamente com seus clientes em potencial em seu pr\u00f3prio idioma nativo.<\/div>\n<p>[\/vc_column_text][\/vc_column][\/vc_row][vc_row full_width=&#8221;stretch_row&#8221; bg_type=&#8221;bg_color&#8221; bg_color_value=&#8221;#f2f7f9&#8243; el_class=&#8221;programs-wrapper&#8221; css=&#8221;.vc_custom_1703083547710{padding-top: 45px !important;padding-bottom: 45px !important;}&#8221;][vc_column width=&#8221;1\/2&#8243; el_class=&#8221;programs-grey-col-left&#8221;][vc_column_text]<\/p>\n<h2><strong><span style=\"color: #0a6292;\"><br \/>\nPlataforma de afiliados <\/span><span style=\"color: #83c661;\">inovadora e poderosa<\/span><\/strong><\/h2>\n<p>&nbsp;<\/p>\n<div>\n<div class=\"why-partners-list\"><img loading=\"lazy\" class=\"alignnone wp-image-1195\" src=\"https:\/\/easymarketspartners.com\/wp-content\/uploads\/2019\/10\/NegativeBalanceProtectionTick.png\" alt=\"NegativeBalanceProtectionTick\" width=\"19\" height=\"19\" \/> An\u00e1lise e rastreamento de campanhas<\/div>\n<div class=\"why-partners-list why-partners-list__withsublist\">\n<p><img loading=\"lazy\" class=\"alignnone wp-image-1195\" src=\"https:\/\/easymarketspartners.com\/wp-content\/uploads\/2019\/10\/NegativeBalanceProtectionTick.png\" alt=\"NegativeBalanceProtectionTick\" width=\"19\" height=\"19\" \/> F\u00e1cil cria\u00e7\u00e3o de campanhas e acompanhamento financeiro<\/div>\n<\/div>\n<p>[\/vc_column_text][\/vc_column][vc_column width=&#8221;1\/2&#8243;][vc_single_image image=&#8221;5212&#8243; img_size=&#8221;360&#215;235&#8243; css_animation=&#8221;slideInRight&#8221; lazy_loading=&#8221;true&#8221; el_class=&#8221;programs-img&#8221; css=&#8221;.vc_custom_1703085449967{padding-top: 55px !important;padding-left: 45px !important;}&#8221;][\/vc_column][\/vc_row]<\/p>\n","protected":false},"excerpt":{"rendered":"<p>[vc_row full_width=&#8221;stretch_row&#8221; bg_type=&#8221;bg_color&#8221; css=&#8221;.vc_custom_1704955942193{margin-bottom: 0px !important;padding-top: 45px !important;padding-bottom: 45px !important;}&#8221; bg_color_value=&#8221;#f2f7f9&#8243;][vc_column width=&#8221;2\/3&#8243; css=&#8221;.vc_custom_1704955563512{padding-top: 0px !important;padding-bottom: 0px !important;}&#8221;][vc_column_text css=&#8221;.vc_custom_1705650358161{margin-bottom: 0px !important;}&#8221;] Os IBs da easyMarkets recebem algumas das\u00a0comiss\u00f5es mais altas do setor. Um gerente de contas IB dedicado est\u00e1 sempre dispon\u00edvel para ajud\u00e1-lo a maximizar suas comiss\u00f5es. Nosso alto n\u00edvel de suporte ao cliente e ferramentas&hellip;<\/p>\n","protected":false},"author":9,"featured_media":0,"parent":0,"menu_order":0,"comment_status":"closed","ping_status":"open","template":"","meta":[],"yoast_head":"<!-- This site is optimized with the Yoast SEO plugin v19.6 - https:\/\/yoast.com\/wordpress\/plugins\/seo\/ -->\n<title>Programas de Afiliados Forex | IB | Parceiro easyMarkets<\/title>\n<meta name=\"description\" content=\"Conhe\u00e7a os programas de parceria dispon\u00edveis na easyMarkets. easyMarkets Affiliados e easyMarkets Introducing Broker.\" \/>\n<meta name=\"robots\" content=\"index, follow, max-snippet:-1, max-image-preview:large, max-video-preview:-1\" \/>\n<link rel=\"canonical\" href=\"https:\/\/easymarketspartners.com\/pt-br\/programs\/\" \/>\n<meta property=\"og:locale\" content=\"pt_BR\" \/>\n<meta property=\"og:type\" content=\"article\" \/>\n<meta property=\"og:title\" content=\"Programas de Afiliados Forex | IB | Parceiro easyMarkets\" \/>\n<meta property=\"og:description\" content=\"Conhe\u00e7a os programas de parceria dispon\u00edveis na easyMarkets. easyMarkets Affiliados e easyMarkets Introducing Broker.\" \/>\n<meta property=\"og:url\" content=\"https:\/\/easymarketspartners.com\/pt-br\/programs\/\" \/>\n<meta property=\"og:site_name\" content=\"easyMarkets Partners\" \/>\n<meta property=\"article:modified_time\" content=\"2024-01-23T14:52:21+00:00\" \/>\n<meta property=\"og:image\" content=\"https:\/\/easymarketspartners.com\/wp-content\/uploads\/2019\/10\/NegativeBalanceProtectionTick.png\" \/>\n<meta name=\"twitter:card\" content=\"summary_large_image\" \/>\n<meta name=\"twitter:label1\" content=\"Est. reading time\" \/>\n\t<meta name=\"twitter:data1\" content=\"5 minutes\" \/>\n<script type=\"application\/ld+json\" class=\"yoast-schema-graph\">{\"@context\":\"https:\/\/schema.org\",\"@graph\":[{\"@type\":\"WebPage\",\"@id\":\"https:\/\/easymarketspartners.com\/pt-br\/programs\/\",\"url\":\"https:\/\/easymarketspartners.com\/pt-br\/programs\/\",\"name\":\"Programas de Afiliados Forex | IB | Parceiro easyMarkets\",\"isPartOf\":{\"@id\":\"https:\/\/easymarketspartners.com\/#website\"},\"datePublished\":\"2019-05-10T07:04:31+00:00\",\"dateModified\":\"2024-01-23T14:52:21+00:00\",\"description\":\"Conhe\u00e7a os programas de parceria dispon\u00edveis na easyMarkets. easyMarkets Affiliados e easyMarkets Introducing Broker.\",\"breadcrumb\":{\"@id\":\"https:\/\/easymarketspartners.com\/pt-br\/programs\/#breadcrumb\"},\"inLanguage\":\"pt-BR\",\"potentialAction\":[{\"@type\":\"ReadAction\",\"target\":[\"https:\/\/easymarketspartners.com\/pt-br\/programs\/\"]}]},{\"@type\":\"BreadcrumbList\",\"@id\":\"https:\/\/easymarketspartners.com\/pt-br\/programs\/#breadcrumb\",\"itemListElement\":[{\"@type\":\"ListItem\",\"position\":1,\"name\":\"Home\",\"item\":\"https:\/\/easymarketspartners.com\/pt-br\/\"},{\"@type\":\"ListItem\",\"position\":2,\"name\":\"Programs\"}]},{\"@type\":\"WebSite\",\"@id\":\"https:\/\/easymarketspartners.com\/#website\",\"url\":\"https:\/\/easymarketspartners.com\/\",\"name\":\"easyMarkets Partners\",\"description\":\"Fast Payouts,  Competitive CPA\",\"potentialAction\":[{\"@type\":\"SearchAction\",\"target\":{\"@type\":\"EntryPoint\",\"urlTemplate\":\"https:\/\/easymarketspartners.com\/?s={search_term_string}\"},\"query-input\":\"required name=search_term_string\"}],\"inLanguage\":\"pt-BR\"}]}<\/script>\n<!-- \/ Yoast SEO plugin. -->","yoast_head_json":{"title":"Programas de Afiliados Forex | IB | Parceiro easyMarkets","description":"Conhe\u00e7a os programas de parceria dispon\u00edveis na easyMarkets. easyMarkets Affiliados e easyMarkets Introducing Broker.","robots":{"index":"index","follow":"follow","max-snippet":"max-snippet:-1","max-image-preview":"max-image-preview:large","max-video-preview":"max-video-preview:-1"},"canonical":"https:\/\/easymarketspartners.com\/pt-br\/programs\/","og_locale":"pt_BR","og_type":"article","og_title":"Programas de Afiliados Forex | IB | Parceiro easyMarkets","og_description":"Conhe\u00e7a os programas de parceria dispon\u00edveis na easyMarkets. easyMarkets Affiliados e easyMarkets Introducing Broker.","og_url":"https:\/\/easymarketspartners.com\/pt-br\/programs\/","og_site_name":"easyMarkets Partners","article_modified_time":"2024-01-23T14:52:21+00:00","og_image":[{"url":"https:\/\/easymarketspartners.com\/wp-content\/uploads\/2019\/10\/NegativeBalanceProtectionTick.png"}],"twitter_card":"summary_large_image","twitter_misc":{"Est. reading time":"5 minutes"},"schema":{"@context":"https:\/\/schema.org","@graph":[{"@type":"WebPage","@id":"https:\/\/easymarketspartners.com\/pt-br\/programs\/","url":"https:\/\/easymarketspartners.com\/pt-br\/programs\/","name":"Programas de Afiliados Forex | IB | Parceiro easyMarkets","isPartOf":{"@id":"https:\/\/easymarketspartners.com\/#website"},"datePublished":"2019-05-10T07:04:31+00:00","dateModified":"2024-01-23T14:52:21+00:00","description":"Conhe\u00e7a os programas de parceria dispon\u00edveis na easyMarkets. easyMarkets Affiliados e easyMarkets Introducing Broker.","breadcrumb":{"@id":"https:\/\/easymarketspartners.com\/pt-br\/programs\/#breadcrumb"},"inLanguage":"pt-BR","potentialAction":[{"@type":"ReadAction","target":["https:\/\/easymarketspartners.com\/pt-br\/programs\/"]}]},{"@type":"BreadcrumbList","@id":"https:\/\/easymarketspartners.com\/pt-br\/programs\/#breadcrumb","itemListElement":[{"@type":"ListItem","position":1,"name":"Home","item":"https:\/\/easymarketspartners.com\/pt-br\/"},{"@type":"ListItem","position":2,"name":"Programs"}]},{"@type":"WebSite","@id":"https:\/\/easymarketspartners.com\/#website","url":"https:\/\/easymarketspartners.com\/","name":"easyMarkets Partners","description":"Fast Payouts,  Competitive CPA","potentialAction":[{"@type":"SearchAction","target":{"@type":"EntryPoint","urlTemplate":"https:\/\/easymarketspartners.com\/?s={search_term_string}"},"query-input":"required name=search_term_string"}],"inLanguage":"pt-BR"}]}},"_links":{"self":[{"href":"https:\/\/easymarketspartners.com\/pt-br\/wp-json\/wp\/v2\/pages\/4170"}],"collection":[{"href":"https:\/\/easymarketspartners.com\/pt-br\/wp-json\/wp\/v2\/pages"}],"about":[{"href":"https:\/\/easymarketspartners.com\/pt-br\/wp-json\/wp\/v2\/types\/page"}],"author":[{"embeddable":true,"href":"https:\/\/easymarketspartners.com\/pt-br\/wp-json\/wp\/v2\/users\/9"}],"replies":[{"embeddable":true,"href":"https:\/\/easymarketspartners.com\/pt-br\/wp-json\/wp\/v2\/comments?post=4170"}],"version-history":[{"count":6,"href":"https:\/\/easymarketspartners.com\/pt-br\/wp-json\/wp\/v2\/pages\/4170\/revisions"}],"predecessor-version":[{"id":7357,"href":"https:\/\/easymarketspartners.com\/pt-br\/wp-json\/wp\/v2\/pages\/4170\/revisions\/7357"}],"wp:attachment":[{"href":"https:\/\/easymarketspartners.com\/pt-br\/wp-json\/wp\/v2\/media?parent=4170"}],"curies":[{"name":"wp","href":"https:\/\/api.w.org\/{rel}","templated":true}]}}